{"id":6963,"date":"2021-06-15T22:03:41","date_gmt":"2021-06-15T21:03:41","guid":{"rendered":"https:\/\/www.cerakote.co.uk\/cerakote-industries\/automotive-copy\/"},"modified":"2023-08-17T07:33:05","modified_gmt":"2023-08-17T07:33:05","slug":"kitchen-and-bath","status":"publish","type":"page","link":"https:\/\/www.cerakotesa.com\/it\/cerakote-industries\/kitchen-and-bath\/","title":{"rendered":"Cerakote \u00e8 la finitura ideale per gli impianti di cucina e bagno | Cerakote nell'industria"},"content":{"rendered":"<section class=\"section\" id=\"section_1599488342\">\n\t\t<div class=\"section-bg fill\" >\n\t\t\t\t\t\t\t\t\t\n\t\t\t\n\n\t\t<\/div>\n\n\t\t\n\n\t\t<div class=\"section-content relative\">\n\t\t\t\n\n<div class=\"row\" style=\"max-width:1170px\" id=\"row-835097619\">\n\n\n\t<div id=\"col-585381885\" class=\"col small-12 large-12\"  >\n\t\t\t\t<div class=\"col-inner\"  >\n\t\t\t\n\t\t\t\n\n\n  <div class=\"banner has-hover\" id=\"banner-1109775550\">\n          <div class=\"banner-inner fill\">\n        <div class=\"banner-bg fill\" >\n            <img loading=\"lazy\" decoding=\"async\" width=\"1020\" height=\"349\" src=\"https:\/\/www.cerakotesa.com\/wp-content\/uploads\/2021\/06\/cerakote_kitchen_and_bath_hero-1024x350.jpg\" class=\"bg attachment-large size-large\" alt=\"Cerakote Cucina e bagno\" \/>                                    \n                    <\/div>\n\t\t\n        <div class=\"banner-layers container\">\n            <div class=\"fill banner-link\"><\/div>            \n\n   <div id=\"text-box-1600453770\" class=\"text-box banner-layer x50 md-x50 lg-x50 y50 md-y50 lg-y50 res-text\">\n                                <div class=\"text-box-content text dark\">\n              \n              <div class=\"text-inner text-center\">\n                  \n\n\t<div id=\"text-4228764421\" class=\"text\">\n\t\t\n\n<div class=\"row h1\">\n<h1><strong>ARREDI PER LA CUCINA E IL BAGNO<\/strong><\/h1>\n<\/div>\n<span style=\"color: #ffffff; font-size: 18px;\">Ampliate e distinguete la vostra offerta di prodotti con colori ceramici che resistono alla prova del tempo<\/span>\n\t\t\n<style>\n#text-4228764421 {\n  color: rgb(255, 255, 255);\n}\n#text-4228764421 > * {\n  color: rgb(255, 255, 255);\n}\n<\/style>\n\t<\/div>\n\t\n\n              <\/div>\n           <\/div>\n                            \n<style>\n#text-box-1600453770 {\n  margin: 1px 0px 0px 0px;\n  width: 60%;\n}\n#text-box-1600453770 .text-box-content {\n  background-color: rgba(0, 0, 0, 0.75);\n  font-size: 100%;\n}\n#text-box-1600453770 .text-inner {\n  padding: 28px 19px 18px 19px;\n}\n<\/style>\n    <\/div>\n \n\n        <\/div>\n      <\/div>\n\n            \n<style>\n#banner-1109775550 {\n  padding-top: 500px;\n}\n<\/style>\n  <\/div>\n\n\n\n\t\t<\/div>\n\t\t\t\t\t<\/div>\n\n\t\n\n<\/div>\n\n\t\t<\/div>\n\n\t\t\n<style>\n#section_1599488342 {\n  padding-top: 0px;\n  padding-bottom: 0px;\n}\n<\/style>\n\t<\/section>\n\t\n\n\t<section class=\"section\" id=\"section_203369518\">\n\t\t<div class=\"section-bg fill\" >\n\t\t\t\t\t\t\t\t\t\n\t\t\t\n\n\t\t<\/div>\n\n\t\t\n\n\t\t<div class=\"section-content relative\">\n\t\t\t\n\n<div class=\"row\" style=\"max-width:1170px\" id=\"row-512259663\">\n\n\n\t<div id=\"col-145372500\" class=\"col small-12 large-12\"  >\n\t\t\t\t<div class=\"col-inner\"  >\n\t\t\t\n\t\t\t\n\n<h2><span style=\"color: #f69422;\">PROPRIET\u00c0 CHE RENDONO IL CERAKOTE IDEALE PER GLI ARREDI DI CUCINA E BAGNO<\/span><\/h2>\n\n\t\t<\/div>\n\t\t\t\t\t<\/div>\n\n\t\n\n\t<div id=\"col-462887866\" class=\"col medium-6 small-12 large-6\"  >\n\t\t\t\t<div class=\"col-inner\"  >\n\t\t\t\n\t\t\t\n\n<ul>\n<li>FINITURA CERAMICA ULTRA RESISTENTE<\/li>\n<li>RESISTENZA INEGUAGLIABILE A TUTTI I DETERGENTI DOMESTICI E COMMERCIALI<\/li>\n<li>ASPETTO E SENSAZIONE DI LUSSO<\/li>\n<li>FINITURA E COLORE UNIFORMI<\/li>\n<\/ul>\n\n\t\t<\/div>\n\t\t\t\t\t<\/div>\n\n\t\n\n\t<div id=\"col-764040119\" class=\"col medium-6 small-12 large-6\"  >\n\t\t\t\t<div class=\"col-inner\"  >\n\t\t\t\n\t\t\t\n\n<ul>\n<li>FINITURA CERAMICA FACILE DA PULIRE E IGIENIZZARE<\/li>\n<li>OLTRE 100 COLORI E FINITURE DI DESIGN<\/li>\n<li>ALTERNATIVA ECOLOGICA ALLA PLACCATURA E AD ALTRI TRATTAMENTI<\/li>\n<li>APPLICAZIONE A BASSO COSTO PER PICCOLI LOTTI O GRANDI TIRATURE<\/li>\n<\/ul>\n\n\t\t<\/div>\n\t\t\t\t\t<\/div>\n\n\t\n\n<\/div>\n\n\t\t<\/div>\n\n\t\t\n<style>\n#section_203369518 {\n  padding-top: 30px;\n  padding-bottom: 30px;\n}\n<\/style>\n\t<\/section>\n\t\n\n\t<section class=\"section\" id=\"section_62469049\">\n\t\t<div class=\"section-bg fill\" >\n\t\t\t\t\t\t\t\t\t\n\t\t\t\n\n\t\t<\/div>\n\n\t\t\n\n\t\t<div class=\"section-content relative\">\n\t\t\t\n\n<div class=\"row\" style=\"max-width:1170px\" id=\"row-181727202\">\n\n\n\t<div id=\"col-362274509\" class=\"col medium-6 small-12 large-6\"  >\n\t\t\t\t<div class=\"col-inner\"  >\n\t\t\t\n\t\t\t\n\n<h2><span style=\"color: #f69422;\">SENZA TEMPO, DUREVOLE, CONVENIENTE E SOSTENIBILE<\/span><\/h2>\n<p>CERAKOTE \u00e8 una finitura ceramica ultraresistente ideale per gli impianti di cucina e bagno. Consente un maggiore potenziale di design senza sacrificare le prestazioni. L'ampia gamma di Cerakote spazia dai bianchi brillanti alle esclusive finiture metalliche, consentendo ai vostri apparecchi di adattarsi perfettamente a qualsiasi stile di design.<\/p>\n<p>CERAKOTE combina le qualit\u00e0 prestazionali che ci si aspetta in un ambiente commerciale con l'aspetto e la sensazione di un design su misura per l'ospitalit\u00e0. \u00c8 impermeabile a quasi tutti i detergenti, pur mantenendo una superficie bella da vedere e da toccare. CERAKOTE \u00e8 in grado di resistere alla prova del tempo, pur rimanendo un elemento di design di spicco.<\/p>\n<p>La bellezza e le prestazioni di CERAKOTE sono solo l'inizio. Il costo e la facilit\u00e0 di applicazione sono in molti casi inferiori alla placcatura e ad altri trattamenti metallici, se si considera il costo totale applicato di questi trattamenti tradizionali. Inoltre, CERAKOTE \u00e8 un'alternativa ecologica a molte di queste opzioni che possono avere un forte impatto sull'ambiente.<\/p>\n<p>Quando le prestazioni, la bellezza, il colore e il costo sono importanti, Finish Strong con Cerakote Ceramics.<\/p>\n\n\t\t<\/div>\n\t\t\t\t\t<\/div>\n\n\t\n\n\t<div id=\"col-1046020616\" class=\"col medium-6 small-12 large-6\"  >\n\t\t\t\t<div class=\"col-inner\"  >\n\t\t\t\n\t\t\t\n\n\t<div class=\"img has-hover x md-x lg-x y md-y lg-y\" id=\"image_1973213964\">\n\t\t\t\t\t\t\t\t<div class=\"img-inner dark\" >\n\t\t\t<img loading=\"lazy\" decoding=\"async\" width=\"530\" height=\"430\" src=\"https:\/\/www.cerakotesa.com\/wp-content\/uploads\/2021\/06\/cerakote_kitchen_and_bath.jpg\" class=\"attachment-large size-large\" alt=\"Cerakote Cucina e bagno\" srcset=\"https:\/\/www.cerakotesa.com\/wp-content\/uploads\/2021\/06\/cerakote_kitchen_and_bath.jpg 530w, https:\/\/www.cerakotesa.com\/wp-content\/uploads\/2021\/06\/cerakote_kitchen_and_bath-247x200.jpg 247w, https:\/\/www.cerakotesa.com\/wp-content\/uploads\/2021\/06\/cerakote_kitchen_and_bath-510x414.jpg 510w, https:\/\/www.cerakotesa.com\/wp-content\/uploads\/2021\/06\/cerakote_kitchen_and_bath-300x243.jpg 300w\" sizes=\"auto, (max-width: 530px) 100vw, 530px\" \/>\t\t\t\t\t\t\n\t\t\t\t\t<\/div>\n\t\t\t\t\t\t\t\t\n<style>\n#image_1973213964 {\n  width: 100%;\n}\n<\/style>\n\t<\/div>\n\t\n\n\n\t\t<\/div>\n\t\t\t\t\t<\/div>\n\n\t\n\n<\/div>\n\n\t\t<\/div>\n\n\t\t\n<style>\n#section_62469049 {\n  padding-top: 30px;\n  padding-bottom: 30px;\n}\n<\/style>\n\t<\/section>\n\t\n\n\t<section class=\"section\" id=\"section_75737101\">\n\t\t<div class=\"section-bg fill\" >\n\t\t\t\t\t\t\t\t\t\n\t\t\t\n\n\t\t<\/div>\n\n\t\t\n\n\t\t<div class=\"section-content relative\">\n\t\t\t\n\n<div class=\"row\" style=\"max-width:1170px\" id=\"row-103697642\">\n\n\n\t<div id=\"col-1941886564\" class=\"col small-12 large-12\"  >\n\t\t\t\t<div class=\"col-inner\"  >\n\t\t\t\n\t\t\t\n\n<h2><span style=\"color: #f69422;\">COME POSSO INIZIARE A LAVORARE CON IL CERAKOTE?<\/span><\/h2>\n<p>Grazie all'applicazione in un'unica mano, direttamente sul metallo, nessun'altra finitura offre la durata, l'estetica, la semplicit\u00e0 e il risparmio di CERAKOTE. Progettisti e produttori, contattateci per discutere di una dimostrazione complementare di Cerakote sui vostri impianti. Cerakote \u00e8 disponibile in oltre 85 paesi e pu\u00f2 essere integrato in modo economico nel vostro attuale processo di finitura o affidato a uno dei nostri migliaia di applicatori certificati formati in fabbrica in tutto il mondo. Un numero maggiore di produttori sceglie CERAKOTE rispetto a qualsiasi altra finitura ceramica.<\/p>\n<p>Si prega di contattare il nostro team per le richieste di informazioni al numero <a href=\"mailto:enquiries@cerakoteeu.com\">enquiries@cerakoteeu.com<\/a>\u00a0<\/p>\n\n\n  <div class=\"banner has-hover\" id=\"banner-1567489498\">\n          <div class=\"banner-inner fill\">\n        <div class=\"banner-bg fill\" >\n                                                \n                    <\/div>\n\t\t\n        <div class=\"banner-layers container\">\n            <div class=\"fill banner-link\"><\/div>            \n\n   <div id=\"text-box-1205000597\" class=\"text-box banner-layer x50 md-x50 lg-x50 y50 md-y50 lg-y50 res-text\">\n                                <div class=\"text-box-content text dark\">\n              \n              <div class=\"text-inner text-center\">\n                  \n\n<p><span style=\"color: #ffffff; font-size: 38px;\">Quando prestazioni, bellezza, colore e costo sono importanti. <\/span> <span style=\"color: #1788e4; font-size: 38px;\">FINALMENTE FORTE<\/span><span style=\"color: #ffffff; font-size: 38px;\"> con Cerakote oggi stesso!<\/span><\/p>\n<a href=\"\/contact\" class=\"button primary\" >\n\t\t<span>CONTATTO<\/span>\n\t<\/a>\n\n\n\n              <\/div>\n           <\/div>\n                            \n<style>\n#text-box-1205000597 {\n  width: 60%;\n}\n#text-box-1205000597 .text-box-content {\n  font-size: 100%;\n}\n<\/style>\n    <\/div>\n \n\n        <\/div>\n      <\/div>\n\n            \n<style>\n#banner-1567489498 {\n  padding-top: 500px;\n  background-color: rgb(29, 25, 25);\n}\n<\/style>\n  <\/div>\n\n\n\n\t\t<\/div>\n\t\t\t\t\t<\/div>\n\n\t\n\n<\/div>\n\n\t\t<\/div>\n\n\t\t\n<style>\n#section_75737101 {\n  padding-top: 30px;\n  padding-bottom: 30px;\n}\n<\/style>\n\t<\/section>","protected":false},"excerpt":{"rendered":"","protected":false},"author":1,"featured_media":0,"parent":6831,"menu_order":0,"comment_status":"closed","ping_status":"closed","template":"page-blank.php","meta":{"_acf_changed":false,"footnotes":""},"class_list":["post-6963","page","type-page","status-publish","hentry"],"yoast_head":"<!-- This site is optimized with the Yoast SEO plugin v26.7 - https:\/\/yoast.com\/wordpress\/plugins\/seo\/ -->\n<title>Cerakote is the Ideal Finish for Kitchen and Bath Fixtures | Cerakote in Industry - Cerakote South Africa<\/title>\n<meta name=\"robots\" content=\"index, follow, max-snippet:-1, max-image-preview:large, max-video-preview:-1\" \/>\n<link rel=\"canonical\" href=\"https:\/\/www.cerakotesa.com\/it\/cerakote-industries\/kitchen-and-bath\/\" \/>\n<meta property=\"og:locale\" content=\"it_IT\" \/>\n<meta property=\"og:type\" content=\"article\" \/>\n<meta property=\"og:title\" content=\"Cerakote is the Ideal Finish for Kitchen and Bath Fixtures | Cerakote in Industry - Cerakote South Africa\" \/>\n<meta property=\"og:url\" content=\"https:\/\/www.cerakotesa.com\/it\/cerakote-industries\/kitchen-and-bath\/\" \/>\n<meta property=\"og:site_name\" content=\"Cerakote South Africa\" \/>\n<meta property=\"article:modified_time\" content=\"2023-08-17T07:33:05+00:00\" \/>\n<meta name=\"twitter:card\" content=\"summary_large_image\" \/>\n<meta name=\"twitter:label1\" content=\"Tempo di lettura stimato\" \/>\n\t<meta name=\"twitter:data1\" content=\"2 minuti\" \/>\n<script type=\"application\/ld+json\" class=\"yoast-schema-graph\">{\"@context\":\"https:\/\/schema.org\",\"@graph\":[{\"@type\":\"WebPage\",\"@id\":\"https:\/\/www.cerakotesa.com\/cerakote-industries\/kitchen-and-bath\/\",\"url\":\"https:\/\/www.cerakotesa.com\/cerakote-industries\/kitchen-and-bath\/\",\"name\":\"Cerakote is the Ideal Finish for Kitchen and Bath Fixtures | Cerakote in Industry - Cerakote South Africa\",\"isPartOf\":{\"@id\":\"https:\/\/www.cerakotesa.com\/#website\"},\"datePublished\":\"2021-06-15T21:03:41+00:00\",\"dateModified\":\"2023-08-17T07:33:05+00:00\",\"breadcrumb\":{\"@id\":\"https:\/\/www.cerakotesa.com\/cerakote-industries\/kitchen-and-bath\/#breadcrumb\"},\"inLanguage\":\"it-IT\",\"potentialAction\":[{\"@type\":\"ReadAction\",\"target\":[\"https:\/\/www.cerakotesa.com\/cerakote-industries\/kitchen-and-bath\/\"]}]},{\"@type\":\"BreadcrumbList\",\"@id\":\"https:\/\/www.cerakotesa.com\/cerakote-industries\/kitchen-and-bath\/#breadcrumb\",\"itemListElement\":[{\"@type\":\"ListItem\",\"position\":1,\"name\":\"Home\",\"item\":\"https:\/\/www.cerakotesa.com\/\"},{\"@type\":\"ListItem\",\"position\":2,\"name\":\"Industries\",\"item\":\"https:\/\/www.cerakotesa.com\/cerakote-industries\/\"},{\"@type\":\"ListItem\",\"position\":3,\"name\":\"Cerakote is the Ideal Finish for Kitchen and Bath Fixtures | Cerakote in Industry\"}]},{\"@type\":\"WebSite\",\"@id\":\"https:\/\/www.cerakotesa.com\/#website\",\"url\":\"https:\/\/www.cerakotesa.com\/\",\"name\":\"Cerakote South Africa\",\"description\":\"Cerakote is a global leader in the manufacturing of thin-film protective ceramic coatings\",\"potentialAction\":[{\"@type\":\"SearchAction\",\"target\":{\"@type\":\"EntryPoint\",\"urlTemplate\":\"https:\/\/www.cerakotesa.com\/?s={search_term_string}\"},\"query-input\":{\"@type\":\"PropertyValueSpecification\",\"valueRequired\":true,\"valueName\":\"search_term_string\"}}],\"inLanguage\":\"it-IT\"}]}<\/script>\n<!-- \/ Yoast SEO plugin. -->","yoast_head_json":{"title":"Cerakote is the Ideal Finish for Kitchen and Bath Fixtures | Cerakote in Industry - Cerakote South Africa","robots":{"index":"index","follow":"follow","max-snippet":"max-snippet:-1","max-image-preview":"max-image-preview:large","max-video-preview":"max-video-preview:-1"},"canonical":"https:\/\/www.cerakotesa.com\/it\/cerakote-industries\/kitchen-and-bath\/","og_locale":"it_IT","og_type":"article","og_title":"Cerakote is the Ideal Finish for Kitchen and Bath Fixtures | Cerakote in Industry - Cerakote South Africa","og_url":"https:\/\/www.cerakotesa.com\/it\/cerakote-industries\/kitchen-and-bath\/","og_site_name":"Cerakote South Africa","article_modified_time":"2023-08-17T07:33:05+00:00","twitter_card":"summary_large_image","twitter_misc":{"Tempo di lettura stimato":"2 minuti"},"schema":{"@context":"https:\/\/schema.org","@graph":[{"@type":"WebPage","@id":"https:\/\/www.cerakotesa.com\/cerakote-industries\/kitchen-and-bath\/","url":"https:\/\/www.cerakotesa.com\/cerakote-industries\/kitchen-and-bath\/","name":"Cerakote is the Ideal Finish for Kitchen and Bath Fixtures | Cerakote in Industry - Cerakote South Africa","isPartOf":{"@id":"https:\/\/www.cerakotesa.com\/#website"},"datePublished":"2021-06-15T21:03:41+00:00","dateModified":"2023-08-17T07:33:05+00:00","breadcrumb":{"@id":"https:\/\/www.cerakotesa.com\/cerakote-industries\/kitchen-and-bath\/#breadcrumb"},"inLanguage":"it-IT","potentialAction":[{"@type":"ReadAction","target":["https:\/\/www.cerakotesa.com\/cerakote-industries\/kitchen-and-bath\/"]}]},{"@type":"BreadcrumbList","@id":"https:\/\/www.cerakotesa.com\/cerakote-industries\/kitchen-and-bath\/#breadcrumb","itemListElement":[{"@type":"ListItem","position":1,"name":"Home","item":"https:\/\/www.cerakotesa.com\/"},{"@type":"ListItem","position":2,"name":"Industries","item":"https:\/\/www.cerakotesa.com\/cerakote-industries\/"},{"@type":"ListItem","position":3,"name":"Cerakote is the Ideal Finish for Kitchen and Bath Fixtures | Cerakote in Industry"}]},{"@type":"WebSite","@id":"https:\/\/www.cerakotesa.com\/#website","url":"https:\/\/www.cerakotesa.com\/","name":"Cerakote South Africa","description":"Cerakote \u00e8 leader mondiale nella produzione di rivestimenti ceramici protettivi a film sottile.","potentialAction":[{"@type":"SearchAction","target":{"@type":"EntryPoint","urlTemplate":"https:\/\/www.cerakotesa.com\/?s={search_term_string}"},"query-input":{"@type":"PropertyValueSpecification","valueRequired":true,"valueName":"search_term_string"}}],"inLanguage":"it-IT"}]}},"acf":[],"_links":{"self":[{"href":"https:\/\/www.cerakotesa.com\/it\/wp-json\/wp\/v2\/pages\/6963","targetHints":{"allow":["GET"]}}],"collection":[{"href":"https:\/\/www.cerakotesa.com\/it\/wp-json\/wp\/v2\/pages"}],"about":[{"href":"https:\/\/www.cerakotesa.com\/it\/wp-json\/wp\/v2\/types\/page"}],"author":[{"embeddable":true,"href":"https:\/\/www.cerakotesa.com\/it\/wp-json\/wp\/v2\/users\/1"}],"replies":[{"embeddable":true,"href":"https:\/\/www.cerakotesa.com\/it\/wp-json\/wp\/v2\/comments?post=6963"}],"version-history":[{"count":0,"href":"https:\/\/www.cerakotesa.com\/it\/wp-json\/wp\/v2\/pages\/6963\/revisions"}],"up":[{"embeddable":true,"href":"https:\/\/www.cerakotesa.com\/it\/wp-json\/wp\/v2\/pages\/6831"}],"wp:attachment":[{"href":"https:\/\/www.cerakotesa.com\/it\/wp-json\/wp\/v2\/media?parent=6963"}],"curies":[{"name":"wp","href":"https:\/\/api.w.org\/{rel}","templated":true}]}}