{"id":1448,"date":"2019-12-06T12:45:04","date_gmt":"2019-12-06T12:45:04","guid":{"rendered":"https:\/\/staging.cerakote.co.uk\/?post_type=product&#038;p=1448"},"modified":"2025-11-26T11:45:21","modified_gmt":"2025-11-26T11:45:21","slug":"electrical-barrier-h-900","status":"publish","type":"product","link":"https:\/\/www.cerakotesa.com\/it\/prodotto\/electrical-barrier-h-900\/","title":{"rendered":"Electrical Barrier H-900"},"content":{"rendered":"","protected":false},"excerpt":{"rendered":"<p class=\"description\">Il rivestimento ceramico Cerakote H-900 Electrical Barrier \u00e8 stato progettato per fornire una finitura di alta qualit\u00e0 e di lunga durata per le parti che richiedono un isolamento elettrico. Cerakote H-900 Electrical Barrier \u00e8 un rivestimento dielettrico a spruzzo, durevole e resistente alla corrosione, che polimerizza in forno e offre livelli di adesione e resistenza ai solventi e agli agenti chimici senza pari.<\/p>\n<ul>\n<li>La temperatura massima di esercizio di questo rivestimento \u00e8 di 500+\u00b0F.<\/li>\n<li>Rigidit\u00e0 dielettrica (V\/mil) 3000<\/li>\n<li>Fattore di dissipazione corretto (D) 0,006<\/li>\n<li>Costante dielettrica (k') 1,18<\/li>\n<li>NOTA: Questo prodotto viene fornito con un catalizzatore e richiede una\u00a0<a href=\"https:\/\/www.cerakotesa.com\/product\/cerakote-in-cup-150-mesh-strainer-100-micron-se-276\/\">Filtro a 150 maglie (SE-276)<\/a>.<\/li>\n<\/ul>\n<p>La base dei rivestimenti Cerakote Serie H \u00e8 una tecnologia ceramica unica che conferisce al rivestimento finale flessibilit\u00e0 ed eccellente resistenza all'usura.<\/p>","protected":false},"featured_media":6227,"comment_status":"closed","ping_status":"closed","template":"","meta":{"_acf_changed":false},"product_brand":[],"product_cat":[72],"product_tag":[562,563,222],"class_list":{"0":"post-1448","1":"product","2":"type-product","3":"status-publish","4":"has-post-thumbnail","6":"product_cat-specialty-coatings","7":"product_tag-electrical-barrier","8":"product_tag-h-900","9":"product_tag-white","10":"product_shipping_class-flat-rate","12":"first","13":"onbackorder","14":"taxable","15":"shipping-taxable","16":"product-type-variable"},"yoast_head":"<!-- This site is optimized with the Yoast SEO plugin v26.7 - https:\/\/yoast.com\/wordpress\/plugins\/seo\/ -->\n<title>Electrical Barrier H-900 - Cerakote South Africa<\/title>\n<meta name=\"robots\" content=\"index, follow, max-snippet:-1, max-image-preview:large, max-video-preview:-1\" \/>\n<link rel=\"canonical\" href=\"https:\/\/www.cerakotesa.com\/it\/prodotto\/electrical-barrier-h-900\/\" \/>\n<meta property=\"og:locale\" content=\"it_IT\" \/>\n<meta property=\"og:type\" content=\"article\" \/>\n<meta property=\"og:title\" content=\"Electrical Barrier H-900 - Cerakote South Africa\" \/>\n<meta property=\"og:description\" content=\"Cerakote H-900 Electrical Barrier Ceramic Coating has been designed to provide a high-quality, long-lasting finish for parts requiring electrical insulation. Cerakote H-900 Electrical Barrier is a durable, corrosion-resistant, oven cure, spray-on dielectric coating that provides unparalleled levels of adhesion and resistance to solvents and chemicals.    The maximum operating temperature of this coating is 500+\u00b0F  Dielectric Strength (V\/mil) 3000  Corrected Dissipation Factor (D) 0.006  Dielectric Constant (k\u2019) 1.18  NOTE: This product comes with a catalyst and requires a\u00a0150 Mesh Strainer (SE-276).  The foundation for Cerakote H Series coatings is a unique ceramic technology that imparts both flexibility and excellent wear resistance to the final coating.\" \/>\n<meta property=\"og:url\" content=\"https:\/\/www.cerakotesa.com\/it\/prodotto\/electrical-barrier-h-900\/\" \/>\n<meta property=\"og:site_name\" content=\"Cerakote South Africa\" \/>\n<meta property=\"article:modified_time\" content=\"2025-11-26T11:45:21+00:00\" \/>\n<meta property=\"og:image\" content=\"https:\/\/www.cerakotesa.com\/wp-content\/uploads\/2019\/12\/H-900-1.jpg\" \/>\n\t<meta property=\"og:image:width\" content=\"800\" \/>\n\t<meta property=\"og:image:height\" content=\"800\" \/>\n\t<meta property=\"og:image:type\" content=\"image\/jpeg\" \/>\n<meta name=\"twitter:card\" content=\"summary_large_image\" \/>\n<script type=\"application\/ld+json\" class=\"yoast-schema-graph\">{\"@context\":\"https:\/\/schema.org\",\"@graph\":[{\"@type\":\"WebPage\",\"@id\":\"https:\/\/www.cerakotesa.com\/product\/electrical-barrier-h-900\/\",\"url\":\"https:\/\/www.cerakotesa.com\/product\/electrical-barrier-h-900\/\",\"name\":\"Electrical Barrier H-900 - Cerakote South Africa\",\"isPartOf\":{\"@id\":\"https:\/\/www.cerakotesa.com\/#website\"},\"primaryImageOfPage\":{\"@id\":\"https:\/\/www.cerakotesa.com\/product\/electrical-barrier-h-900\/#primaryimage\"},\"image\":{\"@id\":\"https:\/\/www.cerakotesa.com\/product\/electrical-barrier-h-900\/#primaryimage\"},\"thumbnailUrl\":\"https:\/\/www.cerakotesa.com\/wp-content\/uploads\/2019\/12\/H-900-1.jpg\",\"datePublished\":\"2019-12-06T12:45:04+00:00\",\"dateModified\":\"2025-11-26T11:45:21+00:00\",\"breadcrumb\":{\"@id\":\"https:\/\/www.cerakotesa.com\/product\/electrical-barrier-h-900\/#breadcrumb\"},\"inLanguage\":\"it-IT\",\"potentialAction\":[{\"@type\":\"ReadAction\",\"target\":[\"https:\/\/www.cerakotesa.com\/product\/electrical-barrier-h-900\/\"]}]},{\"@type\":\"ImageObject\",\"inLanguage\":\"it-IT\",\"@id\":\"https:\/\/www.cerakotesa.com\/product\/electrical-barrier-h-900\/#primaryimage\",\"url\":\"https:\/\/www.cerakotesa.com\/wp-content\/uploads\/2019\/12\/H-900-1.jpg\",\"contentUrl\":\"https:\/\/www.cerakotesa.com\/wp-content\/uploads\/2019\/12\/H-900-1.jpg\",\"width\":800,\"height\":800},{\"@type\":\"BreadcrumbList\",\"@id\":\"https:\/\/www.cerakotesa.com\/product\/electrical-barrier-h-900\/#breadcrumb\",\"itemListElement\":[{\"@type\":\"ListItem\",\"position\":1,\"name\":\"Home\",\"item\":\"https:\/\/www.cerakotesa.com\/\"},{\"@type\":\"ListItem\",\"position\":2,\"name\":\"Products\",\"item\":\"https:\/\/www.cerakotesa.com\/shop\/\"},{\"@type\":\"ListItem\",\"position\":3,\"name\":\"Electrical Barrier H-900\"}]},{\"@type\":\"WebSite\",\"@id\":\"https:\/\/www.cerakotesa.com\/#website\",\"url\":\"https:\/\/www.cerakotesa.com\/\",\"name\":\"Cerakote South Africa\",\"description\":\"Cerakote is a global leader in the manufacturing of thin-film protective ceramic coatings\",\"potentialAction\":[{\"@type\":\"SearchAction\",\"target\":{\"@type\":\"EntryPoint\",\"urlTemplate\":\"https:\/\/www.cerakotesa.com\/?s={search_term_string}\"},\"query-input\":{\"@type\":\"PropertyValueSpecification\",\"valueRequired\":true,\"valueName\":\"search_term_string\"}}],\"inLanguage\":\"it-IT\"}]}<\/script>\n<!-- \/ Yoast SEO plugin. -->","yoast_head_json":{"title":"Electrical Barrier H-900 - Cerakote South Africa","robots":{"index":"index","follow":"follow","max-snippet":"max-snippet:-1","max-image-preview":"max-image-preview:large","max-video-preview":"max-video-preview:-1"},"canonical":"https:\/\/www.cerakotesa.com\/it\/prodotto\/electrical-barrier-h-900\/","og_locale":"it_IT","og_type":"article","og_title":"Electrical Barrier H-900 - Cerakote South Africa","og_description":"Cerakote H-900 Electrical Barrier Ceramic Coating has been designed to provide a high-quality, long-lasting finish for parts requiring electrical insulation. Cerakote H-900 Electrical Barrier is a durable, corrosion-resistant, oven cure, spray-on dielectric coating that provides unparalleled levels of adhesion and resistance to solvents and chemicals.    The maximum operating temperature of this coating is 500+\u00b0F  Dielectric Strength (V\/mil) 3000  Corrected Dissipation Factor (D) 0.006  Dielectric Constant (k\u2019) 1.18  NOTE: This product comes with a catalyst and requires a\u00a0150 Mesh Strainer (SE-276).  The foundation for Cerakote H Series coatings is a unique ceramic technology that imparts both flexibility and excellent wear resistance to the final coating.","og_url":"https:\/\/www.cerakotesa.com\/it\/prodotto\/electrical-barrier-h-900\/","og_site_name":"Cerakote South Africa","article_modified_time":"2025-11-26T11:45:21+00:00","og_image":[{"width":800,"height":800,"url":"https:\/\/www.cerakotesa.com\/wp-content\/uploads\/2019\/12\/H-900-1.jpg","type":"image\/jpeg"}],"twitter_card":"summary_large_image","schema":{"@context":"https:\/\/schema.org","@graph":[{"@type":"WebPage","@id":"https:\/\/www.cerakotesa.com\/product\/electrical-barrier-h-900\/","url":"https:\/\/www.cerakotesa.com\/product\/electrical-barrier-h-900\/","name":"Electrical Barrier H-900 - Cerakote South Africa","isPartOf":{"@id":"https:\/\/www.cerakotesa.com\/#website"},"primaryImageOfPage":{"@id":"https:\/\/www.cerakotesa.com\/product\/electrical-barrier-h-900\/#primaryimage"},"image":{"@id":"https:\/\/www.cerakotesa.com\/product\/electrical-barrier-h-900\/#primaryimage"},"thumbnailUrl":"https:\/\/www.cerakotesa.com\/wp-content\/uploads\/2019\/12\/H-900-1.jpg","datePublished":"2019-12-06T12:45:04+00:00","dateModified":"2025-11-26T11:45:21+00:00","breadcrumb":{"@id":"https:\/\/www.cerakotesa.com\/product\/electrical-barrier-h-900\/#breadcrumb"},"inLanguage":"it-IT","potentialAction":[{"@type":"ReadAction","target":["https:\/\/www.cerakotesa.com\/product\/electrical-barrier-h-900\/"]}]},{"@type":"ImageObject","inLanguage":"it-IT","@id":"https:\/\/www.cerakotesa.com\/product\/electrical-barrier-h-900\/#primaryimage","url":"https:\/\/www.cerakotesa.com\/wp-content\/uploads\/2019\/12\/H-900-1.jpg","contentUrl":"https:\/\/www.cerakotesa.com\/wp-content\/uploads\/2019\/12\/H-900-1.jpg","width":800,"height":800},{"@type":"BreadcrumbList","@id":"https:\/\/www.cerakotesa.com\/product\/electrical-barrier-h-900\/#breadcrumb","itemListElement":[{"@type":"ListItem","position":1,"name":"Home","item":"https:\/\/www.cerakotesa.com\/"},{"@type":"ListItem","position":2,"name":"Products","item":"https:\/\/www.cerakotesa.com\/shop\/"},{"@type":"ListItem","position":3,"name":"Electrical Barrier H-900"}]},{"@type":"WebSite","@id":"https:\/\/www.cerakotesa.com\/#website","url":"https:\/\/www.cerakotesa.com\/","name":"Cerakote South Africa","description":"Cerakote \u00e8 leader mondiale nella produzione di rivestimenti ceramici protettivi a film sottile.","potentialAction":[{"@type":"SearchAction","target":{"@type":"EntryPoint","urlTemplate":"https:\/\/www.cerakotesa.com\/?s={search_term_string}"},"query-input":{"@type":"PropertyValueSpecification","valueRequired":true,"valueName":"search_term_string"}}],"inLanguage":"it-IT"}]}},"acf":[],"_links":{"self":[{"href":"https:\/\/www.cerakotesa.com\/it\/wp-json\/wp\/v2\/product\/1448","targetHints":{"allow":["GET"]}}],"collection":[{"href":"https:\/\/www.cerakotesa.com\/it\/wp-json\/wp\/v2\/product"}],"about":[{"href":"https:\/\/www.cerakotesa.com\/it\/wp-json\/wp\/v2\/types\/product"}],"replies":[{"embeddable":true,"href":"https:\/\/www.cerakotesa.com\/it\/wp-json\/wp\/v2\/comments?post=1448"}],"wp:featuredmedia":[{"embeddable":true,"href":"https:\/\/www.cerakotesa.com\/it\/wp-json\/wp\/v2\/media\/6227"}],"wp:attachment":[{"href":"https:\/\/www.cerakotesa.com\/it\/wp-json\/wp\/v2\/media?parent=1448"}],"wp:term":[{"taxonomy":"product_brand","embeddable":true,"href":"https:\/\/www.cerakotesa.com\/it\/wp-json\/wp\/v2\/product_brand?post=1448"},{"taxonomy":"product_cat","embeddable":true,"href":"https:\/\/www.cerakotesa.com\/it\/wp-json\/wp\/v2\/product_cat?post=1448"},{"taxonomy":"product_tag","embeddable":true,"href":"https:\/\/www.cerakotesa.com\/it\/wp-json\/wp\/v2\/product_tag?post=1448"}],"curies":[{"name":"wp","href":"https:\/\/api.w.org\/{rel}","templated":true}]}}