{"id":15555,"date":"2023-10-27T08:00:33","date_gmt":"2023-10-27T08:00:33","guid":{"rendered":"https:\/\/www.cerakotesa.com\/?post_type=product&#038;p=15555"},"modified":"2025-12-05T09:38:12","modified_gmt":"2025-12-05T09:38:12","slug":"cerakote-fx-anthracite-fx-112","status":"publish","type":"product","link":"https:\/\/www.cerakotesa.com\/it\/prodotto\/cerakote-fx-anthracite-fx-112\/","title":{"rendered":"CERAKOTE\u00ae FX ANTRACITE FX-112"},"content":{"rendered":"","protected":false},"excerpt":{"rendered":"<p>Il Cerakote FX Antracite \u00e8 un pesante nero metallizzato e argento. (L'immagine del pannello S \u00e8 Antracite su <a href=\"https:\/\/www.cerakotesa.com\/product\/graphite-black-h-146\/\" target=\"_blank\" rel=\"noopener\">Graphite Black<\/a>.)<\/p>\n<p><strong>Attualmente offriamo due formati, 4 grammi e 32 grammi. La quantit\u00e0 \u00e8 stata studiata per miscelare comodamente l'FX in un tester o in un quartino. Il rapporto di miscelazione consigliato \u00e8 di 1 grammo per 1 oz di trasparente.<\/strong><\/p>\n<p>Cerakote FX porta la personalizzazione a un altro livello. Cerakote FX \u00e8 un additivo specificamente progettato e testato per essere miscelato con i nostri trasparenti della serie H (<a href=\"https:\/\/www.cerakotesa.com\/product\/high-gloss-armor-clear-h-300\/\" target=\"_blank\" rel=\"noopener\">H-300<\/a> e <a href=\"https:\/\/www.cerakotesa.com\/product\/matte-armor-clear-h-301\/\" target=\"_blank\" rel=\"noopener\">H-301<\/a>), e spruzzato sopra un Cerakote <a href=\"https:\/\/www.cerakotesa.com\/product-category\/cerakote-coatings\/h-series-coatings\/\" target=\"_blank\" rel=\"noopener\">base di tonalit\u00e0 solida<\/a>. In questo modo si crea una nuova lucentezza e un aspetto che va da lieve a selvaggio, a seconda della combinazione utilizzata.<\/p>\n<p>Cerakote FX \u00e8 stato progettato per essere utilizzato con i trasparenti della Serie H, che vengono poi spruzzati su uno strato di base Cerakote a tinta unita (NOTA: Cerakote FX viene applicato bagnato su bagnato. L'articolo non andr\u00e0 in forno se non dopo l'applicazione dell'FX).<\/p>\n<p>I materiali Cerakote FX sono stati selezionati specificamente per le loro elevate prestazioni, tra cui: resistenza alla corrosione e agli agenti atmosferici, resistenza ai graffi, alle scalfitture e agli urti, nonch\u00e9 capacit\u00e0 di adesione al sistema Cerakote. In altre parole, soddisfano i rigorosi criteri per portare il marchio Cerakote.<\/p>\n<p>Le possibilit\u00e0 di personalizzazione sono infinite: divertitevi a liberare la vostra creativit\u00e0!<\/p>\n<p><a href=\"https:\/\/www.youtube.com\/watch?v=WFAJl9cXTi0\">Per istruzioni rapide e semplici, guardate il nostro video sull'applicazione!<\/a><\/p>","protected":false},"featured_media":16498,"comment_status":"open","ping_status":"closed","template":"","meta":{"_acf_changed":false},"product_brand":[],"product_cat":[841],"product_tag":[1041,1040,840,842,1039],"class_list":{"0":"post-15555","1":"product","2":"type-product","3":"status-publish","4":"has-post-thumbnail","6":"product_cat-cerakote-fx","7":"product_tag-anthracite","8":"product_tag-anthracite-fx","9":"product_tag-cerakote-fx","10":"product_tag-fx","11":"product_tag-fx-112","12":"product_shipping_class-flat-rate","14":"first","15":"instock","16":"taxable","17":"shipping-taxable","18":"product-type-variable"},"yoast_head":"<!-- This site is optimized with the Yoast SEO plugin v26.7 - https:\/\/yoast.com\/wordpress\/plugins\/seo\/ -->\n<title>CERAKOTE\u00ae FX ANTHRACITE FX-112 - Cerakote South Africa<\/title>\n<meta name=\"robots\" content=\"index, follow, max-snippet:-1, max-image-preview:large, max-video-preview:-1\" \/>\n<link rel=\"canonical\" href=\"https:\/\/www.cerakotesa.com\/it\/prodotto\/cerakote-fx-anthracite-fx-112\/\" \/>\n<meta property=\"og:locale\" content=\"it_IT\" \/>\n<meta property=\"og:type\" content=\"article\" \/>\n<meta property=\"og:title\" content=\"CERAKOTE\u00ae FX ANTHRACITE FX-112 - Cerakote South Africa\" \/>\n<meta property=\"og:description\" content=\"Cerakote FX Anthracite is a heavy metallic black and silver. (S panel image is Anthracite over Graphite Black.)  We currently offer two sizes, 4 grams and 32 grams. We designed the quantity to mix the FX into a tester or a quart conveniently. Our recommended mixing ratio is 1 gram to 1 oz of clear.  Cerakote FX takes custom to another level. Cerakote FX is an additive that is specifically designed and tested to be mixed with our H-Series Clears (H-300 and H-301), and sprayed over a Cerakote solid tone base coat. This creates a new sheen and look that is anywhere from mild to wild, depending on the combination used.  Cerakote FX is designed to be used with H-Series Clears, that is then sprayed over a Cerakote solid tone base coat. (NOTE: Cerakote FX is applied WET OVER WET. Your item will NOT go into the oven until after the FX has been applied.)  Cerakote FX materials were sourced specifically for their high performance attributes including: corrosion and weather resistance, scratch, gouge and impact resistance, as well as bond-ability within the Cerakote system. In other words, they meet the stringent criteria to wear the Cerakote brand name.  The customization possibilities are endless \u2013 enjoy unleashing your creativity!  Be sure to watch our application video for quick and easy instructions!\" \/>\n<meta property=\"og:url\" content=\"https:\/\/www.cerakotesa.com\/it\/prodotto\/cerakote-fx-anthracite-fx-112\/\" \/>\n<meta property=\"og:site_name\" content=\"Cerakote South Africa\" \/>\n<meta property=\"article:modified_time\" content=\"2025-12-05T09:38:12+00:00\" \/>\n<meta property=\"og:image\" content=\"https:\/\/www.cerakotesa.com\/wp-content\/uploads\/2023\/10\/cerakote-fx-anthracite-fx-112-dt20240122190705834606-thumbnail.jpg\" \/>\n\t<meta property=\"og:image:width\" content=\"600\" \/>\n\t<meta property=\"og:image:height\" content=\"600\" \/>\n\t<meta property=\"og:image:type\" content=\"image\/jpeg\" \/>\n<meta name=\"twitter:card\" content=\"summary_large_image\" \/>\n<meta name=\"twitter:label1\" content=\"Tempo di lettura stimato\" \/>\n\t<meta name=\"twitter:data1\" content=\"1 minuto\" \/>\n<script type=\"application\/ld+json\" class=\"yoast-schema-graph\">{\"@context\":\"https:\/\/schema.org\",\"@graph\":[{\"@type\":\"WebPage\",\"@id\":\"https:\/\/www.cerakotesa.com\/product\/cerakote-fx-anthracite-fx-112\/\",\"url\":\"https:\/\/www.cerakotesa.com\/product\/cerakote-fx-anthracite-fx-112\/\",\"name\":\"CERAKOTE\u00ae FX ANTHRACITE FX-112 - Cerakote South Africa\",\"isPartOf\":{\"@id\":\"https:\/\/www.cerakotesa.com\/#website\"},\"primaryImageOfPage\":{\"@id\":\"https:\/\/www.cerakotesa.com\/product\/cerakote-fx-anthracite-fx-112\/#primaryimage\"},\"image\":{\"@id\":\"https:\/\/www.cerakotesa.com\/product\/cerakote-fx-anthracite-fx-112\/#primaryimage\"},\"thumbnailUrl\":\"https:\/\/www.cerakotesa.com\/wp-content\/uploads\/2023\/10\/cerakote-fx-anthracite-fx-112-dt20240122190705834606-thumbnail.jpg\",\"datePublished\":\"2023-10-27T08:00:33+00:00\",\"dateModified\":\"2025-12-05T09:38:12+00:00\",\"breadcrumb\":{\"@id\":\"https:\/\/www.cerakotesa.com\/product\/cerakote-fx-anthracite-fx-112\/#breadcrumb\"},\"inLanguage\":\"it-IT\",\"potentialAction\":[{\"@type\":\"ReadAction\",\"target\":[\"https:\/\/www.cerakotesa.com\/product\/cerakote-fx-anthracite-fx-112\/\"]}]},{\"@type\":\"ImageObject\",\"inLanguage\":\"it-IT\",\"@id\":\"https:\/\/www.cerakotesa.com\/product\/cerakote-fx-anthracite-fx-112\/#primaryimage\",\"url\":\"https:\/\/www.cerakotesa.com\/wp-content\/uploads\/2023\/10\/cerakote-fx-anthracite-fx-112-dt20240122190705834606-thumbnail.jpg\",\"contentUrl\":\"https:\/\/www.cerakotesa.com\/wp-content\/uploads\/2023\/10\/cerakote-fx-anthracite-fx-112-dt20240122190705834606-thumbnail.jpg\",\"width\":600,\"height\":600},{\"@type\":\"BreadcrumbList\",\"@id\":\"https:\/\/www.cerakotesa.com\/product\/cerakote-fx-anthracite-fx-112\/#breadcrumb\",\"itemListElement\":[{\"@type\":\"ListItem\",\"position\":1,\"name\":\"Home\",\"item\":\"https:\/\/www.cerakotesa.com\/\"},{\"@type\":\"ListItem\",\"position\":2,\"name\":\"Products\",\"item\":\"https:\/\/www.cerakotesa.com\/shop\/\"},{\"@type\":\"ListItem\",\"position\":3,\"name\":\"CERAKOTE\u00ae FX ANTHRACITE FX-112\"}]},{\"@type\":\"WebSite\",\"@id\":\"https:\/\/www.cerakotesa.com\/#website\",\"url\":\"https:\/\/www.cerakotesa.com\/\",\"name\":\"Cerakote South Africa\",\"description\":\"Cerakote is a global leader in the manufacturing of thin-film protective ceramic coatings\",\"potentialAction\":[{\"@type\":\"SearchAction\",\"target\":{\"@type\":\"EntryPoint\",\"urlTemplate\":\"https:\/\/www.cerakotesa.com\/?s={search_term_string}\"},\"query-input\":{\"@type\":\"PropertyValueSpecification\",\"valueRequired\":true,\"valueName\":\"search_term_string\"}}],\"inLanguage\":\"it-IT\"}]}<\/script>\n<!-- \/ Yoast SEO plugin. -->","yoast_head_json":{"title":"CERAKOTE\u00ae FX ANTHRACITE FX-112 - Cerakote South Africa","robots":{"index":"index","follow":"follow","max-snippet":"max-snippet:-1","max-image-preview":"max-image-preview:large","max-video-preview":"max-video-preview:-1"},"canonical":"https:\/\/www.cerakotesa.com\/it\/prodotto\/cerakote-fx-anthracite-fx-112\/","og_locale":"it_IT","og_type":"article","og_title":"CERAKOTE\u00ae FX ANTHRACITE FX-112 - Cerakote South Africa","og_description":"Cerakote FX Anthracite is a heavy metallic black and silver. (S panel image is Anthracite over Graphite Black.)  We currently offer two sizes, 4 grams and 32 grams. We designed the quantity to mix the FX into a tester or a quart conveniently. Our recommended mixing ratio is 1 gram to 1 oz of clear.  Cerakote FX takes custom to another level. Cerakote FX is an additive that is specifically designed and tested to be mixed with our H-Series Clears (H-300 and H-301), and sprayed over a Cerakote solid tone base coat. This creates a new sheen and look that is anywhere from mild to wild, depending on the combination used.  Cerakote FX is designed to be used with H-Series Clears, that is then sprayed over a Cerakote solid tone base coat. (NOTE: Cerakote FX is applied WET OVER WET. Your item will NOT go into the oven until after the FX has been applied.)  Cerakote FX materials were sourced specifically for their high performance attributes including: corrosion and weather resistance, scratch, gouge and impact resistance, as well as bond-ability within the Cerakote system. In other words, they meet the stringent criteria to wear the Cerakote brand name.  The customization possibilities are endless \u2013 enjoy unleashing your creativity!  Be sure to watch our application video for quick and easy instructions!","og_url":"https:\/\/www.cerakotesa.com\/it\/prodotto\/cerakote-fx-anthracite-fx-112\/","og_site_name":"Cerakote South Africa","article_modified_time":"2025-12-05T09:38:12+00:00","og_image":[{"width":600,"height":600,"url":"https:\/\/www.cerakotesa.com\/wp-content\/uploads\/2023\/10\/cerakote-fx-anthracite-fx-112-dt20240122190705834606-thumbnail.jpg","type":"image\/jpeg"}],"twitter_card":"summary_large_image","twitter_misc":{"Tempo di lettura stimato":"1 minuto"},"schema":{"@context":"https:\/\/schema.org","@graph":[{"@type":"WebPage","@id":"https:\/\/www.cerakotesa.com\/product\/cerakote-fx-anthracite-fx-112\/","url":"https:\/\/www.cerakotesa.com\/product\/cerakote-fx-anthracite-fx-112\/","name":"CERAKOTE\u00ae FX ANTHRACITE FX-112 - Cerakote South Africa","isPartOf":{"@id":"https:\/\/www.cerakotesa.com\/#website"},"primaryImageOfPage":{"@id":"https:\/\/www.cerakotesa.com\/product\/cerakote-fx-anthracite-fx-112\/#primaryimage"},"image":{"@id":"https:\/\/www.cerakotesa.com\/product\/cerakote-fx-anthracite-fx-112\/#primaryimage"},"thumbnailUrl":"https:\/\/www.cerakotesa.com\/wp-content\/uploads\/2023\/10\/cerakote-fx-anthracite-fx-112-dt20240122190705834606-thumbnail.jpg","datePublished":"2023-10-27T08:00:33+00:00","dateModified":"2025-12-05T09:38:12+00:00","breadcrumb":{"@id":"https:\/\/www.cerakotesa.com\/product\/cerakote-fx-anthracite-fx-112\/#breadcrumb"},"inLanguage":"it-IT","potentialAction":[{"@type":"ReadAction","target":["https:\/\/www.cerakotesa.com\/product\/cerakote-fx-anthracite-fx-112\/"]}]},{"@type":"ImageObject","inLanguage":"it-IT","@id":"https:\/\/www.cerakotesa.com\/product\/cerakote-fx-anthracite-fx-112\/#primaryimage","url":"https:\/\/www.cerakotesa.com\/wp-content\/uploads\/2023\/10\/cerakote-fx-anthracite-fx-112-dt20240122190705834606-thumbnail.jpg","contentUrl":"https:\/\/www.cerakotesa.com\/wp-content\/uploads\/2023\/10\/cerakote-fx-anthracite-fx-112-dt20240122190705834606-thumbnail.jpg","width":600,"height":600},{"@type":"BreadcrumbList","@id":"https:\/\/www.cerakotesa.com\/product\/cerakote-fx-anthracite-fx-112\/#breadcrumb","itemListElement":[{"@type":"ListItem","position":1,"name":"Home","item":"https:\/\/www.cerakotesa.com\/"},{"@type":"ListItem","position":2,"name":"Products","item":"https:\/\/www.cerakotesa.com\/shop\/"},{"@type":"ListItem","position":3,"name":"CERAKOTE\u00ae FX ANTHRACITE FX-112"}]},{"@type":"WebSite","@id":"https:\/\/www.cerakotesa.com\/#website","url":"https:\/\/www.cerakotesa.com\/","name":"Cerakote South Africa","description":"Cerakote \u00e8 leader mondiale nella produzione di rivestimenti ceramici protettivi a film sottile.","potentialAction":[{"@type":"SearchAction","target":{"@type":"EntryPoint","urlTemplate":"https:\/\/www.cerakotesa.com\/?s={search_term_string}"},"query-input":{"@type":"PropertyValueSpecification","valueRequired":true,"valueName":"search_term_string"}}],"inLanguage":"it-IT"}]}},"acf":[],"_links":{"self":[{"href":"https:\/\/www.cerakotesa.com\/it\/wp-json\/wp\/v2\/product\/15555","targetHints":{"allow":["GET"]}}],"collection":[{"href":"https:\/\/www.cerakotesa.com\/it\/wp-json\/wp\/v2\/product"}],"about":[{"href":"https:\/\/www.cerakotesa.com\/it\/wp-json\/wp\/v2\/types\/product"}],"replies":[{"embeddable":true,"href":"https:\/\/www.cerakotesa.com\/it\/wp-json\/wp\/v2\/comments?post=15555"}],"wp:featuredmedia":[{"embeddable":true,"href":"https:\/\/www.cerakotesa.com\/it\/wp-json\/wp\/v2\/media\/16498"}],"wp:attachment":[{"href":"https:\/\/www.cerakotesa.com\/it\/wp-json\/wp\/v2\/media?parent=15555"}],"wp:term":[{"taxonomy":"product_brand","embeddable":true,"href":"https:\/\/www.cerakotesa.com\/it\/wp-json\/wp\/v2\/product_brand?post=15555"},{"taxonomy":"product_cat","embeddable":true,"href":"https:\/\/www.cerakotesa.com\/it\/wp-json\/wp\/v2\/product_cat?post=15555"},{"taxonomy":"product_tag","embeddable":true,"href":"https:\/\/www.cerakotesa.com\/it\/wp-json\/wp\/v2\/product_tag?post=15555"}],"curies":[{"name":"wp","href":"https:\/\/api.w.org\/{rel}","templated":true}]}}