{"id":15579,"date":"2023-10-28T19:52:03","date_gmt":"2023-10-28T19:52:03","guid":{"rendered":"https:\/\/www.cerakotesa.com\/?post_type=product&#038;p=15579"},"modified":"2025-07-31T17:57:10","modified_gmt":"2025-07-31T17:57:10","slug":"cerakote-professional-ceramic-paint-coating","status":"publish","type":"product","link":"https:\/\/www.cerakotesa.com\/it\/prodotto\/cerakote-professional-ceramic-paint-coating\/","title":{"rendered":"Rivestimento di vernice ceramica professionale Cerakote"},"content":{"rendered":"","protected":false},"excerpt":{"rendered":"<div><strong>La V2 \u00e8 arrivata!\u00a0<\/strong><\/div>\n<div><\/div>\n<div>Cerakote \u00e8 la forza trainante dell'industria dei rivestimenti ceramici. Con oltre venti milioni di dollari investiti, siamo il leader mondiale nell'innovazione e nella produzione di polimeri inorganici e rivestimenti ceramici.<\/div>\n<div><\/div>\n<div><strong>IL MEGLIO - GARANTITO <\/strong>Se questa non \u00e8 la vernice professionale pi\u00f9 lucida, brillante e facile da applicare che avete usato, vi sostituiremo o rimborseremo il vostro acquisto originale.<\/div>\n<div><\/div>\n<div><strong>LUCENTEZZA E BRILLANTEZZA ECCEZIONALI <\/strong>Ottenere risultati con lucentezza e brillantezza a specchio.<\/div>\n<div id=\"visible-brief\">\n<p><strong>LUNGA DURATA <\/strong>- Dura oltre 500 lavaggi nel mondo reale!<\/p>\n<p><strong>ESTREMA IDROFOBICIT\u00c0<\/strong> Sperimentate un'eccezionale perlescenza e dispersione dell'acqua.<\/p>\n<p><strong>FACILE DA APPLICARE <\/strong>- Il veicolo \u00e8 pronto per il cliente in 2 ore e pu\u00f2 essere lavato dopo sole 24 ore!<\/p>\n<p><b>METTERE ALLA PROVA IL CERAKOTE... <\/b>\u00a0e di qualsiasi altro prodotto per la protezione della vernice e capire perch\u00e9 Cerakote \u00e8 il rivestimento ceramico leader e pi\u00f9 affidabile al mondo. Altri dicono di essere i numeri uno, noi di Cerakote lo dimostriamo.<\/p>\n<p>Il contenuto di questo prodotto comprende:<\/p>\n<ul>\n<li>(2) flaconi da 30 ml di Vernice professionale per ceramica<\/li>\n<li>(1) Applicatore in microfibra di qualit\u00e0 professionale<\/li>\n<\/ul>\n<p><strong>SOLO PER UN PERIODO DI TEMPO LIMITATO<\/strong>- 40% di sconto sul kit di verniciatura professionale!<\/p>\n<p>Risorse utili:<\/p>\n<p><a href=\"https:\/\/cerakoteceramics.com\/professional-ceramic-paint-coating-instructions\/\">Video e istruzioni per l'applicazione<\/a><\/p>\n<p><a href=\"https:\/\/cerakoteceramics.com\/pro-paint-500-wash-test\/\">500 Test di lavaggio<\/a><\/p>\n<p><a href=\"https:\/\/cerakoteceramics.com\/faqs#pro-paint\">Domande frequenti<\/a><\/p>\n<\/div>","protected":false},"featured_media":17531,"comment_status":"open","ping_status":"closed","template":"","meta":{"_acf_changed":false},"product_brand":[],"product_cat":[987,1056,1042],"product_tag":[],"class_list":{"0":"post-15579","1":"product","2":"type-product","3":"status-publish","4":"has-post-thumbnail","6":"product_cat-cerakote-coatings","7":"product_cat-auto-home","8":"product_cat-pro-paint","9":"product_shipping_class-flat-rate","11":"first","12":"instock","13":"taxable","14":"shipping-taxable","15":"product-type-simple"},"yoast_head":"<!-- This site is optimized with the Yoast SEO plugin v26.7 - https:\/\/yoast.com\/wordpress\/plugins\/seo\/ -->\n<title>Cerakote\u00ae Professional Ceramic Paint Coating - Cerakote South Africa<\/title>\n<meta name=\"description\" content=\"Cerakote Professional Paint Coating provides unmatched performance, durability, and ease of application.\" \/>\n<meta name=\"robots\" content=\"index, follow, max-snippet:-1, max-image-preview:large, max-video-preview:-1\" \/>\n<link rel=\"canonical\" href=\"https:\/\/www.cerakotesa.com\/it\/prodotto\/cerakote-professional-ceramic-paint-coating\/\" \/>\n<meta property=\"og:locale\" content=\"it_IT\" \/>\n<meta property=\"og:type\" content=\"article\" \/>\n<meta property=\"og:title\" content=\"Cerakote\u00ae Professional Ceramic Paint Coating - Cerakote South Africa\" \/>\n<meta property=\"og:description\" content=\"Cerakote Professional Paint Coating provides unmatched performance, durability, and ease of application.\" \/>\n<meta property=\"og:url\" content=\"https:\/\/www.cerakotesa.com\/it\/prodotto\/cerakote-professional-ceramic-paint-coating\/\" \/>\n<meta property=\"og:site_name\" content=\"Cerakote South Africa\" \/>\n<meta property=\"article:modified_time\" content=\"2025-07-31T17:57:10+00:00\" \/>\n<meta property=\"og:image\" content=\"https:\/\/www.cerakotesa.com\/wp-content\/uploads\/2023\/11\/shop_pro_paint_2v2__94733.jpg\" \/>\n\t<meta property=\"og:image:width\" content=\"1280\" \/>\n\t<meta property=\"og:image:height\" content=\"1280\" \/>\n\t<meta property=\"og:image:type\" content=\"image\/jpeg\" \/>\n<meta name=\"twitter:card\" content=\"summary_large_image\" \/>\n<meta name=\"twitter:label1\" content=\"Tempo di lettura stimato\" \/>\n\t<meta name=\"twitter:data1\" content=\"1 minuto\" \/>\n<script type=\"application\/ld+json\" class=\"yoast-schema-graph\">{\"@context\":\"https:\/\/schema.org\",\"@graph\":[{\"@type\":\"WebPage\",\"@id\":\"https:\/\/www.cerakotesa.com\/product\/cerakote-professional-ceramic-paint-coating\/\",\"url\":\"https:\/\/www.cerakotesa.com\/product\/cerakote-professional-ceramic-paint-coating\/\",\"name\":\"Cerakote\u00ae Professional Ceramic Paint Coating - Cerakote South Africa\",\"isPartOf\":{\"@id\":\"https:\/\/www.cerakotesa.com\/#website\"},\"primaryImageOfPage\":{\"@id\":\"https:\/\/www.cerakotesa.com\/product\/cerakote-professional-ceramic-paint-coating\/#primaryimage\"},\"image\":{\"@id\":\"https:\/\/www.cerakotesa.com\/product\/cerakote-professional-ceramic-paint-coating\/#primaryimage\"},\"thumbnailUrl\":\"https:\/\/www.cerakotesa.com\/wp-content\/uploads\/2023\/11\/shop_pro_paint_2v2__94733.jpg\",\"datePublished\":\"2023-10-28T19:52:03+00:00\",\"dateModified\":\"2025-07-31T17:57:10+00:00\",\"description\":\"Cerakote Professional Paint Coating provides unmatched performance, durability, and ease of application.\",\"breadcrumb\":{\"@id\":\"https:\/\/www.cerakotesa.com\/product\/cerakote-professional-ceramic-paint-coating\/#breadcrumb\"},\"inLanguage\":\"it-IT\",\"potentialAction\":[{\"@type\":\"ReadAction\",\"target\":[\"https:\/\/www.cerakotesa.com\/product\/cerakote-professional-ceramic-paint-coating\/\"]}]},{\"@type\":\"ImageObject\",\"inLanguage\":\"it-IT\",\"@id\":\"https:\/\/www.cerakotesa.com\/product\/cerakote-professional-ceramic-paint-coating\/#primaryimage\",\"url\":\"https:\/\/www.cerakotesa.com\/wp-content\/uploads\/2023\/11\/shop_pro_paint_2v2__94733.jpg\",\"contentUrl\":\"https:\/\/www.cerakotesa.com\/wp-content\/uploads\/2023\/11\/shop_pro_paint_2v2__94733.jpg\",\"width\":1280,\"height\":1280},{\"@type\":\"BreadcrumbList\",\"@id\":\"https:\/\/www.cerakotesa.com\/product\/cerakote-professional-ceramic-paint-coating\/#breadcrumb\",\"itemListElement\":[{\"@type\":\"ListItem\",\"position\":1,\"name\":\"Home\",\"item\":\"https:\/\/www.cerakotesa.com\/\"},{\"@type\":\"ListItem\",\"position\":2,\"name\":\"Products\",\"item\":\"https:\/\/www.cerakotesa.com\/shop\/\"},{\"@type\":\"ListItem\",\"position\":3,\"name\":\"Cerakote\u00ae Professional Ceramic Paint Coating\"}]},{\"@type\":\"WebSite\",\"@id\":\"https:\/\/www.cerakotesa.com\/#website\",\"url\":\"https:\/\/www.cerakotesa.com\/\",\"name\":\"Cerakote South Africa\",\"description\":\"Cerakote is a global leader in the manufacturing of thin-film protective ceramic coatings\",\"potentialAction\":[{\"@type\":\"SearchAction\",\"target\":{\"@type\":\"EntryPoint\",\"urlTemplate\":\"https:\/\/www.cerakotesa.com\/?s={search_term_string}\"},\"query-input\":{\"@type\":\"PropertyValueSpecification\",\"valueRequired\":true,\"valueName\":\"search_term_string\"}}],\"inLanguage\":\"it-IT\"}]}<\/script>\n<!-- \/ Yoast SEO plugin. -->","yoast_head_json":{"title":"Cerakote\u00ae Professional Ceramic Paint Coating - Cerakote South Africa","description":"La verniciatura professionale Cerakote offre prestazioni, durata e facilit\u00e0 di applicazione ineguagliabili.","robots":{"index":"index","follow":"follow","max-snippet":"max-snippet:-1","max-image-preview":"max-image-preview:large","max-video-preview":"max-video-preview:-1"},"canonical":"https:\/\/www.cerakotesa.com\/it\/prodotto\/cerakote-professional-ceramic-paint-coating\/","og_locale":"it_IT","og_type":"article","og_title":"Cerakote\u00ae Professional Ceramic Paint Coating - Cerakote South Africa","og_description":"Cerakote Professional Paint Coating provides unmatched performance, durability, and ease of application.","og_url":"https:\/\/www.cerakotesa.com\/it\/prodotto\/cerakote-professional-ceramic-paint-coating\/","og_site_name":"Cerakote South Africa","article_modified_time":"2025-07-31T17:57:10+00:00","og_image":[{"width":1280,"height":1280,"url":"https:\/\/www.cerakotesa.com\/wp-content\/uploads\/2023\/11\/shop_pro_paint_2v2__94733.jpg","type":"image\/jpeg"}],"twitter_card":"summary_large_image","twitter_misc":{"Tempo di lettura stimato":"1 minuto"},"schema":{"@context":"https:\/\/schema.org","@graph":[{"@type":"WebPage","@id":"https:\/\/www.cerakotesa.com\/product\/cerakote-professional-ceramic-paint-coating\/","url":"https:\/\/www.cerakotesa.com\/product\/cerakote-professional-ceramic-paint-coating\/","name":"Cerakote\u00ae Professional Ceramic Paint Coating - Cerakote South Africa","isPartOf":{"@id":"https:\/\/www.cerakotesa.com\/#website"},"primaryImageOfPage":{"@id":"https:\/\/www.cerakotesa.com\/product\/cerakote-professional-ceramic-paint-coating\/#primaryimage"},"image":{"@id":"https:\/\/www.cerakotesa.com\/product\/cerakote-professional-ceramic-paint-coating\/#primaryimage"},"thumbnailUrl":"https:\/\/www.cerakotesa.com\/wp-content\/uploads\/2023\/11\/shop_pro_paint_2v2__94733.jpg","datePublished":"2023-10-28T19:52:03+00:00","dateModified":"2025-07-31T17:57:10+00:00","description":"La verniciatura professionale Cerakote offre prestazioni, durata e facilit\u00e0 di applicazione ineguagliabili.","breadcrumb":{"@id":"https:\/\/www.cerakotesa.com\/product\/cerakote-professional-ceramic-paint-coating\/#breadcrumb"},"inLanguage":"it-IT","potentialAction":[{"@type":"ReadAction","target":["https:\/\/www.cerakotesa.com\/product\/cerakote-professional-ceramic-paint-coating\/"]}]},{"@type":"ImageObject","inLanguage":"it-IT","@id":"https:\/\/www.cerakotesa.com\/product\/cerakote-professional-ceramic-paint-coating\/#primaryimage","url":"https:\/\/www.cerakotesa.com\/wp-content\/uploads\/2023\/11\/shop_pro_paint_2v2__94733.jpg","contentUrl":"https:\/\/www.cerakotesa.com\/wp-content\/uploads\/2023\/11\/shop_pro_paint_2v2__94733.jpg","width":1280,"height":1280},{"@type":"BreadcrumbList","@id":"https:\/\/www.cerakotesa.com\/product\/cerakote-professional-ceramic-paint-coating\/#breadcrumb","itemListElement":[{"@type":"ListItem","position":1,"name":"Home","item":"https:\/\/www.cerakotesa.com\/"},{"@type":"ListItem","position":2,"name":"Products","item":"https:\/\/www.cerakotesa.com\/shop\/"},{"@type":"ListItem","position":3,"name":"Cerakote\u00ae Professional Ceramic Paint Coating"}]},{"@type":"WebSite","@id":"https:\/\/www.cerakotesa.com\/#website","url":"https:\/\/www.cerakotesa.com\/","name":"Cerakote South Africa","description":"Cerakote \u00e8 leader mondiale nella produzione di rivestimenti ceramici protettivi a film sottile.","potentialAction":[{"@type":"SearchAction","target":{"@type":"EntryPoint","urlTemplate":"https:\/\/www.cerakotesa.com\/?s={search_term_string}"},"query-input":{"@type":"PropertyValueSpecification","valueRequired":true,"valueName":"search_term_string"}}],"inLanguage":"it-IT"}]}},"acf":[],"_links":{"self":[{"href":"https:\/\/www.cerakotesa.com\/it\/wp-json\/wp\/v2\/product\/15579","targetHints":{"allow":["GET"]}}],"collection":[{"href":"https:\/\/www.cerakotesa.com\/it\/wp-json\/wp\/v2\/product"}],"about":[{"href":"https:\/\/www.cerakotesa.com\/it\/wp-json\/wp\/v2\/types\/product"}],"replies":[{"embeddable":true,"href":"https:\/\/www.cerakotesa.com\/it\/wp-json\/wp\/v2\/comments?post=15579"}],"wp:featuredmedia":[{"embeddable":true,"href":"https:\/\/www.cerakotesa.com\/it\/wp-json\/wp\/v2\/media\/17531"}],"wp:attachment":[{"href":"https:\/\/www.cerakotesa.com\/it\/wp-json\/wp\/v2\/media?parent=15579"}],"wp:term":[{"taxonomy":"product_brand","embeddable":true,"href":"https:\/\/www.cerakotesa.com\/it\/wp-json\/wp\/v2\/product_brand?post=15579"},{"taxonomy":"product_cat","embeddable":true,"href":"https:\/\/www.cerakotesa.com\/it\/wp-json\/wp\/v2\/product_cat?post=15579"},{"taxonomy":"product_tag","embeddable":true,"href":"https:\/\/www.cerakotesa.com\/it\/wp-json\/wp\/v2\/product_tag?post=15579"}],"curies":[{"name":"wp","href":"https:\/\/api.w.org\/{rel}","templated":true}]}}