{"id":15674,"date":"2023-11-07T11:59:03","date_gmt":"2023-11-07T11:59:03","guid":{"rendered":"https:\/\/www.cerakotesa.com\/?post_type=product&#038;p=15674"},"modified":"2024-08-05T14:16:56","modified_gmt":"2024-08-05T14:16:56","slug":"oven-thermometer-se-3104","status":"publish","type":"product","link":"https:\/\/www.cerakotesa.com\/it\/prodotto\/oven-thermometer-se-3104\/","title":{"rendered":"Termometro da forno SE-3104"},"content":{"rendered":"","protected":false},"excerpt":{"rendered":"<p><strong>Descrizione:<\/strong><\/p>\n<p>Progettato pensando alla comodit\u00e0 e alla precisione, questo termometro identifica senza sforzo la vera temperatura del forno. La sua versatilit\u00e0 \u00e8 evidente, in quanto pu\u00f2 essere appeso o appoggiato liberamente e il suo ampio quadrante garantisce una lettura rapida e accurata della temperatura.<\/p>\n<p><strong>Specifiche principali:<\/strong><\/p>\n<p>- <strong>Misura precisa della temperatura:<\/strong> Questo termometro misura con precisione le temperature nell'intervallo tra 100\u00b0F e 600\u00b0F (50\u00b0C e 300\u00b0C).<br \/>\n<strong>- Grande 2 \u00bd\" Dia<\/strong>l: Di facile lettura, garantisce una valutazione immediata della temperatura.<br \/>\n<strong>- Si appende o si appoggia al ripiano del forno:<\/strong> Si adatta alle vostre preferenze di cottura appendendolo o posizionandolo comodamente sulla rastrelliera del forno.<\/p>","protected":false},"featured_media":15675,"comment_status":"open","ping_status":"closed","template":"","meta":{"_acf_changed":false},"product_brand":[],"product_cat":[106],"product_tag":[],"class_list":{"0":"post-15674","1":"product","2":"type-product","3":"status-publish","4":"has-post-thumbnail","6":"product_cat-equipment","7":"product_shipping_class-flat-rate","9":"first","10":"instock","11":"taxable","12":"shipping-taxable","13":"product-type-simple"},"yoast_head":"<!-- This site is optimized with the Yoast SEO plugin v26.7 - https:\/\/yoast.com\/wordpress\/plugins\/seo\/ -->\n<title>Oven Thermometer SE-3104 - Cerakote South Africa<\/title>\n<meta name=\"robots\" content=\"index, follow, max-snippet:-1, max-image-preview:large, max-video-preview:-1\" \/>\n<link rel=\"canonical\" href=\"https:\/\/www.cerakotesa.com\/it\/prodotto\/oven-thermometer-se-3104\/\" \/>\n<meta property=\"og:locale\" content=\"it_IT\" \/>\n<meta property=\"og:type\" content=\"article\" \/>\n<meta property=\"og:title\" content=\"Oven Thermometer SE-3104 - Cerakote South Africa\" \/>\n<meta property=\"og:description\" content=\"Description:  Designed with your convenience and accuracy in mind, this thermometer effortlessly identifies the true temperature within your oven. Its versatility shines as it can either be hung or stand freely, and its large dial ensures you can swiftly and accurately read the temperature.  Key Specifications:  \u2022 Precise Temperature Measurement: This thermometer accurately gauges temperatures within the range of 100\u00b0F to 600\u00b0F (50\u00b0C to 300\u00b0C). \u2022 Large 2 \u00bd\u201d Dial: Easy-to-read, ensuring you get an instant temperature assessment. \u2022 Hangs or Stands on Oven Rack: Adapt to your cooking preferences by hanging or placing it conveniently on your oven rack.\" \/>\n<meta property=\"og:url\" content=\"https:\/\/www.cerakotesa.com\/it\/prodotto\/oven-thermometer-se-3104\/\" \/>\n<meta property=\"og:site_name\" content=\"Cerakote South Africa\" \/>\n<meta property=\"article:modified_time\" content=\"2024-08-05T14:16:56+00:00\" \/>\n<meta property=\"og:image\" content=\"https:\/\/www.cerakotesa.com\/wp-content\/uploads\/2023\/11\/oven-thermometer-se-3104-dt20230908160347925319-thumbnail.jpg\" \/>\n\t<meta property=\"og:image:width\" content=\"600\" \/>\n\t<meta property=\"og:image:height\" content=\"600\" \/>\n\t<meta property=\"og:image:type\" content=\"image\/jpeg\" \/>\n<meta name=\"twitter:card\" content=\"summary_large_image\" \/>\n<script type=\"application\/ld+json\" class=\"yoast-schema-graph\">{\"@context\":\"https:\/\/schema.org\",\"@graph\":[{\"@type\":\"WebPage\",\"@id\":\"https:\/\/www.cerakotesa.com\/product\/oven-thermometer-se-3104\/\",\"url\":\"https:\/\/www.cerakotesa.com\/product\/oven-thermometer-se-3104\/\",\"name\":\"Oven Thermometer SE-3104 - Cerakote South Africa\",\"isPartOf\":{\"@id\":\"https:\/\/www.cerakotesa.com\/#website\"},\"primaryImageOfPage\":{\"@id\":\"https:\/\/www.cerakotesa.com\/product\/oven-thermometer-se-3104\/#primaryimage\"},\"image\":{\"@id\":\"https:\/\/www.cerakotesa.com\/product\/oven-thermometer-se-3104\/#primaryimage\"},\"thumbnailUrl\":\"https:\/\/www.cerakotesa.com\/wp-content\/uploads\/2023\/11\/oven-thermometer-se-3104-dt20230908160347925319-thumbnail.jpg\",\"datePublished\":\"2023-11-07T11:59:03+00:00\",\"dateModified\":\"2024-08-05T14:16:56+00:00\",\"breadcrumb\":{\"@id\":\"https:\/\/www.cerakotesa.com\/product\/oven-thermometer-se-3104\/#breadcrumb\"},\"inLanguage\":\"it-IT\",\"potentialAction\":[{\"@type\":\"ReadAction\",\"target\":[\"https:\/\/www.cerakotesa.com\/product\/oven-thermometer-se-3104\/\"]}]},{\"@type\":\"ImageObject\",\"inLanguage\":\"it-IT\",\"@id\":\"https:\/\/www.cerakotesa.com\/product\/oven-thermometer-se-3104\/#primaryimage\",\"url\":\"https:\/\/www.cerakotesa.com\/wp-content\/uploads\/2023\/11\/oven-thermometer-se-3104-dt20230908160347925319-thumbnail.jpg\",\"contentUrl\":\"https:\/\/www.cerakotesa.com\/wp-content\/uploads\/2023\/11\/oven-thermometer-se-3104-dt20230908160347925319-thumbnail.jpg\",\"width\":600,\"height\":600},{\"@type\":\"BreadcrumbList\",\"@id\":\"https:\/\/www.cerakotesa.com\/product\/oven-thermometer-se-3104\/#breadcrumb\",\"itemListElement\":[{\"@type\":\"ListItem\",\"position\":1,\"name\":\"Home\",\"item\":\"https:\/\/www.cerakotesa.com\/\"},{\"@type\":\"ListItem\",\"position\":2,\"name\":\"Products\",\"item\":\"https:\/\/www.cerakotesa.com\/shop\/\"},{\"@type\":\"ListItem\",\"position\":3,\"name\":\"Oven Thermometer SE-3104\"}]},{\"@type\":\"WebSite\",\"@id\":\"https:\/\/www.cerakotesa.com\/#website\",\"url\":\"https:\/\/www.cerakotesa.com\/\",\"name\":\"Cerakote South Africa\",\"description\":\"Cerakote is a global leader in the manufacturing of thin-film protective ceramic coatings\",\"potentialAction\":[{\"@type\":\"SearchAction\",\"target\":{\"@type\":\"EntryPoint\",\"urlTemplate\":\"https:\/\/www.cerakotesa.com\/?s={search_term_string}\"},\"query-input\":{\"@type\":\"PropertyValueSpecification\",\"valueRequired\":true,\"valueName\":\"search_term_string\"}}],\"inLanguage\":\"it-IT\"}]}<\/script>\n<!-- \/ Yoast SEO plugin. -->","yoast_head_json":{"title":"Oven Thermometer SE-3104 - Cerakote South Africa","robots":{"index":"index","follow":"follow","max-snippet":"max-snippet:-1","max-image-preview":"max-image-preview:large","max-video-preview":"max-video-preview:-1"},"canonical":"https:\/\/www.cerakotesa.com\/it\/prodotto\/oven-thermometer-se-3104\/","og_locale":"it_IT","og_type":"article","og_title":"Oven Thermometer SE-3104 - Cerakote South Africa","og_description":"Description:  Designed with your convenience and accuracy in mind, this thermometer effortlessly identifies the true temperature within your oven. Its versatility shines as it can either be hung or stand freely, and its large dial ensures you can swiftly and accurately read the temperature.  Key Specifications:  \u2022 Precise Temperature Measurement: This thermometer accurately gauges temperatures within the range of 100\u00b0F to 600\u00b0F (50\u00b0C to 300\u00b0C). \u2022 Large 2 \u00bd\u201d Dial: Easy-to-read, ensuring you get an instant temperature assessment. \u2022 Hangs or Stands on Oven Rack: Adapt to your cooking preferences by hanging or placing it conveniently on your oven rack.","og_url":"https:\/\/www.cerakotesa.com\/it\/prodotto\/oven-thermometer-se-3104\/","og_site_name":"Cerakote South Africa","article_modified_time":"2024-08-05T14:16:56+00:00","og_image":[{"width":600,"height":600,"url":"https:\/\/www.cerakotesa.com\/wp-content\/uploads\/2023\/11\/oven-thermometer-se-3104-dt20230908160347925319-thumbnail.jpg","type":"image\/jpeg"}],"twitter_card":"summary_large_image","schema":{"@context":"https:\/\/schema.org","@graph":[{"@type":"WebPage","@id":"https:\/\/www.cerakotesa.com\/product\/oven-thermometer-se-3104\/","url":"https:\/\/www.cerakotesa.com\/product\/oven-thermometer-se-3104\/","name":"Oven Thermometer SE-3104 - Cerakote South Africa","isPartOf":{"@id":"https:\/\/www.cerakotesa.com\/#website"},"primaryImageOfPage":{"@id":"https:\/\/www.cerakotesa.com\/product\/oven-thermometer-se-3104\/#primaryimage"},"image":{"@id":"https:\/\/www.cerakotesa.com\/product\/oven-thermometer-se-3104\/#primaryimage"},"thumbnailUrl":"https:\/\/www.cerakotesa.com\/wp-content\/uploads\/2023\/11\/oven-thermometer-se-3104-dt20230908160347925319-thumbnail.jpg","datePublished":"2023-11-07T11:59:03+00:00","dateModified":"2024-08-05T14:16:56+00:00","breadcrumb":{"@id":"https:\/\/www.cerakotesa.com\/product\/oven-thermometer-se-3104\/#breadcrumb"},"inLanguage":"it-IT","potentialAction":[{"@type":"ReadAction","target":["https:\/\/www.cerakotesa.com\/product\/oven-thermometer-se-3104\/"]}]},{"@type":"ImageObject","inLanguage":"it-IT","@id":"https:\/\/www.cerakotesa.com\/product\/oven-thermometer-se-3104\/#primaryimage","url":"https:\/\/www.cerakotesa.com\/wp-content\/uploads\/2023\/11\/oven-thermometer-se-3104-dt20230908160347925319-thumbnail.jpg","contentUrl":"https:\/\/www.cerakotesa.com\/wp-content\/uploads\/2023\/11\/oven-thermometer-se-3104-dt20230908160347925319-thumbnail.jpg","width":600,"height":600},{"@type":"BreadcrumbList","@id":"https:\/\/www.cerakotesa.com\/product\/oven-thermometer-se-3104\/#breadcrumb","itemListElement":[{"@type":"ListItem","position":1,"name":"Home","item":"https:\/\/www.cerakotesa.com\/"},{"@type":"ListItem","position":2,"name":"Products","item":"https:\/\/www.cerakotesa.com\/shop\/"},{"@type":"ListItem","position":3,"name":"Oven Thermometer SE-3104"}]},{"@type":"WebSite","@id":"https:\/\/www.cerakotesa.com\/#website","url":"https:\/\/www.cerakotesa.com\/","name":"Cerakote South Africa","description":"Cerakote \u00e8 leader mondiale nella produzione di rivestimenti ceramici protettivi a film sottile.","potentialAction":[{"@type":"SearchAction","target":{"@type":"EntryPoint","urlTemplate":"https:\/\/www.cerakotesa.com\/?s={search_term_string}"},"query-input":{"@type":"PropertyValueSpecification","valueRequired":true,"valueName":"search_term_string"}}],"inLanguage":"it-IT"}]}},"acf":[],"_links":{"self":[{"href":"https:\/\/www.cerakotesa.com\/it\/wp-json\/wp\/v2\/product\/15674","targetHints":{"allow":["GET"]}}],"collection":[{"href":"https:\/\/www.cerakotesa.com\/it\/wp-json\/wp\/v2\/product"}],"about":[{"href":"https:\/\/www.cerakotesa.com\/it\/wp-json\/wp\/v2\/types\/product"}],"replies":[{"embeddable":true,"href":"https:\/\/www.cerakotesa.com\/it\/wp-json\/wp\/v2\/comments?post=15674"}],"wp:featuredmedia":[{"embeddable":true,"href":"https:\/\/www.cerakotesa.com\/it\/wp-json\/wp\/v2\/media\/15675"}],"wp:attachment":[{"href":"https:\/\/www.cerakotesa.com\/it\/wp-json\/wp\/v2\/media?parent=15674"}],"wp:term":[{"taxonomy":"product_brand","embeddable":true,"href":"https:\/\/www.cerakotesa.com\/it\/wp-json\/wp\/v2\/product_brand?post=15674"},{"taxonomy":"product_cat","embeddable":true,"href":"https:\/\/www.cerakotesa.com\/it\/wp-json\/wp\/v2\/product_cat?post=15674"},{"taxonomy":"product_tag","embeddable":true,"href":"https:\/\/www.cerakotesa.com\/it\/wp-json\/wp\/v2\/product_tag?post=15674"}],"curies":[{"name":"wp","href":"https:\/\/api.w.org\/{rel}","templated":true}]}}