{"id":1607,"date":"2019-12-09T11:27:17","date_gmt":"2019-12-09T11:27:17","guid":{"rendered":"https:\/\/staging.cerakote.co.uk\/?post_type=product&#038;p=1607"},"modified":"2024-08-05T13:26:41","modified_gmt":"2024-08-05T13:26:41","slug":"250ml-glass-graduated-cylinder-se-147c","status":"publish","type":"product","link":"https:\/\/www.cerakotesa.com\/it\/prodotto\/250ml-glass-graduated-cylinder-se-147c\/","title":{"rendered":"Cilindro graduato in vetro da 250 ml SE-147C"},"content":{"rendered":"","protected":false},"excerpt":{"rendered":"<p>Il cilindro graduato in vetro da 250 ml \u00e8 perfetto per la miscelazione di grandi quantit\u00e0 di rivestimenti Cerakote serie H per la produzione e altri lavori di grandi dimensioni che richiedono pi\u00f9 di 100 ml di rivestimento. Il cilindro di vetro \u00e8 dotato di segni sul vetro per facilitare i rapporti di miscelazione e la misurazione.<\/p>","protected":false},"featured_media":13007,"comment_status":"closed","ping_status":"closed","template":"","meta":{"_acf_changed":false},"product_brand":[],"product_cat":[106],"product_tag":[615,105,616],"class_list":{"0":"post-1607","1":"product","2":"type-product","3":"status-publish","4":"has-post-thumbnail","6":"product_cat-equipment","7":"product_tag-250ml-glass-graduated-cylinder","8":"product_tag-equipment","9":"product_tag-se-147c","10":"product_shipping_class-flat-rate","12":"first","13":"instock","14":"taxable","15":"shipping-taxable","16":"product-type-simple"},"yoast_head":"<!-- This site is optimized with the Yoast SEO plugin v26.7 - https:\/\/yoast.com\/wordpress\/plugins\/seo\/ -->\n<title>250ml Glass Graduated Cylinder SE-147C - Cerakote South Africa<\/title>\n<meta name=\"robots\" content=\"index, follow, max-snippet:-1, max-image-preview:large, max-video-preview:-1\" \/>\n<link rel=\"canonical\" href=\"https:\/\/www.cerakotesa.com\/it\/prodotto\/250ml-glass-graduated-cylinder-se-147c\/\" \/>\n<meta property=\"og:locale\" content=\"it_IT\" \/>\n<meta property=\"og:type\" content=\"article\" \/>\n<meta property=\"og:title\" content=\"250ml Glass Graduated Cylinder SE-147C - Cerakote South Africa\" \/>\n<meta property=\"og:description\" content=\"The 250ml Glass Graduated Cylinder is perfect for those mixing large amounts of Cerakote H Series Coatings for production work and other large jobs that require more than 100ml of coating. Glass cylinder comes with marks on the glass for easier mixing ratios and measuring.\" \/>\n<meta property=\"og:url\" content=\"https:\/\/www.cerakotesa.com\/it\/prodotto\/250ml-glass-graduated-cylinder-se-147c\/\" \/>\n<meta property=\"og:site_name\" content=\"Cerakote South Africa\" \/>\n<meta property=\"article:modified_time\" content=\"2024-08-05T13:26:41+00:00\" \/>\n<meta property=\"og:image\" content=\"https:\/\/www.cerakotesa.com\/wp-content\/uploads\/2023\/06\/250-ML-CYLINDER.jpg\" \/>\n\t<meta property=\"og:image:width\" content=\"1762\" \/>\n\t<meta property=\"og:image:height\" content=\"1761\" \/>\n\t<meta property=\"og:image:type\" content=\"image\/jpeg\" \/>\n<meta name=\"twitter:card\" content=\"summary_large_image\" \/>\n<script type=\"application\/ld+json\" class=\"yoast-schema-graph\">{\"@context\":\"https:\/\/schema.org\",\"@graph\":[{\"@type\":\"WebPage\",\"@id\":\"https:\/\/www.cerakotesa.com\/product\/250ml-glass-graduated-cylinder-se-147c\/\",\"url\":\"https:\/\/www.cerakotesa.com\/product\/250ml-glass-graduated-cylinder-se-147c\/\",\"name\":\"250ml Glass Graduated Cylinder SE-147C - Cerakote South Africa\",\"isPartOf\":{\"@id\":\"https:\/\/www.cerakotesa.com\/#website\"},\"primaryImageOfPage\":{\"@id\":\"https:\/\/www.cerakotesa.com\/product\/250ml-glass-graduated-cylinder-se-147c\/#primaryimage\"},\"image\":{\"@id\":\"https:\/\/www.cerakotesa.com\/product\/250ml-glass-graduated-cylinder-se-147c\/#primaryimage\"},\"thumbnailUrl\":\"https:\/\/www.cerakotesa.com\/wp-content\/uploads\/2023\/06\/250-ML-CYLINDER.jpg\",\"datePublished\":\"2019-12-09T11:27:17+00:00\",\"dateModified\":\"2024-08-05T13:26:41+00:00\",\"breadcrumb\":{\"@id\":\"https:\/\/www.cerakotesa.com\/product\/250ml-glass-graduated-cylinder-se-147c\/#breadcrumb\"},\"inLanguage\":\"it-IT\",\"potentialAction\":[{\"@type\":\"ReadAction\",\"target\":[\"https:\/\/www.cerakotesa.com\/product\/250ml-glass-graduated-cylinder-se-147c\/\"]}]},{\"@type\":\"ImageObject\",\"inLanguage\":\"it-IT\",\"@id\":\"https:\/\/www.cerakotesa.com\/product\/250ml-glass-graduated-cylinder-se-147c\/#primaryimage\",\"url\":\"https:\/\/www.cerakotesa.com\/wp-content\/uploads\/2023\/06\/250-ML-CYLINDER.jpg\",\"contentUrl\":\"https:\/\/www.cerakotesa.com\/wp-content\/uploads\/2023\/06\/250-ML-CYLINDER.jpg\",\"width\":1762,\"height\":1761},{\"@type\":\"BreadcrumbList\",\"@id\":\"https:\/\/www.cerakotesa.com\/product\/250ml-glass-graduated-cylinder-se-147c\/#breadcrumb\",\"itemListElement\":[{\"@type\":\"ListItem\",\"position\":1,\"name\":\"Home\",\"item\":\"https:\/\/www.cerakotesa.com\/\"},{\"@type\":\"ListItem\",\"position\":2,\"name\":\"Products\",\"item\":\"https:\/\/www.cerakotesa.com\/shop\/\"},{\"@type\":\"ListItem\",\"position\":3,\"name\":\"250ml Glass Graduated Cylinder SE-147C\"}]},{\"@type\":\"WebSite\",\"@id\":\"https:\/\/www.cerakotesa.com\/#website\",\"url\":\"https:\/\/www.cerakotesa.com\/\",\"name\":\"Cerakote South Africa\",\"description\":\"Cerakote is a global leader in the manufacturing of thin-film protective ceramic coatings\",\"potentialAction\":[{\"@type\":\"SearchAction\",\"target\":{\"@type\":\"EntryPoint\",\"urlTemplate\":\"https:\/\/www.cerakotesa.com\/?s={search_term_string}\"},\"query-input\":{\"@type\":\"PropertyValueSpecification\",\"valueRequired\":true,\"valueName\":\"search_term_string\"}}],\"inLanguage\":\"it-IT\"}]}<\/script>\n<!-- \/ Yoast SEO plugin. -->","yoast_head_json":{"title":"250ml Glass Graduated Cylinder SE-147C - Cerakote South Africa","robots":{"index":"index","follow":"follow","max-snippet":"max-snippet:-1","max-image-preview":"max-image-preview:large","max-video-preview":"max-video-preview:-1"},"canonical":"https:\/\/www.cerakotesa.com\/it\/prodotto\/250ml-glass-graduated-cylinder-se-147c\/","og_locale":"it_IT","og_type":"article","og_title":"250ml Glass Graduated Cylinder SE-147C - Cerakote South Africa","og_description":"The 250ml Glass Graduated Cylinder is perfect for those mixing large amounts of Cerakote H Series Coatings for production work and other large jobs that require more than 100ml of coating. Glass cylinder comes with marks on the glass for easier mixing ratios and measuring.","og_url":"https:\/\/www.cerakotesa.com\/it\/prodotto\/250ml-glass-graduated-cylinder-se-147c\/","og_site_name":"Cerakote South Africa","article_modified_time":"2024-08-05T13:26:41+00:00","og_image":[{"width":1762,"height":1761,"url":"https:\/\/www.cerakotesa.com\/wp-content\/uploads\/2023\/06\/250-ML-CYLINDER.jpg","type":"image\/jpeg"}],"twitter_card":"summary_large_image","schema":{"@context":"https:\/\/schema.org","@graph":[{"@type":"WebPage","@id":"https:\/\/www.cerakotesa.com\/product\/250ml-glass-graduated-cylinder-se-147c\/","url":"https:\/\/www.cerakotesa.com\/product\/250ml-glass-graduated-cylinder-se-147c\/","name":"250ml Glass Graduated Cylinder SE-147C - Cerakote South Africa","isPartOf":{"@id":"https:\/\/www.cerakotesa.com\/#website"},"primaryImageOfPage":{"@id":"https:\/\/www.cerakotesa.com\/product\/250ml-glass-graduated-cylinder-se-147c\/#primaryimage"},"image":{"@id":"https:\/\/www.cerakotesa.com\/product\/250ml-glass-graduated-cylinder-se-147c\/#primaryimage"},"thumbnailUrl":"https:\/\/www.cerakotesa.com\/wp-content\/uploads\/2023\/06\/250-ML-CYLINDER.jpg","datePublished":"2019-12-09T11:27:17+00:00","dateModified":"2024-08-05T13:26:41+00:00","breadcrumb":{"@id":"https:\/\/www.cerakotesa.com\/product\/250ml-glass-graduated-cylinder-se-147c\/#breadcrumb"},"inLanguage":"it-IT","potentialAction":[{"@type":"ReadAction","target":["https:\/\/www.cerakotesa.com\/product\/250ml-glass-graduated-cylinder-se-147c\/"]}]},{"@type":"ImageObject","inLanguage":"it-IT","@id":"https:\/\/www.cerakotesa.com\/product\/250ml-glass-graduated-cylinder-se-147c\/#primaryimage","url":"https:\/\/www.cerakotesa.com\/wp-content\/uploads\/2023\/06\/250-ML-CYLINDER.jpg","contentUrl":"https:\/\/www.cerakotesa.com\/wp-content\/uploads\/2023\/06\/250-ML-CYLINDER.jpg","width":1762,"height":1761},{"@type":"BreadcrumbList","@id":"https:\/\/www.cerakotesa.com\/product\/250ml-glass-graduated-cylinder-se-147c\/#breadcrumb","itemListElement":[{"@type":"ListItem","position":1,"name":"Home","item":"https:\/\/www.cerakotesa.com\/"},{"@type":"ListItem","position":2,"name":"Products","item":"https:\/\/www.cerakotesa.com\/shop\/"},{"@type":"ListItem","position":3,"name":"250ml Glass Graduated Cylinder SE-147C"}]},{"@type":"WebSite","@id":"https:\/\/www.cerakotesa.com\/#website","url":"https:\/\/www.cerakotesa.com\/","name":"Cerakote South Africa","description":"Cerakote \u00e8 leader mondiale nella produzione di rivestimenti ceramici protettivi a film sottile.","potentialAction":[{"@type":"SearchAction","target":{"@type":"EntryPoint","urlTemplate":"https:\/\/www.cerakotesa.com\/?s={search_term_string}"},"query-input":{"@type":"PropertyValueSpecification","valueRequired":true,"valueName":"search_term_string"}}],"inLanguage":"it-IT"}]}},"acf":[],"_links":{"self":[{"href":"https:\/\/www.cerakotesa.com\/it\/wp-json\/wp\/v2\/product\/1607","targetHints":{"allow":["GET"]}}],"collection":[{"href":"https:\/\/www.cerakotesa.com\/it\/wp-json\/wp\/v2\/product"}],"about":[{"href":"https:\/\/www.cerakotesa.com\/it\/wp-json\/wp\/v2\/types\/product"}],"replies":[{"embeddable":true,"href":"https:\/\/www.cerakotesa.com\/it\/wp-json\/wp\/v2\/comments?post=1607"}],"wp:featuredmedia":[{"embeddable":true,"href":"https:\/\/www.cerakotesa.com\/it\/wp-json\/wp\/v2\/media\/13007"}],"wp:attachment":[{"href":"https:\/\/www.cerakotesa.com\/it\/wp-json\/wp\/v2\/media?parent=1607"}],"wp:term":[{"taxonomy":"product_brand","embeddable":true,"href":"https:\/\/www.cerakotesa.com\/it\/wp-json\/wp\/v2\/product_brand?post=1607"},{"taxonomy":"product_cat","embeddable":true,"href":"https:\/\/www.cerakotesa.com\/it\/wp-json\/wp\/v2\/product_cat?post=1607"},{"taxonomy":"product_tag","embeddable":true,"href":"https:\/\/www.cerakotesa.com\/it\/wp-json\/wp\/v2\/product_tag?post=1607"}],"curies":[{"name":"wp","href":"https:\/\/api.w.org\/{rel}","templated":true}]}}