{"id":16374,"date":"2024-01-12T15:38:28","date_gmt":"2024-01-12T15:38:28","guid":{"rendered":"https:\/\/www.cerakotesa.com\/?post_type=product&#038;p=16374"},"modified":"2025-07-25T08:16:10","modified_gmt":"2025-07-25T08:16:10","slug":"deep-blue-c-299","status":"publish","type":"product","link":"https:\/\/www.cerakotesa.com\/it\/prodotto\/deep-blue-c-299\/","title":{"rendered":"Blu profondo C-299"},"content":{"rendered":"<section class=\"section\" id=\"section_188801047\">\n\t\t<div class=\"section-bg fill\" >\n\t\t\t\t\t\t\t\t\t\n\t\t\t\n\n\t\t<\/div>\n\n\t\t\n\n\t\t<div class=\"section-content relative\">\n\t\t\t\n<div class=\"row\"  id=\"row-370208442\">\n\n\t<div id=\"col-1351360981\" class=\"col small-12 large-12\"  >\n\t\t\t\t<div class=\"col-inner\"  >\n\t\t\t\n\t\t\t\n<p><strong>Dati tecnici del prodotto:<\/strong><\/p>\n<p><style>\n.table_component {<br \/>\n    overflow: auto;<br \/>\n    width: 100%;<br \/>\n}<\/p>\n<p>.table_component table {<br \/>\n    border: 1px solid #dededf;<br \/>\n    height: 100%;<br \/>\n    width: 100%;<br \/>\n    table-layout: fixed;<br \/>\n    border-collapse: collapse;<br \/>\n    border-spacing: 1px;<br \/>\n    text-align: left;<br \/>\n}<\/p>\n<p>.table_component caption {<br \/>\n    caption-side: top;<br \/>\n    text-align: left;<br \/>\n}<\/p>\n<p>.table_component th {<br \/>\n    border: 1px solid #dededf;<br \/>\n    background-color: #eceff1;<br \/>\n    color: #000000;<br \/>\n    padding: 5px;<br \/>\n}<\/p>\n<p>.table_component td {<br \/>\n    border: 1px solid #dededf;<br \/>\n    background-color: #ffffff;<br \/>\n    color: #000000;<br \/>\n    padding: 5px;<br \/>\n}<br \/>\n<\/style>\n<\/p>\n<div class=\"table_component\" tabindex=\"0\" role=\"region\">\n<table>\n<thead>\n<tr>\n<th>\u00a0<\/th>\n<th>\u00a0<\/th>\n<\/tr>\n<\/thead>\n<tbody>\n<tr>\n<td>Programma di cura\u00a0<\/td>\n<td>\n<p class=\"p1\">\n<p class=\"p2\">Air Cure: Tack Free 45 &#8211; 60 minutes, Full Cure 5Days<\/p>\n<\/td>\n<\/tr>\n<tr>\n<td>Spessore consigliato (mil)<\/td>\n<td>1<\/td>\n<\/tr>\n<tr>\n<td>Dimensione del filtro (maglia)<\/td>\n<td>325 (Part # SE-277)<\/td>\n<\/tr>\n<tr>\n<td>Livello di lucentezza \/ Unit\u00e0 (GU)<\/td>\n<td>Satin \/ 25<\/td>\n<\/tr>\n<tr>\n<td>Densit\u00e0 (g\/mL)<\/td>\n<td>1.28<\/td>\n<\/tr>\n<tr>\n<td>% Solidi (\u00b12%)<\/td>\n<td>58<\/td>\n<\/tr>\n<tr>\n<td>Viscosit\u00e0 (cP)<\/td>\n<td>105<\/td>\n<\/tr>\n<tr>\n<td>Copertura teorica per gal a spessore consigliato (ft\u00b2)<\/td>\n<td>924<\/td>\n<\/tr>\n<tr>\n<td>Stabilit\u00e0 del rivestimento (\u00b0F) Max. Temp.<\/td>\n<td>1500<\/td>\n<\/tr>\n<tr>\n<td>Stabilit\u00e0 del colore (\u00b0F) Temperatura massima Temp.<\/td>\n<td>400<\/td>\n<\/tr>\n<tr>\n<td>Resistenza chimica<\/td>\n<td>Eccellente<\/td>\n<\/tr>\n<tr>\n<td>Stabilit\u00e0 UV<\/td>\n<td>Eccellente<\/td>\n<\/tr>\n<tr>\n<td>Durezza della matita Sgorbia ASTM D3363<\/td>\n<td>3H<\/td>\n<\/tr>\n<tr>\n<td>Durezza della matita Graffio ASTM D3363<\/td>\n<td>3H<\/td>\n<\/tr>\n<tr>\n<td>Adesione trasversale ASTM D3359<\/td>\n<td>\n<p>5B<\/p>\n<\/td>\n<\/tr>\n<tr>\n<td>Flessibilit\u00e0 (resistenza %) Curvatura conica ASTM D522<\/td>\n<td>\n<p>100<\/p>\n<\/td>\n<\/tr>\n<tr>\n<td>Prestazioni d'impatto dirette\/indirette (in-lbs) ASTM D2794<\/td>\n<td>160\/160<\/td>\n<\/tr>\n<\/tbody>\n<\/table>\n<p data-v-8ef39626=\"\">Tutti i risultati si basano su acciaio sabbiato rivestito con lo spessore consigliato e con il programma di polimerizzazione raccomandato.<\/p>\n<p data-v-8ef39626=\"\">*I livelli di lucentezza sono misurati con un angolo di 60\u00b0. Se si modificano le condizioni raccomandate si otterranno risultati diversi. La brillantezza \u00e8 influenzata dalla qualit\u00e0 della preparazione e dalla tecnica di spruzzatura. I risultati si basano su acciaio sabbiato rivestito e polimerizzato secondo le specifiche del programma di polimerizzazione.<\/p>\n<p data-v-8ef39626=\"\">**Viscosit\u00e0 misurata in condizioni ambientali (temperatura dell'aria, umidit\u00e0 relativa) al momento della produzione.<\/p>\n<p data-v-8ef39626=\"\"><strong data-v-8ef39626=\"\">Temperatura di polimerizzazione consigliata:<\/strong><\/p>\n<ul data-v-8ef39626=\"\">\n<li data-v-8ef39626=\"\">Fare riferimento alle specifiche del programma di polimerizzazione disponibili su ciascun prodotto Cerakote.<\/li>\n<\/ul>\n<p data-v-8ef39626=\"\"><strong data-v-8ef39626=\"\">Temperatura massima<\/strong>\u00a0\u00e8 la temperatura a cui il colore o il rivestimento \u00e8 stabile.<\/p>\n<p data-v-8ef39626=\"\"><strong data-v-8ef39626=\"\">Test di resistenza chimica:<\/strong>\u00a0I risultati si riferiscono alla variazione di colore in base alla formulazione CIE76. I risultati variano da:<\/p>\n<ul data-v-8ef39626=\"\">\n<li data-v-8ef39626=\"\"><strong data-v-8ef39626=\"\">Eccellente:<\/strong>\u00a0Variazione \u2206E di &lt;2,5<\/li>\n<li data-v-8ef39626=\"\"><strong data-v-8ef39626=\"\">Bene:<\/strong>\u00a0Variazione \u2206E di &lt;3,0<\/li>\n<li data-v-8ef39626=\"\"><strong data-v-8ef39626=\"\">Fiera:<\/strong>\u00a0Variazione \u2206E di &lt;3,5<\/li>\n<li data-v-8ef39626=\"\"><strong data-v-8ef39626=\"\">Povero:<\/strong>\u00a0Variazione \u2206E di &lt;4,0<\/li>\n<\/ul>\n<p data-v-8ef39626=\"\"><strong data-v-8ef39626=\"\">I parametri di prova sono i seguenti:<\/strong><\/p>\n<ul data-v-8ef39626=\"\">\n<li data-v-8ef39626=\"\"><strong data-v-8ef39626=\"\">Durezza<\/strong>\u00a0I test di durezza delle matite sono misurati dal pi\u00f9 morbido al pi\u00f9 duro come segue: 9B, 8B, 7B, 6B, 5B, 4B, 3B, 2B, B, HB, F, H, 2H, 3H, 4H, 5H, 6H, 7H, 8H, 9H. Il 9H \u00e8 il pi\u00f9 difficile.<\/li>\n<li data-v-8ef39626=\"\"><strong data-v-8ef39626=\"\">SOLO SG-100:<\/strong>\u00a0Prova di durezza Metodo A - Si esegue un taglio a X attraverso il film fino al substrato, si applica un nastro adesivo sensibile alla pressione sul taglio e poi lo si rimuove, e si valuta l'adesione in modo qualitativo su una scala da 0 a 5.<\/li>\n<li data-v-8ef39626=\"\"><strong data-v-8ef39626=\"\">Adesione<\/strong>\u00a0\u00e8 misurato su una scala di 0B, 1B, 2B, 3B, 4B, 5B, con 5B che rappresenta il massimo punteggio raggiungibile.<\/li>\n<li data-v-8ef39626=\"\"><strong data-v-8ef39626=\"\">Flessibilit\u00e0<\/strong>\u00a0o Curvatura conica: \"100% Resistance\" \u00e8 la valutazione pi\u00f9 alta ottenibile e indica che il rivestimento non si \u00e8 incrinato o scheggiato.<\/li>\n<li data-v-8ef39626=\"\"><strong data-v-8ef39626=\"\">Impatto Prestazioni (dirette\/indirette)<\/strong>\u00a0\u00e8 misurato su una scala da 0 a 160 pollici-libbre, con 160 pollici-libbre come valore massimo raggiungibile.<\/li>\n<\/ul>\n<p data-v-8ef39626=\"\">Tutti i rivestimenti Cerakote sono conformi ai requisiti VOC dell'EPA e hanno un contenuto di VOC basso o nullo. Per conoscere il contenuto di VOC di un singolo rivestimento, si prega di contattare\u00a0<a href=\"mailto:sds@nicindustries.com\" target=\"_blank\" rel=\"noopener\" data-v-8ef39626=\"\">sds@nicindustries.com<\/a>\u00a0per maggiori informazioni.<\/p>\n<p data-v-8ef39626=\"\">Queste informazioni sono accurate al meglio delle nostre conoscenze, tuttavia non costituiscono una garanzia per nessuna caratteristica specifica del prodotto e non stabiliscono un rapporto contrattuale legalmente valido. Si consiglia di eseguire test adeguati nella propria struttura per determinare se questo prodotto soddisfa tutti i requisiti.<\/p>\n<p data-v-8ef39626=\"\">Non esitate a contattarci via e-mail all'indirizzo <a href=\"mailto:enquiries@cerakoteeu.com\" target=\"_blank\" rel=\"noopener\" data-v-8ef39626=\"\">enquiries@cerakoteeu.com<\/a>\u00a0 se avete domande.<\/p>\n<\/div>\n<div class=\"row\"  id=\"row-1310656764\">\n\n\t<div id=\"col-951387717\" class=\"col medium-4 small-12 large-4\"  >\n\t\t\t\t<div class=\"col-inner text-center\"  >\n\t\t\t\n\t\t\t\n<a href=\"https:\/\/images.nicindustries.com\/cerakote\/documents\/6998\/cerakote-c-series-dt20241219191346710211.pdf?1734635628&#038;_gl=1*17xq0fw*_gcl_au*MTA5MjM2ODk3NS4xNzUwMzE5ODc4*_ga*MTk4NjI1NzI1OC4xNzAzMTU2NTIz*_ga_KPM5Q2PRTX*czE3NTM0Mjk3NzgkbzM4JGcxJHQxNzUzNDMxMjg3JGo2MCRsMCRoMjMyNjIzNjk4\" target=\"_blank\" class=\"button primary\" rel=\"noopener\" >\n\t\t<span>Scheda di sicurezza<\/span>\n\t<\/a>\n\n\t\t<\/div>\n\t\t\t\t\t<\/div>\n\n\t\n\n\t<div id=\"col-1159301300\" class=\"col medium-4 small-12 large-4\"  >\n\t\t\t\t<div class=\"col-inner text-center\"  >\n\t\t\t\n\t\t\t\n<a href=\"https:\/\/images.nicindustries.com\/cerakote\/documents\/7366\/c-series-training-manual-air-cure-dt2025052120523612731.pdf?1747860761&#038;_gl=1*1jpg8b3*_gcl_au*MTA5MjM2ODk3NS4xNzUwMzE5ODc4*_ga*MTk4NjI1NzI1OC4xNzAzMTU2NTIz*_ga_KPM5Q2PRTX*czE3NTM0Mjk3NzgkbzM4JGcxJHQxNzUzNDMxMjk1JGo1MiRsMCRoMjMyNjIzNjk4\" target=\"_blank\" class=\"button primary\" rel=\"noopener\" >\n\t\t<span>Guida all'applicazione<\/span>\n\t<\/a>\n\n\t\t<\/div>\n\t\t\t\t\t<\/div>\n\n\t\n\n\t<div id=\"col-394896015\" class=\"col medium-4 small-12 large-4\"  >\n\t\t\t\t<div class=\"col-inner text-center\"  >\n\t\t\t\n\t\t\t\n<a href=\"https:\/\/www.cerakotesa.com\/wp-content\/uploads\/2025\/07\/C-299.pdf\" target=\"_blank\" class=\"button primary\" rel=\"noopener\" >\n\t\t<span>Scheda tecnica<\/span>\n\t<\/a>\n\n\t\t<\/div>\n\t\t\t\t\t<\/div>\n\n\t\n<\/div>\n\t\t<\/div>\n\t\t\t\t\t<\/div>\n\n\t\n<\/div>\n\t\t<\/div>\n\n\t\t\n<style>\n#section_188801047 {\n  padding-top: 30px;\n  padding-bottom: 30px;\n}\n<\/style>\n\t<\/section>","protected":false},"excerpt":{"rendered":"<p>Deep Blue \u00e8 un blu classico e vivace.<\/p>\n<p>*NOTA: questo prodotto non richiede catalizzatore. Questo colore richiede un <a href=\"https:\/\/www.cerakotesa.com\/product\/elite-series-325-mesh-strainer-44-micron-se-277\/\">Filtro a 325 maglie (SE-277)<\/a>.<\/p>\n<p>I rivestimenti ceramici Cerakote Deep Blue Serie C funzionano a temperature fino a 400\u00b0F \/ 204\u00b0C e rappresentano lo standard del settore per i rivestimenti ad alta temperatura. I rivestimenti della Serie C sono una linea di rivestimenti ceramici polimerizzati in aria e pronti per la spruzzatura. Scopri il <a href=\"https:\/\/www.cerakotesa.com\/documents\/\">Risorse<\/a> per le guide all'applicazione dei prodotti, le schede tecniche e le informazioni SDS.<\/p>","protected":false},"featured_media":16364,"comment_status":"open","ping_status":"closed","template":"","meta":{"_acf_changed":false},"product_brand":[],"product_cat":[987,1120,1124],"product_tag":[212,1067,59,33,1069,1068],"class_list":{"0":"post-16374","1":"product","2":"type-product","3":"status-publish","4":"has-post-thumbnail","6":"product_cat-cerakote-coatings","7":"product_cat-c-series-coatings","8":"product_cat-up-to-260c","9":"product_tag-blue","10":"product_tag-c-299","11":"product_tag-c-series","12":"product_tag-cerakote","13":"product_tag-deep","14":"product_tag-deep-blue","15":"product_shipping_class-flat-rate","17":"first","18":"instock","19":"taxable","20":"shipping-taxable","21":"product-type-variable"},"yoast_head":"<!-- This site is optimized with the Yoast SEO plugin v26.7 - https:\/\/yoast.com\/wordpress\/plugins\/seo\/ -->\n<title>Deep Blue C-299 - Cerakote South Africa<\/title>\n<meta name=\"robots\" content=\"index, follow, max-snippet:-1, max-image-preview:large, max-video-preview:-1\" \/>\n<link rel=\"canonical\" href=\"https:\/\/www.cerakotesa.com\/it\/prodotto\/deep-blue-c-299\/\" \/>\n<meta property=\"og:locale\" content=\"it_IT\" \/>\n<meta property=\"og:type\" content=\"article\" \/>\n<meta property=\"og:title\" content=\"Deep Blue C-299 - Cerakote South Africa\" \/>\n<meta property=\"og:description\" content=\"Deep Blue is a vivid classic blue.  *NOTE: This product does not require catalyst. This color does require a 325 Mesh Strainer (SE-277).  Cerakote Deep Blue C Series Ceramic Coatings will perform at temperatures up to 400\u00b0F \/ 204\u00b0C and set the industry standard in high temperature coatings. C Series coatings are a line of air cured, ready to spray ceramic coatings. Check out the Resources section for product application guides, technical data sheets and SDS information.\" \/>\n<meta property=\"og:url\" content=\"https:\/\/www.cerakotesa.com\/it\/prodotto\/deep-blue-c-299\/\" \/>\n<meta property=\"og:site_name\" content=\"Cerakote South Africa\" \/>\n<meta property=\"article:modified_time\" content=\"2025-07-25T08:16:10+00:00\" \/>\n<meta property=\"og:image\" content=\"https:\/\/www.cerakotesa.com\/wp-content\/uploads\/2024\/01\/deep-blue-c-299-dt20231222220131502052-thumbnail.jpg\" \/>\n\t<meta property=\"og:image:width\" content=\"600\" \/>\n\t<meta property=\"og:image:height\" content=\"600\" \/>\n\t<meta property=\"og:image:type\" content=\"image\/jpeg\" \/>\n<meta name=\"twitter:card\" content=\"summary_large_image\" \/>\n<meta name=\"twitter:label1\" content=\"Tempo di lettura stimato\" \/>\n\t<meta name=\"twitter:data1\" content=\"1 minuto\" \/>\n<script type=\"application\/ld+json\" class=\"yoast-schema-graph\">{\"@context\":\"https:\/\/schema.org\",\"@graph\":[{\"@type\":\"WebPage\",\"@id\":\"https:\/\/www.cerakotesa.com\/product\/deep-blue-c-299\/\",\"url\":\"https:\/\/www.cerakotesa.com\/product\/deep-blue-c-299\/\",\"name\":\"Deep Blue C-299 - Cerakote South Africa\",\"isPartOf\":{\"@id\":\"https:\/\/www.cerakotesa.com\/#website\"},\"primaryImageOfPage\":{\"@id\":\"https:\/\/www.cerakotesa.com\/product\/deep-blue-c-299\/#primaryimage\"},\"image\":{\"@id\":\"https:\/\/www.cerakotesa.com\/product\/deep-blue-c-299\/#primaryimage\"},\"thumbnailUrl\":\"https:\/\/www.cerakotesa.com\/wp-content\/uploads\/2024\/01\/deep-blue-c-299-dt20231222220131502052-thumbnail.jpg\",\"datePublished\":\"2024-01-12T15:38:28+00:00\",\"dateModified\":\"2025-07-25T08:16:10+00:00\",\"breadcrumb\":{\"@id\":\"https:\/\/www.cerakotesa.com\/product\/deep-blue-c-299\/#breadcrumb\"},\"inLanguage\":\"it-IT\",\"potentialAction\":[{\"@type\":\"ReadAction\",\"target\":[\"https:\/\/www.cerakotesa.com\/product\/deep-blue-c-299\/\"]}]},{\"@type\":\"ImageObject\",\"inLanguage\":\"it-IT\",\"@id\":\"https:\/\/www.cerakotesa.com\/product\/deep-blue-c-299\/#primaryimage\",\"url\":\"https:\/\/www.cerakotesa.com\/wp-content\/uploads\/2024\/01\/deep-blue-c-299-dt20231222220131502052-thumbnail.jpg\",\"contentUrl\":\"https:\/\/www.cerakotesa.com\/wp-content\/uploads\/2024\/01\/deep-blue-c-299-dt20231222220131502052-thumbnail.jpg\",\"width\":600,\"height\":600},{\"@type\":\"BreadcrumbList\",\"@id\":\"https:\/\/www.cerakotesa.com\/product\/deep-blue-c-299\/#breadcrumb\",\"itemListElement\":[{\"@type\":\"ListItem\",\"position\":1,\"name\":\"Home\",\"item\":\"https:\/\/www.cerakotesa.com\/\"},{\"@type\":\"ListItem\",\"position\":2,\"name\":\"Products\",\"item\":\"https:\/\/www.cerakotesa.com\/shop\/\"},{\"@type\":\"ListItem\",\"position\":3,\"name\":\"Deep Blue C-299\"}]},{\"@type\":\"WebSite\",\"@id\":\"https:\/\/www.cerakotesa.com\/#website\",\"url\":\"https:\/\/www.cerakotesa.com\/\",\"name\":\"Cerakote South Africa\",\"description\":\"Cerakote is a global leader in the manufacturing of thin-film protective ceramic coatings\",\"potentialAction\":[{\"@type\":\"SearchAction\",\"target\":{\"@type\":\"EntryPoint\",\"urlTemplate\":\"https:\/\/www.cerakotesa.com\/?s={search_term_string}\"},\"query-input\":{\"@type\":\"PropertyValueSpecification\",\"valueRequired\":true,\"valueName\":\"search_term_string\"}}],\"inLanguage\":\"it-IT\"}]}<\/script>\n<!-- \/ Yoast SEO plugin. -->","yoast_head_json":{"title":"Deep Blue C-299 - Cerakote South Africa","robots":{"index":"index","follow":"follow","max-snippet":"max-snippet:-1","max-image-preview":"max-image-preview:large","max-video-preview":"max-video-preview:-1"},"canonical":"https:\/\/www.cerakotesa.com\/it\/prodotto\/deep-blue-c-299\/","og_locale":"it_IT","og_type":"article","og_title":"Deep Blue C-299 - Cerakote South Africa","og_description":"Deep Blue is a vivid classic blue.  *NOTE: This product does not require catalyst. This color does require a 325 Mesh Strainer (SE-277).  Cerakote Deep Blue C Series Ceramic Coatings will perform at temperatures up to 400\u00b0F \/ 204\u00b0C and set the industry standard in high temperature coatings. C Series coatings are a line of air cured, ready to spray ceramic coatings. Check out the Resources section for product application guides, technical data sheets and SDS information.","og_url":"https:\/\/www.cerakotesa.com\/it\/prodotto\/deep-blue-c-299\/","og_site_name":"Cerakote South Africa","article_modified_time":"2025-07-25T08:16:10+00:00","og_image":[{"width":600,"height":600,"url":"https:\/\/www.cerakotesa.com\/wp-content\/uploads\/2024\/01\/deep-blue-c-299-dt20231222220131502052-thumbnail.jpg","type":"image\/jpeg"}],"twitter_card":"summary_large_image","twitter_misc":{"Tempo di lettura stimato":"1 minuto"},"schema":{"@context":"https:\/\/schema.org","@graph":[{"@type":"WebPage","@id":"https:\/\/www.cerakotesa.com\/product\/deep-blue-c-299\/","url":"https:\/\/www.cerakotesa.com\/product\/deep-blue-c-299\/","name":"Deep Blue C-299 - Cerakote South Africa","isPartOf":{"@id":"https:\/\/www.cerakotesa.com\/#website"},"primaryImageOfPage":{"@id":"https:\/\/www.cerakotesa.com\/product\/deep-blue-c-299\/#primaryimage"},"image":{"@id":"https:\/\/www.cerakotesa.com\/product\/deep-blue-c-299\/#primaryimage"},"thumbnailUrl":"https:\/\/www.cerakotesa.com\/wp-content\/uploads\/2024\/01\/deep-blue-c-299-dt20231222220131502052-thumbnail.jpg","datePublished":"2024-01-12T15:38:28+00:00","dateModified":"2025-07-25T08:16:10+00:00","breadcrumb":{"@id":"https:\/\/www.cerakotesa.com\/product\/deep-blue-c-299\/#breadcrumb"},"inLanguage":"it-IT","potentialAction":[{"@type":"ReadAction","target":["https:\/\/www.cerakotesa.com\/product\/deep-blue-c-299\/"]}]},{"@type":"ImageObject","inLanguage":"it-IT","@id":"https:\/\/www.cerakotesa.com\/product\/deep-blue-c-299\/#primaryimage","url":"https:\/\/www.cerakotesa.com\/wp-content\/uploads\/2024\/01\/deep-blue-c-299-dt20231222220131502052-thumbnail.jpg","contentUrl":"https:\/\/www.cerakotesa.com\/wp-content\/uploads\/2024\/01\/deep-blue-c-299-dt20231222220131502052-thumbnail.jpg","width":600,"height":600},{"@type":"BreadcrumbList","@id":"https:\/\/www.cerakotesa.com\/product\/deep-blue-c-299\/#breadcrumb","itemListElement":[{"@type":"ListItem","position":1,"name":"Home","item":"https:\/\/www.cerakotesa.com\/"},{"@type":"ListItem","position":2,"name":"Products","item":"https:\/\/www.cerakotesa.com\/shop\/"},{"@type":"ListItem","position":3,"name":"Deep Blue C-299"}]},{"@type":"WebSite","@id":"https:\/\/www.cerakotesa.com\/#website","url":"https:\/\/www.cerakotesa.com\/","name":"Cerakote South Africa","description":"Cerakote \u00e8 leader mondiale nella produzione di rivestimenti ceramici protettivi a film sottile.","potentialAction":[{"@type":"SearchAction","target":{"@type":"EntryPoint","urlTemplate":"https:\/\/www.cerakotesa.com\/?s={search_term_string}"},"query-input":{"@type":"PropertyValueSpecification","valueRequired":true,"valueName":"search_term_string"}}],"inLanguage":"it-IT"}]}},"acf":[],"_links":{"self":[{"href":"https:\/\/www.cerakotesa.com\/it\/wp-json\/wp\/v2\/product\/16374","targetHints":{"allow":["GET"]}}],"collection":[{"href":"https:\/\/www.cerakotesa.com\/it\/wp-json\/wp\/v2\/product"}],"about":[{"href":"https:\/\/www.cerakotesa.com\/it\/wp-json\/wp\/v2\/types\/product"}],"replies":[{"embeddable":true,"href":"https:\/\/www.cerakotesa.com\/it\/wp-json\/wp\/v2\/comments?post=16374"}],"wp:featuredmedia":[{"embeddable":true,"href":"https:\/\/www.cerakotesa.com\/it\/wp-json\/wp\/v2\/media\/16364"}],"wp:attachment":[{"href":"https:\/\/www.cerakotesa.com\/it\/wp-json\/wp\/v2\/media?parent=16374"}],"wp:term":[{"taxonomy":"product_brand","embeddable":true,"href":"https:\/\/www.cerakotesa.com\/it\/wp-json\/wp\/v2\/product_brand?post=16374"},{"taxonomy":"product_cat","embeddable":true,"href":"https:\/\/www.cerakotesa.com\/it\/wp-json\/wp\/v2\/product_cat?post=16374"},{"taxonomy":"product_tag","embeddable":true,"href":"https:\/\/www.cerakotesa.com\/it\/wp-json\/wp\/v2\/product_tag?post=16374"}],"curies":[{"name":"wp","href":"https:\/\/api.w.org\/{rel}","templated":true}]}}