{"id":16873,"date":"2024-03-12T11:39:07","date_gmt":"2024-03-12T11:39:07","guid":{"rendered":"https:\/\/www.cerakotesa.com\/?post_type=product&#038;p=16873"},"modified":"2025-02-28T09:28:30","modified_gmt":"2025-02-28T09:28:30","slug":"cerakote-rapid-ceramic-tire-coat-ah-rctire","status":"publish","type":"product","link":"https:\/\/www.cerakotesa.com\/it\/prodotto\/cerakote-rapid-ceramic-tire-coat-ah-rctire\/","title":{"rendered":"Rivestimento ceramico rapido per pneumatici Cerakote\u00ae AH-RCTIRE"},"content":{"rendered":"","protected":false},"excerpt":{"rendered":"<p>Provate un look rinnovato per i vostri pneumatici con il Rapid Ceramic Tire Coat di Cerakote. \u00c8 sufficiente spruzzare il prodotto sui pneumatici e strofinarlo con l'applicatore in schiuma Cerakote di alta qualit\u00e0 in dotazione. Rapid Ceramic Tire Coat non solo dona un nuovo look ai vostri pneumatici, ma dura 10 volte di pi\u00f9 rispetto ai principali rivestimenti per pneumatici!<\/p>\n<p>Ogni kit comprende:<\/p>\n<ul>\n<li>(1) flacone di Rapid Ceramic Tire Coat da 8 oz.<\/li>\n<li>(1) applicatore in schiuma di alta qualit\u00e0<\/li>\n<\/ul>","protected":false},"featured_media":16875,"comment_status":"open","ping_status":"closed","template":"","meta":{"_acf_changed":false},"product_brand":[],"product_cat":[1056],"product_tag":[1100,1101],"class_list":{"0":"post-16873","1":"product","2":"type-product","3":"status-publish","4":"has-post-thumbnail","6":"product_cat-auto-home","7":"product_tag-ah-rctire","8":"product_tag-tire-coat","9":"product_shipping_class-flat-rate","11":"first","12":"instock","13":"taxable","14":"shipping-taxable","15":"product-type-simple"},"yoast_head":"<!-- This site is optimized with the Yoast SEO plugin v26.7 - https:\/\/yoast.com\/wordpress\/plugins\/seo\/ -->\n<title>Cerakote\u00ae Rapid Ceramic Tire Coat AH-RCTIRE - Cerakote South Africa<\/title>\n<meta name=\"robots\" content=\"index, follow, max-snippet:-1, max-image-preview:large, max-video-preview:-1\" \/>\n<link rel=\"canonical\" href=\"https:\/\/www.cerakotesa.com\/it\/prodotto\/cerakote-rapid-ceramic-tire-coat-ah-rctire\/\" \/>\n<meta property=\"og:locale\" content=\"it_IT\" \/>\n<meta property=\"og:type\" content=\"article\" \/>\n<meta property=\"og:title\" content=\"Cerakote\u00ae Rapid Ceramic Tire Coat AH-RCTIRE - Cerakote South Africa\" \/>\n<meta property=\"og:description\" content=\"Experience a revitalized look for your tires with Cerakote&#039;s Rapid Ceramic Tire Coat. Simply spray the product on your tires and rub it in with our supplied high quality Cerakote foam applicator. Not only does Rapid Ceramic Tire Coat give a new look to your tires, but it lasts 10x longer than the leading tire coating!  Each kit includes:   (1) 8 oz. bottle of Rapid Ceramic Tire Coat  (1) high quality foam applicator\" \/>\n<meta property=\"og:url\" content=\"https:\/\/www.cerakotesa.com\/it\/prodotto\/cerakote-rapid-ceramic-tire-coat-ah-rctire\/\" \/>\n<meta property=\"og:site_name\" content=\"Cerakote South Africa\" \/>\n<meta property=\"article:modified_time\" content=\"2025-02-28T09:28:30+00:00\" \/>\n<meta property=\"og:image\" content=\"https:\/\/www.cerakotesa.com\/wp-content\/uploads\/2024\/03\/nic_tire_package__80275.jpg\" \/>\n\t<meta property=\"og:image:width\" content=\"1280\" \/>\n\t<meta property=\"og:image:height\" content=\"1280\" \/>\n\t<meta property=\"og:image:type\" content=\"image\/jpeg\" \/>\n<meta name=\"twitter:card\" content=\"summary_large_image\" \/>\n<script type=\"application\/ld+json\" class=\"yoast-schema-graph\">{\"@context\":\"https:\/\/schema.org\",\"@graph\":[{\"@type\":\"WebPage\",\"@id\":\"https:\/\/www.cerakotesa.com\/product\/cerakote-rapid-ceramic-tire-coat-ah-rctire\/\",\"url\":\"https:\/\/www.cerakotesa.com\/product\/cerakote-rapid-ceramic-tire-coat-ah-rctire\/\",\"name\":\"Cerakote\u00ae Rapid Ceramic Tire Coat AH-RCTIRE - Cerakote South Africa\",\"isPartOf\":{\"@id\":\"https:\/\/www.cerakotesa.com\/#website\"},\"primaryImageOfPage\":{\"@id\":\"https:\/\/www.cerakotesa.com\/product\/cerakote-rapid-ceramic-tire-coat-ah-rctire\/#primaryimage\"},\"image\":{\"@id\":\"https:\/\/www.cerakotesa.com\/product\/cerakote-rapid-ceramic-tire-coat-ah-rctire\/#primaryimage\"},\"thumbnailUrl\":\"https:\/\/www.cerakotesa.com\/wp-content\/uploads\/2024\/03\/nic_tire_package__80275.jpg\",\"datePublished\":\"2024-03-12T11:39:07+00:00\",\"dateModified\":\"2025-02-28T09:28:30+00:00\",\"breadcrumb\":{\"@id\":\"https:\/\/www.cerakotesa.com\/product\/cerakote-rapid-ceramic-tire-coat-ah-rctire\/#breadcrumb\"},\"inLanguage\":\"it-IT\",\"potentialAction\":[{\"@type\":\"ReadAction\",\"target\":[\"https:\/\/www.cerakotesa.com\/product\/cerakote-rapid-ceramic-tire-coat-ah-rctire\/\"]}]},{\"@type\":\"ImageObject\",\"inLanguage\":\"it-IT\",\"@id\":\"https:\/\/www.cerakotesa.com\/product\/cerakote-rapid-ceramic-tire-coat-ah-rctire\/#primaryimage\",\"url\":\"https:\/\/www.cerakotesa.com\/wp-content\/uploads\/2024\/03\/nic_tire_package__80275.jpg\",\"contentUrl\":\"https:\/\/www.cerakotesa.com\/wp-content\/uploads\/2024\/03\/nic_tire_package__80275.jpg\",\"width\":1280,\"height\":1280},{\"@type\":\"BreadcrumbList\",\"@id\":\"https:\/\/www.cerakotesa.com\/product\/cerakote-rapid-ceramic-tire-coat-ah-rctire\/#breadcrumb\",\"itemListElement\":[{\"@type\":\"ListItem\",\"position\":1,\"name\":\"Home\",\"item\":\"https:\/\/www.cerakotesa.com\/\"},{\"@type\":\"ListItem\",\"position\":2,\"name\":\"Products\",\"item\":\"https:\/\/www.cerakotesa.com\/shop\/\"},{\"@type\":\"ListItem\",\"position\":3,\"name\":\"Cerakote\u00ae Rapid Ceramic Tire Coat AH-RCTIRE\"}]},{\"@type\":\"WebSite\",\"@id\":\"https:\/\/www.cerakotesa.com\/#website\",\"url\":\"https:\/\/www.cerakotesa.com\/\",\"name\":\"Cerakote South Africa\",\"description\":\"Cerakote is a global leader in the manufacturing of thin-film protective ceramic coatings\",\"potentialAction\":[{\"@type\":\"SearchAction\",\"target\":{\"@type\":\"EntryPoint\",\"urlTemplate\":\"https:\/\/www.cerakotesa.com\/?s={search_term_string}\"},\"query-input\":{\"@type\":\"PropertyValueSpecification\",\"valueRequired\":true,\"valueName\":\"search_term_string\"}}],\"inLanguage\":\"it-IT\"}]}<\/script>\n<!-- \/ Yoast SEO plugin. -->","yoast_head_json":{"title":"Cerakote\u00ae Rapid Ceramic Tire Coat AH-RCTIRE - Cerakote South Africa","robots":{"index":"index","follow":"follow","max-snippet":"max-snippet:-1","max-image-preview":"max-image-preview:large","max-video-preview":"max-video-preview:-1"},"canonical":"https:\/\/www.cerakotesa.com\/it\/prodotto\/cerakote-rapid-ceramic-tire-coat-ah-rctire\/","og_locale":"it_IT","og_type":"article","og_title":"Cerakote\u00ae Rapid Ceramic Tire Coat AH-RCTIRE - Cerakote South Africa","og_description":"Experience a revitalized look for your tires with Cerakote's Rapid Ceramic Tire Coat. Simply spray the product on your tires and rub it in with our supplied high quality Cerakote foam applicator. Not only does Rapid Ceramic Tire Coat give a new look to your tires, but it lasts 10x longer than the leading tire coating!  Each kit includes:   (1) 8 oz. bottle of Rapid Ceramic Tire Coat  (1) high quality foam applicator","og_url":"https:\/\/www.cerakotesa.com\/it\/prodotto\/cerakote-rapid-ceramic-tire-coat-ah-rctire\/","og_site_name":"Cerakote South Africa","article_modified_time":"2025-02-28T09:28:30+00:00","og_image":[{"width":1280,"height":1280,"url":"https:\/\/www.cerakotesa.com\/wp-content\/uploads\/2024\/03\/nic_tire_package__80275.jpg","type":"image\/jpeg"}],"twitter_card":"summary_large_image","schema":{"@context":"https:\/\/schema.org","@graph":[{"@type":"WebPage","@id":"https:\/\/www.cerakotesa.com\/product\/cerakote-rapid-ceramic-tire-coat-ah-rctire\/","url":"https:\/\/www.cerakotesa.com\/product\/cerakote-rapid-ceramic-tire-coat-ah-rctire\/","name":"Cerakote\u00ae Rapid Ceramic Tire Coat AH-RCTIRE - Cerakote South Africa","isPartOf":{"@id":"https:\/\/www.cerakotesa.com\/#website"},"primaryImageOfPage":{"@id":"https:\/\/www.cerakotesa.com\/product\/cerakote-rapid-ceramic-tire-coat-ah-rctire\/#primaryimage"},"image":{"@id":"https:\/\/www.cerakotesa.com\/product\/cerakote-rapid-ceramic-tire-coat-ah-rctire\/#primaryimage"},"thumbnailUrl":"https:\/\/www.cerakotesa.com\/wp-content\/uploads\/2024\/03\/nic_tire_package__80275.jpg","datePublished":"2024-03-12T11:39:07+00:00","dateModified":"2025-02-28T09:28:30+00:00","breadcrumb":{"@id":"https:\/\/www.cerakotesa.com\/product\/cerakote-rapid-ceramic-tire-coat-ah-rctire\/#breadcrumb"},"inLanguage":"it-IT","potentialAction":[{"@type":"ReadAction","target":["https:\/\/www.cerakotesa.com\/product\/cerakote-rapid-ceramic-tire-coat-ah-rctire\/"]}]},{"@type":"ImageObject","inLanguage":"it-IT","@id":"https:\/\/www.cerakotesa.com\/product\/cerakote-rapid-ceramic-tire-coat-ah-rctire\/#primaryimage","url":"https:\/\/www.cerakotesa.com\/wp-content\/uploads\/2024\/03\/nic_tire_package__80275.jpg","contentUrl":"https:\/\/www.cerakotesa.com\/wp-content\/uploads\/2024\/03\/nic_tire_package__80275.jpg","width":1280,"height":1280},{"@type":"BreadcrumbList","@id":"https:\/\/www.cerakotesa.com\/product\/cerakote-rapid-ceramic-tire-coat-ah-rctire\/#breadcrumb","itemListElement":[{"@type":"ListItem","position":1,"name":"Home","item":"https:\/\/www.cerakotesa.com\/"},{"@type":"ListItem","position":2,"name":"Products","item":"https:\/\/www.cerakotesa.com\/shop\/"},{"@type":"ListItem","position":3,"name":"Cerakote\u00ae Rapid Ceramic Tire Coat AH-RCTIRE"}]},{"@type":"WebSite","@id":"https:\/\/www.cerakotesa.com\/#website","url":"https:\/\/www.cerakotesa.com\/","name":"Cerakote South Africa","description":"Cerakote \u00e8 leader mondiale nella produzione di rivestimenti ceramici protettivi a film sottile.","potentialAction":[{"@type":"SearchAction","target":{"@type":"EntryPoint","urlTemplate":"https:\/\/www.cerakotesa.com\/?s={search_term_string}"},"query-input":{"@type":"PropertyValueSpecification","valueRequired":true,"valueName":"search_term_string"}}],"inLanguage":"it-IT"}]}},"acf":[],"_links":{"self":[{"href":"https:\/\/www.cerakotesa.com\/it\/wp-json\/wp\/v2\/product\/16873","targetHints":{"allow":["GET"]}}],"collection":[{"href":"https:\/\/www.cerakotesa.com\/it\/wp-json\/wp\/v2\/product"}],"about":[{"href":"https:\/\/www.cerakotesa.com\/it\/wp-json\/wp\/v2\/types\/product"}],"replies":[{"embeddable":true,"href":"https:\/\/www.cerakotesa.com\/it\/wp-json\/wp\/v2\/comments?post=16873"}],"wp:featuredmedia":[{"embeddable":true,"href":"https:\/\/www.cerakotesa.com\/it\/wp-json\/wp\/v2\/media\/16875"}],"wp:attachment":[{"href":"https:\/\/www.cerakotesa.com\/it\/wp-json\/wp\/v2\/media?parent=16873"}],"wp:term":[{"taxonomy":"product_brand","embeddable":true,"href":"https:\/\/www.cerakotesa.com\/it\/wp-json\/wp\/v2\/product_brand?post=16873"},{"taxonomy":"product_cat","embeddable":true,"href":"https:\/\/www.cerakotesa.com\/it\/wp-json\/wp\/v2\/product_cat?post=16873"},{"taxonomy":"product_tag","embeddable":true,"href":"https:\/\/www.cerakotesa.com\/it\/wp-json\/wp\/v2\/product_tag?post=16873"}],"curies":[{"name":"wp","href":"https:\/\/api.w.org\/{rel}","templated":true}]}}