{"id":18918,"date":"2024-09-24T13:54:04","date_gmt":"2024-09-24T13:54:04","guid":{"rendered":"https:\/\/www.cerakotesa.com\/?post_type=product&#038;p=18918"},"modified":"2024-09-24T13:54:12","modified_gmt":"2024-09-24T13:54:12","slug":"cerakote-wash-bottle-1000-ml-se-396","status":"publish","type":"product","link":"https:\/\/www.cerakotesa.com\/it\/prodotto\/cerakote-wash-bottle-1000-ml-se-396\/","title":{"rendered":"Bottiglia di lavaggio Cerakote\u00ae 1.000 ml SE-396"},"content":{"rendered":"","protected":false},"excerpt":{"rendered":"<p>Cerakote\u00ae \u00e8 in procinto di rendere le vostre esigenze di attrezzatura un'unica soluzione. Questa bottiglia di lavaggio \u00e8 perfetta per la pulizia di bombole, filtri e pistole a spruzzo. Questo flacone di lavaggio \u00e8 quello che il team di formazione Cerakote\u00ae utilizza e raccomanda. La pulizia \u00e8 una fase importante del processo di verniciatura e non deve essere trascurata. Il flacone di lavaggio Cerakote\u00ae ha una capacit\u00e0 di 1.000 ml di liquido di pulizia e dispone di un ugello di facile utilizzo che rende la pulizia semplice e facile.<\/p>","protected":false},"featured_media":18919,"comment_status":"open","ping_status":"closed","template":"","meta":{"_acf_changed":false},"product_brand":[],"product_cat":[106],"product_tag":[105,1128,618],"class_list":{"0":"post-18918","1":"product","2":"type-product","3":"status-publish","4":"has-post-thumbnail","6":"product_cat-equipment","7":"product_tag-equipment","8":"product_tag-se-396","9":"product_tag-wash-bottle","10":"product_shipping_class-flat-rate","12":"first","13":"instock","14":"taxable","15":"shipping-taxable","16":"product-type-simple"},"yoast_head":"<!-- This site is optimized with the Yoast SEO plugin v26.7 - https:\/\/yoast.com\/wordpress\/plugins\/seo\/ -->\n<title>Cerakote\u00ae Wash Bottle 1,000 ml SE-396 - Cerakote South Africa<\/title>\n<meta name=\"robots\" content=\"index, follow, max-snippet:-1, max-image-preview:large, max-video-preview:-1\" \/>\n<link rel=\"canonical\" href=\"https:\/\/www.cerakotesa.com\/it\/prodotto\/cerakote-wash-bottle-1000-ml-se-396\/\" \/>\n<meta property=\"og:locale\" content=\"it_IT\" \/>\n<meta property=\"og:type\" content=\"article\" \/>\n<meta property=\"og:title\" content=\"Cerakote\u00ae Wash Bottle 1,000 ml SE-396 - Cerakote South Africa\" \/>\n<meta property=\"og:description\" content=\"Cerakote\u00ae is on its way to making your equipment needs a one stop shop. This wash bottle is perfect for cleaning your cylinders, filters, and spray guns. This wash bottle is what the Cerakote\u00ae Training team uses and recommends. Cleaning is an important step in the coating process and should not be overlooked. The Cerakote\u00ae Wash Bottle holds 32oz \/ 1,000 ml of cleaning fluid and has a simple to use nozzle making cleaning simple and easy.\" \/>\n<meta property=\"og:url\" content=\"https:\/\/www.cerakotesa.com\/it\/prodotto\/cerakote-wash-bottle-1000-ml-se-396\/\" \/>\n<meta property=\"og:site_name\" content=\"Cerakote South Africa\" \/>\n<meta property=\"article:modified_time\" content=\"2024-09-24T13:54:12+00:00\" \/>\n<meta property=\"og:image\" content=\"https:\/\/www.cerakotesa.com\/wp-content\/uploads\/2024\/09\/cerakote-wash-bottle-1-000-ml-se-396-dt20231219170600477226-thumbnail.jpg\" \/>\n\t<meta property=\"og:image:width\" content=\"600\" \/>\n\t<meta property=\"og:image:height\" content=\"600\" \/>\n\t<meta property=\"og:image:type\" content=\"image\/jpeg\" \/>\n<meta name=\"twitter:card\" content=\"summary_large_image\" \/>\n<meta name=\"twitter:label1\" content=\"Tempo di lettura stimato\" \/>\n\t<meta name=\"twitter:data1\" content=\"1 minuto\" \/>\n<script type=\"application\/ld+json\" class=\"yoast-schema-graph\">{\"@context\":\"https:\/\/schema.org\",\"@graph\":[{\"@type\":\"WebPage\",\"@id\":\"https:\/\/www.cerakotesa.com\/product\/cerakote-wash-bottle-1000-ml-se-396\/\",\"url\":\"https:\/\/www.cerakotesa.com\/product\/cerakote-wash-bottle-1000-ml-se-396\/\",\"name\":\"Cerakote\u00ae Wash Bottle 1,000 ml SE-396 - Cerakote South Africa\",\"isPartOf\":{\"@id\":\"https:\/\/www.cerakotesa.com\/#website\"},\"primaryImageOfPage\":{\"@id\":\"https:\/\/www.cerakotesa.com\/product\/cerakote-wash-bottle-1000-ml-se-396\/#primaryimage\"},\"image\":{\"@id\":\"https:\/\/www.cerakotesa.com\/product\/cerakote-wash-bottle-1000-ml-se-396\/#primaryimage\"},\"thumbnailUrl\":\"https:\/\/www.cerakotesa.com\/wp-content\/uploads\/2024\/09\/cerakote-wash-bottle-1-000-ml-se-396-dt20231219170600477226-thumbnail.jpg\",\"datePublished\":\"2024-09-24T13:54:04+00:00\",\"dateModified\":\"2024-09-24T13:54:12+00:00\",\"breadcrumb\":{\"@id\":\"https:\/\/www.cerakotesa.com\/product\/cerakote-wash-bottle-1000-ml-se-396\/#breadcrumb\"},\"inLanguage\":\"it-IT\",\"potentialAction\":[{\"@type\":\"ReadAction\",\"target\":[\"https:\/\/www.cerakotesa.com\/product\/cerakote-wash-bottle-1000-ml-se-396\/\"]}]},{\"@type\":\"ImageObject\",\"inLanguage\":\"it-IT\",\"@id\":\"https:\/\/www.cerakotesa.com\/product\/cerakote-wash-bottle-1000-ml-se-396\/#primaryimage\",\"url\":\"https:\/\/www.cerakotesa.com\/wp-content\/uploads\/2024\/09\/cerakote-wash-bottle-1-000-ml-se-396-dt20231219170600477226-thumbnail.jpg\",\"contentUrl\":\"https:\/\/www.cerakotesa.com\/wp-content\/uploads\/2024\/09\/cerakote-wash-bottle-1-000-ml-se-396-dt20231219170600477226-thumbnail.jpg\",\"width\":600,\"height\":600},{\"@type\":\"BreadcrumbList\",\"@id\":\"https:\/\/www.cerakotesa.com\/product\/cerakote-wash-bottle-1000-ml-se-396\/#breadcrumb\",\"itemListElement\":[{\"@type\":\"ListItem\",\"position\":1,\"name\":\"Home\",\"item\":\"https:\/\/www.cerakotesa.com\/\"},{\"@type\":\"ListItem\",\"position\":2,\"name\":\"Products\",\"item\":\"https:\/\/www.cerakotesa.com\/shop\/\"},{\"@type\":\"ListItem\",\"position\":3,\"name\":\"Cerakote\u00ae Wash Bottle 1,000 ml SE-396\"}]},{\"@type\":\"WebSite\",\"@id\":\"https:\/\/www.cerakotesa.com\/#website\",\"url\":\"https:\/\/www.cerakotesa.com\/\",\"name\":\"Cerakote South Africa\",\"description\":\"Cerakote is a global leader in the manufacturing of thin-film protective ceramic coatings\",\"potentialAction\":[{\"@type\":\"SearchAction\",\"target\":{\"@type\":\"EntryPoint\",\"urlTemplate\":\"https:\/\/www.cerakotesa.com\/?s={search_term_string}\"},\"query-input\":{\"@type\":\"PropertyValueSpecification\",\"valueRequired\":true,\"valueName\":\"search_term_string\"}}],\"inLanguage\":\"it-IT\"}]}<\/script>\n<!-- \/ Yoast SEO plugin. -->","yoast_head_json":{"title":"Cerakote\u00ae Wash Bottle 1,000 ml SE-396 - Cerakote South Africa","robots":{"index":"index","follow":"follow","max-snippet":"max-snippet:-1","max-image-preview":"max-image-preview:large","max-video-preview":"max-video-preview:-1"},"canonical":"https:\/\/www.cerakotesa.com\/it\/prodotto\/cerakote-wash-bottle-1000-ml-se-396\/","og_locale":"it_IT","og_type":"article","og_title":"Cerakote\u00ae Wash Bottle 1,000 ml SE-396 - Cerakote South Africa","og_description":"Cerakote\u00ae is on its way to making your equipment needs a one stop shop. This wash bottle is perfect for cleaning your cylinders, filters, and spray guns. This wash bottle is what the Cerakote\u00ae Training team uses and recommends. Cleaning is an important step in the coating process and should not be overlooked. The Cerakote\u00ae Wash Bottle holds 32oz \/ 1,000 ml of cleaning fluid and has a simple to use nozzle making cleaning simple and easy.","og_url":"https:\/\/www.cerakotesa.com\/it\/prodotto\/cerakote-wash-bottle-1000-ml-se-396\/","og_site_name":"Cerakote South Africa","article_modified_time":"2024-09-24T13:54:12+00:00","og_image":[{"width":600,"height":600,"url":"https:\/\/www.cerakotesa.com\/wp-content\/uploads\/2024\/09\/cerakote-wash-bottle-1-000-ml-se-396-dt20231219170600477226-thumbnail.jpg","type":"image\/jpeg"}],"twitter_card":"summary_large_image","twitter_misc":{"Tempo di lettura stimato":"1 minuto"},"schema":{"@context":"https:\/\/schema.org","@graph":[{"@type":"WebPage","@id":"https:\/\/www.cerakotesa.com\/product\/cerakote-wash-bottle-1000-ml-se-396\/","url":"https:\/\/www.cerakotesa.com\/product\/cerakote-wash-bottle-1000-ml-se-396\/","name":"Cerakote\u00ae Wash Bottle 1,000 ml SE-396 - Cerakote South Africa","isPartOf":{"@id":"https:\/\/www.cerakotesa.com\/#website"},"primaryImageOfPage":{"@id":"https:\/\/www.cerakotesa.com\/product\/cerakote-wash-bottle-1000-ml-se-396\/#primaryimage"},"image":{"@id":"https:\/\/www.cerakotesa.com\/product\/cerakote-wash-bottle-1000-ml-se-396\/#primaryimage"},"thumbnailUrl":"https:\/\/www.cerakotesa.com\/wp-content\/uploads\/2024\/09\/cerakote-wash-bottle-1-000-ml-se-396-dt20231219170600477226-thumbnail.jpg","datePublished":"2024-09-24T13:54:04+00:00","dateModified":"2024-09-24T13:54:12+00:00","breadcrumb":{"@id":"https:\/\/www.cerakotesa.com\/product\/cerakote-wash-bottle-1000-ml-se-396\/#breadcrumb"},"inLanguage":"it-IT","potentialAction":[{"@type":"ReadAction","target":["https:\/\/www.cerakotesa.com\/product\/cerakote-wash-bottle-1000-ml-se-396\/"]}]},{"@type":"ImageObject","inLanguage":"it-IT","@id":"https:\/\/www.cerakotesa.com\/product\/cerakote-wash-bottle-1000-ml-se-396\/#primaryimage","url":"https:\/\/www.cerakotesa.com\/wp-content\/uploads\/2024\/09\/cerakote-wash-bottle-1-000-ml-se-396-dt20231219170600477226-thumbnail.jpg","contentUrl":"https:\/\/www.cerakotesa.com\/wp-content\/uploads\/2024\/09\/cerakote-wash-bottle-1-000-ml-se-396-dt20231219170600477226-thumbnail.jpg","width":600,"height":600},{"@type":"BreadcrumbList","@id":"https:\/\/www.cerakotesa.com\/product\/cerakote-wash-bottle-1000-ml-se-396\/#breadcrumb","itemListElement":[{"@type":"ListItem","position":1,"name":"Home","item":"https:\/\/www.cerakotesa.com\/"},{"@type":"ListItem","position":2,"name":"Products","item":"https:\/\/www.cerakotesa.com\/shop\/"},{"@type":"ListItem","position":3,"name":"Cerakote\u00ae Wash Bottle 1,000 ml SE-396"}]},{"@type":"WebSite","@id":"https:\/\/www.cerakotesa.com\/#website","url":"https:\/\/www.cerakotesa.com\/","name":"Cerakote South Africa","description":"Cerakote \u00e8 leader mondiale nella produzione di rivestimenti ceramici protettivi a film sottile.","potentialAction":[{"@type":"SearchAction","target":{"@type":"EntryPoint","urlTemplate":"https:\/\/www.cerakotesa.com\/?s={search_term_string}"},"query-input":{"@type":"PropertyValueSpecification","valueRequired":true,"valueName":"search_term_string"}}],"inLanguage":"it-IT"}]}},"acf":[],"_links":{"self":[{"href":"https:\/\/www.cerakotesa.com\/it\/wp-json\/wp\/v2\/product\/18918","targetHints":{"allow":["GET"]}}],"collection":[{"href":"https:\/\/www.cerakotesa.com\/it\/wp-json\/wp\/v2\/product"}],"about":[{"href":"https:\/\/www.cerakotesa.com\/it\/wp-json\/wp\/v2\/types\/product"}],"replies":[{"embeddable":true,"href":"https:\/\/www.cerakotesa.com\/it\/wp-json\/wp\/v2\/comments?post=18918"}],"wp:featuredmedia":[{"embeddable":true,"href":"https:\/\/www.cerakotesa.com\/it\/wp-json\/wp\/v2\/media\/18919"}],"wp:attachment":[{"href":"https:\/\/www.cerakotesa.com\/it\/wp-json\/wp\/v2\/media?parent=18918"}],"wp:term":[{"taxonomy":"product_brand","embeddable":true,"href":"https:\/\/www.cerakotesa.com\/it\/wp-json\/wp\/v2\/product_brand?post=18918"},{"taxonomy":"product_cat","embeddable":true,"href":"https:\/\/www.cerakotesa.com\/it\/wp-json\/wp\/v2\/product_cat?post=18918"},{"taxonomy":"product_tag","embeddable":true,"href":"https:\/\/www.cerakotesa.com\/it\/wp-json\/wp\/v2\/product_tag?post=18918"}],"curies":[{"name":"wp","href":"https:\/\/api.w.org\/{rel}","templated":true}]}}