{"id":19910,"date":"2025-01-20T11:17:35","date_gmt":"2025-01-20T11:17:35","guid":{"rendered":"https:\/\/www.cerakotesa.com\/?post_type=product&#038;p=19910"},"modified":"2025-03-12T11:25:55","modified_gmt":"2025-03-12T11:25:55","slug":"magpul-o-d-green","status":"publish","type":"product","link":"https:\/\/www.cerakotesa.com\/it\/prodotto\/magpul-o-d-green\/","title":{"rendered":"MagPul O.D. Green F-119"},"content":{"rendered":"","protected":false},"excerpt":{"rendered":"<p>MagPul O.D. Green \u00e8 un classico verde militare con finitura piatta. *NOTA: questo prodotto viene fornito con un catalizzatore e richiede una <a href=\"https:\/\/www.cerakotesa.com\/product\/cerakote-in-cup-150-mesh-strainer-100-micron-se-276\/\" target=\"_blank\" rel=\"noopener\">Filtro a 150 maglie (SE-276)<\/a>. <b>La Serie F \u00e8 il rivestimento ceramico a film sottile privo di PFAS pi\u00f9 performante al mondo.<\/b><\/p>\n<p>La Serie F \u00e8 specificamente progettata per la produzione in grandi volumi e per la fabbricazione, grazie al suo rapido tempo di polimerizzazione e al programma di polimerizzazione a bassa temperatura. Si tratta di un rivestimento a due componenti che viene applicato direttamente al substrato. La Serie F possiede tutte le caratteristiche che ci si aspetta da Cerakote. Ha un'impareggiabile resistenza alla corrosione e agli agenti chimici, un'adesione e una flessibilit\u00e0 superiori, nonch\u00e9 una durezza, una durata e un'usura eccezionali.<\/p>\n<p><b>La Serie F \u00e8:<\/b><\/p>\n<ul>\n<li>Senza PFAS<\/li>\n<li>Polimerizzazione rapida - polimerizza in 15 minuti a 250\u00b0F \/ 120\u00b0C\n<ul>\n<li>Oppure polimerizzare a 180\u00b0F \/ 82\u02daC per 1 ora in una cabina di verniciatura.<\/li>\n<li>Pu\u00f2 curare rapidamente parti di grandi dimensioni<\/li>\n<\/ul>\n<\/li>\n<li>Volume elevato\/produzione facile\n<ul>\n<li>Riduce i colli di bottiglia<\/li>\n<li>Consente di ottenere una maggiore produttivit\u00e0<\/li>\n<li>Risparmio significativo di tempo e costi energetici<\/li>\n<li>Aumenta i ricavi della vostra attivit\u00e0<\/li>\n<\/ul>\n<\/li>\n<\/ul>","protected":false},"featured_media":19916,"comment_status":"open","ping_status":"closed","template":"","meta":{"_acf_changed":false},"product_brand":[],"product_cat":[1147,987],"product_tag":[],"class_list":{"0":"post-19910","1":"product","2":"type-product","3":"status-publish","4":"has-post-thumbnail","6":"product_cat-f-series-ovencure","7":"product_cat-cerakote-coatings","9":"first","10":"instock","11":"taxable","12":"shipping-taxable","13":"product-type-variable"},"yoast_head":"<!-- This site is optimized with the Yoast SEO plugin v26.7 - https:\/\/yoast.com\/wordpress\/plugins\/seo\/ -->\n<title>MagPul O.D. Green F-119 - Cerakote South Africa<\/title>\n<meta name=\"description\" content=\"MagPul O.D. Green is a classic military green solid tone with a flat finish. F-Series is the world\u2019s highest performing PFAS free, thin film ceramic coating\" \/>\n<meta name=\"robots\" content=\"index, follow, max-snippet:-1, max-image-preview:large, max-video-preview:-1\" \/>\n<link rel=\"canonical\" href=\"https:\/\/www.cerakotesa.com\/it\/prodotto\/magpul-o-d-green\/\" \/>\n<meta property=\"og:locale\" content=\"it_IT\" \/>\n<meta property=\"og:type\" content=\"article\" \/>\n<meta property=\"og:title\" content=\"MagPul O.D. Green F-119 - Cerakote South Africa\" \/>\n<meta property=\"og:description\" content=\"MagPul O.D. Green is a classic military green solid tone with a flat finish. F-Series is the world\u2019s highest performing PFAS free, thin film ceramic coating\" \/>\n<meta property=\"og:url\" content=\"https:\/\/www.cerakotesa.com\/it\/prodotto\/magpul-o-d-green\/\" \/>\n<meta property=\"og:site_name\" content=\"Cerakote South Africa\" \/>\n<meta property=\"article:modified_time\" content=\"2025-03-12T11:25:55+00:00\" \/>\n<meta name=\"twitter:card\" content=\"summary_large_image\" \/>\n<meta name=\"twitter:label1\" content=\"Tempo di lettura stimato\" \/>\n\t<meta name=\"twitter:data1\" content=\"1 minuto\" \/>\n<script type=\"application\/ld+json\" class=\"yoast-schema-graph\">{\"@context\":\"https:\/\/schema.org\",\"@graph\":[{\"@type\":\"WebPage\",\"@id\":\"https:\/\/www.cerakotesa.com\/product\/magpul-o-d-green\/\",\"url\":\"https:\/\/www.cerakotesa.com\/product\/magpul-o-d-green\/\",\"name\":\"MagPul O.D. Green F-119 - Cerakote South Africa\",\"isPartOf\":{\"@id\":\"https:\/\/www.cerakotesa.com\/#website\"},\"primaryImageOfPage\":{\"@id\":\"https:\/\/www.cerakotesa.com\/product\/magpul-o-d-green\/#primaryimage\"},\"image\":{\"@id\":\"https:\/\/www.cerakotesa.com\/product\/magpul-o-d-green\/#primaryimage\"},\"thumbnailUrl\":\"https:\/\/www.cerakotesa.com\/wp-content\/uploads\/2025\/01\/magpul-od-green-f-119-dt20241227172837581681-thumbnail.avif\",\"datePublished\":\"2025-01-20T11:17:35+00:00\",\"dateModified\":\"2025-03-12T11:25:55+00:00\",\"description\":\"MagPul O.D. Green is a classic military green solid tone with a flat finish. F-Series is the world\u2019s highest performing PFAS free, thin film ceramic coating\",\"breadcrumb\":{\"@id\":\"https:\/\/www.cerakotesa.com\/product\/magpul-o-d-green\/#breadcrumb\"},\"inLanguage\":\"it-IT\",\"potentialAction\":[{\"@type\":\"ReadAction\",\"target\":[\"https:\/\/www.cerakotesa.com\/product\/magpul-o-d-green\/\"]}]},{\"@type\":\"ImageObject\",\"inLanguage\":\"it-IT\",\"@id\":\"https:\/\/www.cerakotesa.com\/product\/magpul-o-d-green\/#primaryimage\",\"url\":\"https:\/\/www.cerakotesa.com\/wp-content\/uploads\/2025\/01\/magpul-od-green-f-119-dt20241227172837581681-thumbnail.avif\",\"contentUrl\":\"https:\/\/www.cerakotesa.com\/wp-content\/uploads\/2025\/01\/magpul-od-green-f-119-dt20241227172837581681-thumbnail.avif\",\"width\":600,\"height\":600},{\"@type\":\"BreadcrumbList\",\"@id\":\"https:\/\/www.cerakotesa.com\/product\/magpul-o-d-green\/#breadcrumb\",\"itemListElement\":[{\"@type\":\"ListItem\",\"position\":1,\"name\":\"Home\",\"item\":\"https:\/\/www.cerakotesa.com\/\"},{\"@type\":\"ListItem\",\"position\":2,\"name\":\"Products\",\"item\":\"https:\/\/www.cerakotesa.com\/shop\/\"},{\"@type\":\"ListItem\",\"position\":3,\"name\":\"MagPul O.D. Green F-119\"}]},{\"@type\":\"WebSite\",\"@id\":\"https:\/\/www.cerakotesa.com\/#website\",\"url\":\"https:\/\/www.cerakotesa.com\/\",\"name\":\"Cerakote South Africa\",\"description\":\"Cerakote is a global leader in the manufacturing of thin-film protective ceramic coatings\",\"potentialAction\":[{\"@type\":\"SearchAction\",\"target\":{\"@type\":\"EntryPoint\",\"urlTemplate\":\"https:\/\/www.cerakotesa.com\/?s={search_term_string}\"},\"query-input\":{\"@type\":\"PropertyValueSpecification\",\"valueRequired\":true,\"valueName\":\"search_term_string\"}}],\"inLanguage\":\"it-IT\"}]}<\/script>\n<!-- \/ Yoast SEO plugin. -->","yoast_head_json":{"title":"MagPul O.D. Green F-119 - Cerakote South Africa","description":"MagPul O.D. Green \u00e8 un classico verde militare con finitura piatta. La serie F \u00e8 il rivestimento ceramico a film sottile senza PFAS pi\u00f9 performante al mondo.","robots":{"index":"index","follow":"follow","max-snippet":"max-snippet:-1","max-image-preview":"max-image-preview:large","max-video-preview":"max-video-preview:-1"},"canonical":"https:\/\/www.cerakotesa.com\/it\/prodotto\/magpul-o-d-green\/","og_locale":"it_IT","og_type":"article","og_title":"MagPul O.D. Green F-119 - Cerakote South Africa","og_description":"MagPul O.D. Green is a classic military green solid tone with a flat finish. F-Series is the world\u2019s highest performing PFAS free, thin film ceramic coating","og_url":"https:\/\/www.cerakotesa.com\/it\/prodotto\/magpul-o-d-green\/","og_site_name":"Cerakote South Africa","article_modified_time":"2025-03-12T11:25:55+00:00","twitter_card":"summary_large_image","twitter_misc":{"Tempo di lettura stimato":"1 minuto"},"schema":{"@context":"https:\/\/schema.org","@graph":[{"@type":"WebPage","@id":"https:\/\/www.cerakotesa.com\/product\/magpul-o-d-green\/","url":"https:\/\/www.cerakotesa.com\/product\/magpul-o-d-green\/","name":"MagPul O.D. Green F-119 - Cerakote South Africa","isPartOf":{"@id":"https:\/\/www.cerakotesa.com\/#website"},"primaryImageOfPage":{"@id":"https:\/\/www.cerakotesa.com\/product\/magpul-o-d-green\/#primaryimage"},"image":{"@id":"https:\/\/www.cerakotesa.com\/product\/magpul-o-d-green\/#primaryimage"},"thumbnailUrl":"https:\/\/www.cerakotesa.com\/wp-content\/uploads\/2025\/01\/magpul-od-green-f-119-dt20241227172837581681-thumbnail.avif","datePublished":"2025-01-20T11:17:35+00:00","dateModified":"2025-03-12T11:25:55+00:00","description":"MagPul O.D. Green \u00e8 un classico verde militare con finitura piatta. La serie F \u00e8 il rivestimento ceramico a film sottile senza PFAS pi\u00f9 performante al mondo.","breadcrumb":{"@id":"https:\/\/www.cerakotesa.com\/product\/magpul-o-d-green\/#breadcrumb"},"inLanguage":"it-IT","potentialAction":[{"@type":"ReadAction","target":["https:\/\/www.cerakotesa.com\/product\/magpul-o-d-green\/"]}]},{"@type":"ImageObject","inLanguage":"it-IT","@id":"https:\/\/www.cerakotesa.com\/product\/magpul-o-d-green\/#primaryimage","url":"https:\/\/www.cerakotesa.com\/wp-content\/uploads\/2025\/01\/magpul-od-green-f-119-dt20241227172837581681-thumbnail.avif","contentUrl":"https:\/\/www.cerakotesa.com\/wp-content\/uploads\/2025\/01\/magpul-od-green-f-119-dt20241227172837581681-thumbnail.avif","width":600,"height":600},{"@type":"BreadcrumbList","@id":"https:\/\/www.cerakotesa.com\/product\/magpul-o-d-green\/#breadcrumb","itemListElement":[{"@type":"ListItem","position":1,"name":"Home","item":"https:\/\/www.cerakotesa.com\/"},{"@type":"ListItem","position":2,"name":"Products","item":"https:\/\/www.cerakotesa.com\/shop\/"},{"@type":"ListItem","position":3,"name":"MagPul O.D. Green F-119"}]},{"@type":"WebSite","@id":"https:\/\/www.cerakotesa.com\/#website","url":"https:\/\/www.cerakotesa.com\/","name":"Cerakote South Africa","description":"Cerakote \u00e8 leader mondiale nella produzione di rivestimenti ceramici protettivi a film sottile.","potentialAction":[{"@type":"SearchAction","target":{"@type":"EntryPoint","urlTemplate":"https:\/\/www.cerakotesa.com\/?s={search_term_string}"},"query-input":{"@type":"PropertyValueSpecification","valueRequired":true,"valueName":"search_term_string"}}],"inLanguage":"it-IT"}]}},"acf":[],"_links":{"self":[{"href":"https:\/\/www.cerakotesa.com\/it\/wp-json\/wp\/v2\/product\/19910","targetHints":{"allow":["GET"]}}],"collection":[{"href":"https:\/\/www.cerakotesa.com\/it\/wp-json\/wp\/v2\/product"}],"about":[{"href":"https:\/\/www.cerakotesa.com\/it\/wp-json\/wp\/v2\/types\/product"}],"replies":[{"embeddable":true,"href":"https:\/\/www.cerakotesa.com\/it\/wp-json\/wp\/v2\/comments?post=19910"}],"wp:featuredmedia":[{"embeddable":true,"href":"https:\/\/www.cerakotesa.com\/it\/wp-json\/wp\/v2\/media\/19916"}],"wp:attachment":[{"href":"https:\/\/www.cerakotesa.com\/it\/wp-json\/wp\/v2\/media?parent=19910"}],"wp:term":[{"taxonomy":"product_brand","embeddable":true,"href":"https:\/\/www.cerakotesa.com\/it\/wp-json\/wp\/v2\/product_brand?post=19910"},{"taxonomy":"product_cat","embeddable":true,"href":"https:\/\/www.cerakotesa.com\/it\/wp-json\/wp\/v2\/product_cat?post=19910"},{"taxonomy":"product_tag","embeddable":true,"href":"https:\/\/www.cerakotesa.com\/it\/wp-json\/wp\/v2\/product_tag?post=19910"}],"curies":[{"name":"wp","href":"https:\/\/api.w.org\/{rel}","templated":true}]}}