{"id":19920,"date":"2025-01-20T11:27:35","date_gmt":"2025-01-20T11:27:35","guid":{"rendered":"https:\/\/www.cerakotesa.com\/?post_type=product&#038;p=19920"},"modified":"2025-06-26T12:40:05","modified_gmt":"2025-06-26T12:40:05","slug":"carbon-black-f-102","status":"publish","type":"product","link":"https:\/\/www.cerakotesa.com\/it\/prodotto\/carbon-black-f-102\/","title":{"rendered":"Nero carbone F-102"},"content":{"rendered":"<section class=\"section\" id=\"section_1409724637\">\n\t\t<div class=\"section-bg fill\" >\n\t\t\t\t\t\t\t\t\t\n\t\t\t\n\n\t\t<\/div>\n\n\t\t\n\n\t\t<div class=\"section-content relative\">\n\t\t\t\n<div class=\"row\"  id=\"row-1853184889\">\n\n\t<div id=\"col-1763579577\" class=\"col small-12 large-12\"  >\n\t\t\t\t<div class=\"col-inner\"  >\n\t\t\t\n\t\t\t\n<p><strong>Dati tecnici del prodotto:<\/strong><\/p>\n<p><style>\n.table_component {<br \/>\n    overflow: auto;<br \/>\n    width: 100%;<br \/>\n}<\/p>\n<p>.table_component table {<br \/>\n    border: 1px solid #dededf;<br \/>\n    height: 100%;<br \/>\n    width: 100%;<br \/>\n    table-layout: fixed;<br \/>\n    border-collapse: collapse;<br \/>\n    border-spacing: 1px;<br \/>\n    text-align: left;<br \/>\n}<\/p>\n<p>.table_component caption {<br \/>\n    caption-side: top;<br \/>\n    text-align: left;<br \/>\n}<\/p>\n<p>.table_component th {<br \/>\n    border: 1px solid #dededf;<br \/>\n    background-color: #eceff1;<br \/>\n    color: #000000;<br \/>\n    padding: 5px;<br \/>\n}<\/p>\n<p>.table_component td {<br \/>\n    border: 1px solid #dededf;<br \/>\n    background-color: #ffffff;<br \/>\n    color: #000000;<br \/>\n    padding: 5px;<br \/>\n}<br \/>\n<\/style>\n<\/p>\n<div class=\"table_component\" tabindex=\"0\" role=\"region\">\n<table>\n<thead>\n<tr>\n<th>\u00a0<\/th>\n<th>\u00a0<\/th>\n<\/tr>\n<\/thead>\n<tbody>\n<tr>\n<td>Programma di cura\u00a0<\/td>\n<td>\n<p>Infiammazione ambientale 15 minuti, polimerizzazione in forno 15 minuti@ 250\u00b0F<\/p>\n<\/td>\n<\/tr>\n<tr>\n<td>Spessore consigliato (mil)<\/td>\n<td>.75<\/td>\n<\/tr>\n<tr>\n<td>Dimensione del filtro (maglia)<\/td>\n<td>150 (parte # SE-276)<\/td>\n<\/tr>\n<tr>\n<td>Livello di lucentezza \/ Unit\u00e0 (GU)<\/td>\n<td>Matte \/ 8<\/td>\n<\/tr>\n<tr>\n<td>Densit\u00e0 (g\/mL)<\/td>\n<td>1.48<\/td>\n<\/tr>\n<tr>\n<td>% Solidi (\u00b12%)<\/td>\n<td>33<\/td>\n<\/tr>\n<tr>\n<td>Viscosit\u00e0 (cP)<\/td>\n<td>57<\/td>\n<\/tr>\n<tr>\n<td>Copertura teorica per gal a spessore consigliato (ft\u00b2)<\/td>\n<td>527<\/td>\n<\/tr>\n<tr>\n<td>Stabilit\u00e0 del rivestimento (\u00b0F) Max. Temp.<\/td>\n<td>700<\/td>\n<\/tr>\n<tr>\n<td>Stabilit\u00e0 del colore (\u00b0F) Temperatura massima Temp.<\/td>\n<td>500<\/td>\n<\/tr>\n<tr>\n<td>Resistenza chimica<\/td>\n<td>Eccellente<\/td>\n<\/tr>\n<tr>\n<td>Stabilit\u00e0 UV<\/td>\n<td>Eccellente<\/td>\n<\/tr>\n<tr>\n<td>Corrosion Resistance (Hrs) ASTM B117<\/td>\n<td>950+<\/td>\n<\/tr>\n<tr>\n<td>Durezza della matita Sgorbia ASTM D3363<\/td>\n<td>9H<\/td>\n<\/tr>\n<tr>\n<td>Durezza della matita Graffio ASTM D3363<\/td>\n<td>8H<\/td>\n<\/tr>\n<tr>\n<td>Adesione trasversale ASTM D3359<\/td>\n<td>\n<p>5B<\/p>\n<\/td>\n<\/tr>\n<tr>\n<td>Flessibilit\u00e0 (resistenza %) Curvatura conica ASTM D522<\/td>\n<td>\n<p>100<\/p>\n<\/td>\n<\/tr>\n<tr>\n<td>Prestazioni d'impatto dirette\/indirette (in-lbs) ASTM D2794<\/td>\n<td>160\/160<\/td>\n<\/tr>\n<tr>\n<td>Nota tecnica**<\/td>\n<td>Questo rivestimento \u00e8 privo di PFAS<\/td>\n<\/tr>\n<\/tbody>\n<\/table>\n<p data-v-8ef39626=\"\">Tutti i risultati si basano su acciaio sabbiato rivestito con lo spessore consigliato e con il programma di polimerizzazione raccomandato.<\/p>\n<p data-v-8ef39626=\"\">*I livelli di lucentezza sono misurati con un angolo di 60\u00b0. Se si modificano le condizioni raccomandate si otterranno risultati diversi. La brillantezza \u00e8 influenzata dalla qualit\u00e0 della preparazione e dalla tecnica di spruzzatura. I risultati si basano su acciaio sabbiato rivestito e polimerizzato secondo le specifiche del programma di polimerizzazione.<\/p>\n<p data-v-8ef39626=\"\">**Viscosit\u00e0 misurata in condizioni ambientali (temperatura dell'aria, umidit\u00e0 relativa) al momento della produzione.<\/p>\n<p data-v-8ef39626=\"\"><strong data-v-8ef39626=\"\">Temperatura di polimerizzazione consigliata:<\/strong><\/p>\n<ul data-v-8ef39626=\"\">\n<li data-v-8ef39626=\"\">Fare riferimento alle specifiche del programma di polimerizzazione disponibili su ciascun prodotto Cerakote.<\/li>\n<\/ul>\n<p data-v-8ef39626=\"\"><strong data-v-8ef39626=\"\">Temperatura massima<\/strong>\u00a0\u00e8 la temperatura a cui il colore o il rivestimento \u00e8 stabile.<\/p>\n<p data-v-8ef39626=\"\"><strong data-v-8ef39626=\"\">Test di resistenza chimica:<\/strong>\u00a0I risultati si riferiscono alla variazione di colore in base alla formulazione CIE76. I risultati variano da:<\/p>\n<ul data-v-8ef39626=\"\">\n<li data-v-8ef39626=\"\"><strong data-v-8ef39626=\"\">Eccellente:<\/strong>\u00a0Variazione \u2206E di &lt;2,5<\/li>\n<li data-v-8ef39626=\"\"><strong data-v-8ef39626=\"\">Bene:<\/strong>\u00a0Variazione \u2206E di &lt;3,0<\/li>\n<li data-v-8ef39626=\"\"><strong data-v-8ef39626=\"\">Fiera:<\/strong>\u00a0Variazione \u2206E di &lt;3,5<\/li>\n<li data-v-8ef39626=\"\"><strong data-v-8ef39626=\"\">Povero:<\/strong>\u00a0Variazione \u2206E di &lt;4,0<\/li>\n<\/ul>\n<p data-v-8ef39626=\"\"><strong data-v-8ef39626=\"\">I parametri di prova sono i seguenti:<\/strong><\/p>\n<ul data-v-8ef39626=\"\">\n<li data-v-8ef39626=\"\"><strong data-v-8ef39626=\"\">Durezza<\/strong>\u00a0I test di durezza delle matite sono misurati dal pi\u00f9 morbido al pi\u00f9 duro come segue: 9B, 8B, 7B, 6B, 5B, 4B, 3B, 2B, B, HB, F, H, 2H, 3H, 4H, 5H, 6H, 7H, 8H, 9H. Il 9H \u00e8 il pi\u00f9 difficile.<\/li>\n<li data-v-8ef39626=\"\"><strong data-v-8ef39626=\"\">SOLO SG-100:<\/strong>\u00a0Prova di durezza Metodo A - Si esegue un taglio a X attraverso il film fino al substrato, si applica un nastro adesivo sensibile alla pressione sul taglio e poi lo si rimuove, e si valuta l'adesione in modo qualitativo su una scala da 0 a 5.<\/li>\n<li data-v-8ef39626=\"\"><strong data-v-8ef39626=\"\">Adesione<\/strong>\u00a0\u00e8 misurato su una scala di 0B, 1B, 2B, 3B, 4B, 5B, con 5B che rappresenta il massimo punteggio raggiungibile.<\/li>\n<li data-v-8ef39626=\"\"><strong data-v-8ef39626=\"\">Flessibilit\u00e0<\/strong>\u00a0o Curvatura conica: \"100% Resistance\" \u00e8 la valutazione pi\u00f9 alta ottenibile e indica che il rivestimento non si \u00e8 incrinato o scheggiato.<\/li>\n<li data-v-8ef39626=\"\"><strong data-v-8ef39626=\"\">Impatto Prestazioni (dirette\/indirette)<\/strong>\u00a0\u00e8 misurato su una scala da 0 a 160 pollici-libbre, con 160 pollici-libbre come valore massimo raggiungibile.<\/li>\n<\/ul>\n<p data-v-8ef39626=\"\">Tutti i rivestimenti Cerakote sono conformi ai requisiti VOC dell'EPA e hanno un contenuto di VOC basso o nullo. Per conoscere il contenuto di VOC di un singolo rivestimento, si prega di contattare\u00a0<a href=\"mailto:sds@nicindustries.com\" target=\"_blank\" rel=\"noopener\" data-v-8ef39626=\"\">sds@nicindustries.com<\/a>\u00a0per maggiori informazioni.<\/p>\n<p data-v-8ef39626=\"\">Queste informazioni sono accurate al meglio delle nostre conoscenze, tuttavia non costituiscono una garanzia per nessuna caratteristica specifica del prodotto e non stabiliscono un rapporto contrattuale legalmente valido. Si consiglia di eseguire test adeguati nella propria struttura per determinare se questo prodotto soddisfa tutti i requisiti.<\/p>\n<p data-v-8ef39626=\"\">Non esitate a contattarci via e-mail all'indirizzo <a href=\"mailto:enquiries@cerakoteeu.com\" target=\"_blank\" rel=\"noopener\" data-v-8ef39626=\"\">enquiries@cerakoteeu.com<\/a>\u00a0 se avete domande.<\/p>\n<\/div>\n<div class=\"row\"  id=\"row-1386281639\">\n\n\t<div id=\"col-1430404519\" class=\"col medium-4 small-12 large-4\"  >\n\t\t\t\t<div class=\"col-inner text-center\"  >\n\t\t\t\n\t\t\t\n<a href=\"https:\/\/images.nicindustries.com\/cerakote\/documents\/7006\/cerakote-f-102-carbon-black-dt20250113224130079064.pdf?1736808092&#038;_gl=1*1j3uxe0*_gcl_au*MTI5NDUxMzcxNC4xNzUwOTQxMDEw*_ga*MTE0MzgyOTk4My4xNzUwOTQxMDEw*_ga_KPM5Q2PRTX*czE3NTA5NDEwMDkkbzEkZzEkdDE3NTA5NDE1MTkkajU3JGwwJGgxOTkzMTA4NjQ0\" target=\"_blank\" class=\"button primary\" rel=\"noopener\" >\n\t\t<span>Scheda di sicurezza<\/span>\n\t<\/a>\n\n\t\t<\/div>\n\t\t\t\t\t<\/div>\n\n\t\n\n\t<div id=\"col-123355007\" class=\"col medium-4 small-12 large-4\"  >\n\t\t\t\t<div class=\"col-inner text-center\"  >\n\t\t\t\n\t\t\t\n<a href=\"https:\/\/images.nicindustries.com\/cerakote\/documents\/7028\/f-series-training-manual-dt20250115230026281906.pdf?1747332254&#038;_gl=1*1now3ze*_gcl_au*MTA5MjM2ODk3NS4xNzUwMzE5ODc4*_ga*MTk4NjI1NzI1OC4xNzAzMTU2NTIz*_ga_KPM5Q2PRTX*czE3NTA3NjU2MjQkbzI4JGcxJHQxNzUwNzY3OTQ1JGo1OSRsMCRoMTE0Mzk3OTA2Ng..\" target=\"_blank\" class=\"button primary\" rel=\"noopener\" >\n\t\t<span>Guida all'applicazione<\/span>\n\t<\/a>\n\n\t\t<\/div>\n\t\t\t\t\t<\/div>\n\n\t\n\n\t<div id=\"col-1429790752\" class=\"col medium-4 small-12 large-4\"  >\n\t\t\t\t<div class=\"col-inner text-center\"  >\n\t\t\t\n\t\t\t\n<a href=\"https:\/\/www.cerakotesa.com\/wp-content\/uploads\/2025\/03\/Print-Product-Specs.pdf\" target=\"_blank\" class=\"button primary\" rel=\"noopener\" >\n\t\t<span>Scheda tecnica<\/span>\n\t<\/a>\n\n\t\t<\/div>\n\t\t\t\t\t<\/div>\n\n\t\n<\/div>\n\t\t<\/div>\n\t\t\t\t\t<\/div>\n\n\t\n<\/div>\n\t\t<\/div>\n\n\t\t\n<style>\n#section_1409724637 {\n  padding-top: 30px;\n  padding-bottom: 30px;\n}\n<\/style>\n\t<\/section>","protected":false},"excerpt":{"rendered":"<p>Carbon Black \u00e8 una tonalit\u00e0 nera solida con finitura opaca. *NOTA: questo prodotto viene fornito con un catalizzatore e richiede un <a href=\"https:\/\/www.cerakotesa.com\/product\/cerakote-in-cup-150-mesh-strainer-100-micron-se-276\/\" target=\"_blank\" rel=\"noopener\">Filtro a 150 maglie (SE-276)<\/a>. <b>La Serie F \u00e8 il rivestimento ceramico a film sottile privo di PFAS pi\u00f9 performante al mondo.<\/b><\/p>\n<p>La Serie F \u00e8 specificamente progettata per la produzione in grandi volumi e per la fabbricazione, grazie al suo rapido tempo di polimerizzazione e al programma di polimerizzazione a bassa temperatura. Si tratta di un rivestimento a due componenti che viene applicato direttamente al substrato. La Serie F possiede tutte le caratteristiche che ci si aspetta da Cerakote. Ha un'impareggiabile resistenza alla corrosione e agli agenti chimici, un'adesione e una flessibilit\u00e0 superiori, nonch\u00e9 una durezza, una durata e un'usura eccezionali.<\/p>\n<p><b>La Serie F \u00e8:<\/b><\/p>\n<ul>\n<li>Senza PFAS<\/li>\n<li>Polimerizzazione rapida - polimerizza in 15 minuti a 250\u00b0F \/ 120\u00b0C\n<ul>\n<li>Oppure polimerizzare a 180\u00b0F \/ 82\u02daC per 1 ora in una cabina di verniciatura.<\/li>\n<li>Pu\u00f2 curare rapidamente parti di grandi dimensioni<\/li>\n<\/ul>\n<\/li>\n<li>Volume elevato\/produzione facile\n<ul>\n<li>Riduce i colli di bottiglia<\/li>\n<li>Consente di ottenere una maggiore produttivit\u00e0<\/li>\n<li>Risparmio significativo di tempo e costi energetici<\/li>\n<li>Aumenta i ricavi della vostra attivit\u00e0<\/li>\n<\/ul>\n<\/li>\n<\/ul>","protected":false},"featured_media":19926,"comment_status":"open","ping_status":"closed","template":"","meta":{"_acf_changed":false},"product_brand":[],"product_cat":[1147,987],"product_tag":[],"class_list":{"0":"post-19920","1":"product","2":"type-product","3":"status-publish","4":"has-post-thumbnail","6":"product_cat-f-series-ovencure","7":"product_cat-cerakote-coatings","9":"first","10":"instock","11":"taxable","12":"shipping-taxable","13":"product-type-variable"},"yoast_head":"<!-- This site is optimized with the Yoast SEO plugin v26.7 - https:\/\/yoast.com\/wordpress\/plugins\/seo\/ -->\n<title>Carbon Black F-102 - Cerakote South Africa<\/title>\n<meta name=\"description\" content=\"Carbon Black is a black solid tone with a matte finish. F-Series is the world\u2019s highest performing PFAS free, thin film ceramic coating.\" \/>\n<meta name=\"robots\" content=\"index, follow, max-snippet:-1, max-image-preview:large, max-video-preview:-1\" \/>\n<link rel=\"canonical\" href=\"https:\/\/www.cerakotesa.com\/it\/prodotto\/carbon-black-f-102\/\" \/>\n<meta property=\"og:locale\" content=\"it_IT\" \/>\n<meta property=\"og:type\" content=\"article\" \/>\n<meta property=\"og:title\" content=\"Carbon Black F-102 - Cerakote South Africa\" \/>\n<meta property=\"og:description\" content=\"Carbon Black is a black solid tone with a matte finish. F-Series is the world\u2019s highest performing PFAS free, thin film ceramic coating.\" \/>\n<meta property=\"og:url\" content=\"https:\/\/www.cerakotesa.com\/it\/prodotto\/carbon-black-f-102\/\" \/>\n<meta property=\"og:site_name\" content=\"Cerakote South Africa\" \/>\n<meta property=\"article:modified_time\" content=\"2025-06-26T12:40:05+00:00\" \/>\n<meta name=\"twitter:card\" content=\"summary_large_image\" \/>\n<meta name=\"twitter:label1\" content=\"Tempo di lettura stimato\" \/>\n\t<meta name=\"twitter:data1\" content=\"3 minuti\" \/>\n<script type=\"application\/ld+json\" class=\"yoast-schema-graph\">{\"@context\":\"https:\/\/schema.org\",\"@graph\":[{\"@type\":\"WebPage\",\"@id\":\"https:\/\/www.cerakotesa.com\/product\/carbon-black-f-102\/\",\"url\":\"https:\/\/www.cerakotesa.com\/product\/carbon-black-f-102\/\",\"name\":\"Carbon Black F-102 - Cerakote South Africa\",\"isPartOf\":{\"@id\":\"https:\/\/www.cerakotesa.com\/#website\"},\"primaryImageOfPage\":{\"@id\":\"https:\/\/www.cerakotesa.com\/product\/carbon-black-f-102\/#primaryimage\"},\"image\":{\"@id\":\"https:\/\/www.cerakotesa.com\/product\/carbon-black-f-102\/#primaryimage\"},\"thumbnailUrl\":\"https:\/\/www.cerakotesa.com\/wp-content\/uploads\/2025\/01\/carbon-black-f-102-dt20241227172008065333-thumbnail.avif\",\"datePublished\":\"2025-01-20T11:27:35+00:00\",\"dateModified\":\"2025-06-26T12:40:05+00:00\",\"description\":\"Carbon Black is a black solid tone with a matte finish. F-Series is the world\u2019s highest performing PFAS free, thin film ceramic coating.\",\"breadcrumb\":{\"@id\":\"https:\/\/www.cerakotesa.com\/product\/carbon-black-f-102\/#breadcrumb\"},\"inLanguage\":\"it-IT\",\"potentialAction\":[{\"@type\":\"ReadAction\",\"target\":[\"https:\/\/www.cerakotesa.com\/product\/carbon-black-f-102\/\"]}]},{\"@type\":\"ImageObject\",\"inLanguage\":\"it-IT\",\"@id\":\"https:\/\/www.cerakotesa.com\/product\/carbon-black-f-102\/#primaryimage\",\"url\":\"https:\/\/www.cerakotesa.com\/wp-content\/uploads\/2025\/01\/carbon-black-f-102-dt20241227172008065333-thumbnail.avif\",\"contentUrl\":\"https:\/\/www.cerakotesa.com\/wp-content\/uploads\/2025\/01\/carbon-black-f-102-dt20241227172008065333-thumbnail.avif\",\"width\":600,\"height\":600},{\"@type\":\"BreadcrumbList\",\"@id\":\"https:\/\/www.cerakotesa.com\/product\/carbon-black-f-102\/#breadcrumb\",\"itemListElement\":[{\"@type\":\"ListItem\",\"position\":1,\"name\":\"Home\",\"item\":\"https:\/\/www.cerakotesa.com\/\"},{\"@type\":\"ListItem\",\"position\":2,\"name\":\"Products\",\"item\":\"https:\/\/www.cerakotesa.com\/shop\/\"},{\"@type\":\"ListItem\",\"position\":3,\"name\":\"Carbon Black F-102\"}]},{\"@type\":\"WebSite\",\"@id\":\"https:\/\/www.cerakotesa.com\/#website\",\"url\":\"https:\/\/www.cerakotesa.com\/\",\"name\":\"Cerakote South Africa\",\"description\":\"Cerakote is a global leader in the manufacturing of thin-film protective ceramic coatings\",\"potentialAction\":[{\"@type\":\"SearchAction\",\"target\":{\"@type\":\"EntryPoint\",\"urlTemplate\":\"https:\/\/www.cerakotesa.com\/?s={search_term_string}\"},\"query-input\":{\"@type\":\"PropertyValueSpecification\",\"valueRequired\":true,\"valueName\":\"search_term_string\"}}],\"inLanguage\":\"it-IT\"}]}<\/script>\n<!-- \/ Yoast SEO plugin. -->","yoast_head_json":{"title":"Carbon Black F-102 - Cerakote South Africa","description":"Carbon Black \u00e8 una tonalit\u00e0 nera piena con finitura opaca. F-Series \u00e8 il rivestimento ceramico a film sottile senza PFAS pi\u00f9 performante al mondo.","robots":{"index":"index","follow":"follow","max-snippet":"max-snippet:-1","max-image-preview":"max-image-preview:large","max-video-preview":"max-video-preview:-1"},"canonical":"https:\/\/www.cerakotesa.com\/it\/prodotto\/carbon-black-f-102\/","og_locale":"it_IT","og_type":"article","og_title":"Carbon Black F-102 - Cerakote South Africa","og_description":"Carbon Black is a black solid tone with a matte finish. F-Series is the world\u2019s highest performing PFAS free, thin film ceramic coating.","og_url":"https:\/\/www.cerakotesa.com\/it\/prodotto\/carbon-black-f-102\/","og_site_name":"Cerakote South Africa","article_modified_time":"2025-06-26T12:40:05+00:00","twitter_card":"summary_large_image","twitter_misc":{"Tempo di lettura stimato":"3 minuti"},"schema":{"@context":"https:\/\/schema.org","@graph":[{"@type":"WebPage","@id":"https:\/\/www.cerakotesa.com\/product\/carbon-black-f-102\/","url":"https:\/\/www.cerakotesa.com\/product\/carbon-black-f-102\/","name":"Carbon Black F-102 - Cerakote South Africa","isPartOf":{"@id":"https:\/\/www.cerakotesa.com\/#website"},"primaryImageOfPage":{"@id":"https:\/\/www.cerakotesa.com\/product\/carbon-black-f-102\/#primaryimage"},"image":{"@id":"https:\/\/www.cerakotesa.com\/product\/carbon-black-f-102\/#primaryimage"},"thumbnailUrl":"https:\/\/www.cerakotesa.com\/wp-content\/uploads\/2025\/01\/carbon-black-f-102-dt20241227172008065333-thumbnail.avif","datePublished":"2025-01-20T11:27:35+00:00","dateModified":"2025-06-26T12:40:05+00:00","description":"Carbon Black \u00e8 una tonalit\u00e0 nera piena con finitura opaca. F-Series \u00e8 il rivestimento ceramico a film sottile senza PFAS pi\u00f9 performante al mondo.","breadcrumb":{"@id":"https:\/\/www.cerakotesa.com\/product\/carbon-black-f-102\/#breadcrumb"},"inLanguage":"it-IT","potentialAction":[{"@type":"ReadAction","target":["https:\/\/www.cerakotesa.com\/product\/carbon-black-f-102\/"]}]},{"@type":"ImageObject","inLanguage":"it-IT","@id":"https:\/\/www.cerakotesa.com\/product\/carbon-black-f-102\/#primaryimage","url":"https:\/\/www.cerakotesa.com\/wp-content\/uploads\/2025\/01\/carbon-black-f-102-dt20241227172008065333-thumbnail.avif","contentUrl":"https:\/\/www.cerakotesa.com\/wp-content\/uploads\/2025\/01\/carbon-black-f-102-dt20241227172008065333-thumbnail.avif","width":600,"height":600},{"@type":"BreadcrumbList","@id":"https:\/\/www.cerakotesa.com\/product\/carbon-black-f-102\/#breadcrumb","itemListElement":[{"@type":"ListItem","position":1,"name":"Home","item":"https:\/\/www.cerakotesa.com\/"},{"@type":"ListItem","position":2,"name":"Products","item":"https:\/\/www.cerakotesa.com\/shop\/"},{"@type":"ListItem","position":3,"name":"Carbon Black F-102"}]},{"@type":"WebSite","@id":"https:\/\/www.cerakotesa.com\/#website","url":"https:\/\/www.cerakotesa.com\/","name":"Cerakote South Africa","description":"Cerakote \u00e8 leader mondiale nella produzione di rivestimenti ceramici protettivi a film sottile.","potentialAction":[{"@type":"SearchAction","target":{"@type":"EntryPoint","urlTemplate":"https:\/\/www.cerakotesa.com\/?s={search_term_string}"},"query-input":{"@type":"PropertyValueSpecification","valueRequired":true,"valueName":"search_term_string"}}],"inLanguage":"it-IT"}]}},"acf":[],"_links":{"self":[{"href":"https:\/\/www.cerakotesa.com\/it\/wp-json\/wp\/v2\/product\/19920","targetHints":{"allow":["GET"]}}],"collection":[{"href":"https:\/\/www.cerakotesa.com\/it\/wp-json\/wp\/v2\/product"}],"about":[{"href":"https:\/\/www.cerakotesa.com\/it\/wp-json\/wp\/v2\/types\/product"}],"replies":[{"embeddable":true,"href":"https:\/\/www.cerakotesa.com\/it\/wp-json\/wp\/v2\/comments?post=19920"}],"wp:featuredmedia":[{"embeddable":true,"href":"https:\/\/www.cerakotesa.com\/it\/wp-json\/wp\/v2\/media\/19926"}],"wp:attachment":[{"href":"https:\/\/www.cerakotesa.com\/it\/wp-json\/wp\/v2\/media?parent=19920"}],"wp:term":[{"taxonomy":"product_brand","embeddable":true,"href":"https:\/\/www.cerakotesa.com\/it\/wp-json\/wp\/v2\/product_brand?post=19920"},{"taxonomy":"product_cat","embeddable":true,"href":"https:\/\/www.cerakotesa.com\/it\/wp-json\/wp\/v2\/product_cat?post=19920"},{"taxonomy":"product_tag","embeddable":true,"href":"https:\/\/www.cerakotesa.com\/it\/wp-json\/wp\/v2\/product_tag?post=19920"}],"curies":[{"name":"wp","href":"https:\/\/api.w.org\/{rel}","templated":true}]}}