{"id":20786,"date":"2025-03-03T09:00:45","date_gmt":"2025-03-03T09:00:45","guid":{"rendered":"https:\/\/www.cerakotesa.com\/?post_type=product&#038;p=20786"},"modified":"2025-06-24T11:53:59","modified_gmt":"2025-06-24T11:53:59","slug":"shale-f-118","status":"publish","type":"product","link":"https:\/\/www.cerakotesa.com\/it\/prodotto\/shale-f-118\/","title":{"rendered":"Scisto F-118"},"content":{"rendered":"<section class=\"section\" id=\"section_683033595\">\n\t\t<div class=\"section-bg fill\" >\n\t\t\t\t\t\t\t\t\t\n\t\t\t\n\n\t\t<\/div>\n\n\t\t\n\n\t\t<div class=\"section-content relative\">\n\t\t\t\n<div class=\"row\"  id=\"row-647380143\">\n\n\t<div id=\"col-2135858470\" class=\"col small-12 large-12\"  >\n\t\t\t\t<div class=\"col-inner\"  >\n\t\t\t\n\t\t\t\n<p><strong>Dati tecnici del prodotto:<\/strong><\/p>\n<p><style>\n.table_component {<br \/>\n    overflow: auto;<br \/>\n    width: 100%;<br \/>\n}<\/p>\n<p>.table_component table {<br \/>\n    border: 1px solid #dededf;<br \/>\n    height: 100%;<br \/>\n    width: 100%;<br \/>\n    table-layout: fixed;<br \/>\n    border-collapse: collapse;<br \/>\n    border-spacing: 1px;<br \/>\n    text-align: left;<br \/>\n}<\/p>\n<p>.table_component caption {<br \/>\n    caption-side: top;<br \/>\n    text-align: left;<br \/>\n}<\/p>\n<p>.table_component th {<br \/>\n    border: 1px solid #dededf;<br \/>\n    background-color: #eceff1;<br \/>\n    color: #000000;<br \/>\n    padding: 5px;<br \/>\n}<\/p>\n<p>.table_component td {<br \/>\n    border: 1px solid #dededf;<br \/>\n    background-color: #ffffff;<br \/>\n    color: #000000;<br \/>\n    padding: 5px;<br \/>\n}<br \/>\n<\/style>\n<\/p>\n<div class=\"table_component\" tabindex=\"0\" role=\"region\">\n<table>\n<thead>\n<tr>\n<th>\u00a0<\/th>\n<th>\u00a0<\/th>\n<\/tr>\n<\/thead>\n<tbody>\n<tr>\n<td>Programma di cura\u00a0<\/td>\n<td>\n<p>Infiammazione ambientale 15 minuti, polimerizzazione in forno 15 minuti@ 250\u00b0F<\/p>\n<\/td>\n<\/tr>\n<tr>\n<td>Spessore consigliato (mil)<\/td>\n<td>.75<\/td>\n<\/tr>\n<tr>\n<td>Dimensione del filtro (maglia)<\/td>\n<td>150 (parte # SE-276)<\/td>\n<\/tr>\n<tr>\n<td>Livello di lucentezza \/ Unit\u00e0 (GU)<\/td>\n<td>Flat \/ 6<\/td>\n<\/tr>\n<tr>\n<td>Densit\u00e0 (g\/mL)<\/td>\n<td>1.48<\/td>\n<\/tr>\n<tr>\n<td>% Solidi (\u00b12%)<\/td>\n<td>36<\/td>\n<\/tr>\n<tr>\n<td>Viscosit\u00e0 (cP)<\/td>\n<td>52<\/td>\n<\/tr>\n<tr>\n<td>Copertura teorica per gal a spessore consigliato (ft\u00b2)<\/td>\n<td>573<\/td>\n<\/tr>\n<tr>\n<td>Stabilit\u00e0 del rivestimento (\u00b0F) Max. Temp.<\/td>\n<td>700<\/td>\n<\/tr>\n<tr>\n<td>Stabilit\u00e0 del colore (\u00b0F) Temperatura massima Temp.<\/td>\n<td>350<\/td>\n<\/tr>\n<tr>\n<td>Resistenza chimica<\/td>\n<td>Eccellente<\/td>\n<\/tr>\n<tr>\n<td>Stabilit\u00e0 UV<\/td>\n<td>Eccellente<\/td>\n<\/tr>\n<tr>\n<td>Durezza della matita Sgorbia ASTM D3363<\/td>\n<td>9H<\/td>\n<\/tr>\n<tr>\n<td>Durezza della matita Graffio ASTM D3363<\/td>\n<td>9H<\/td>\n<\/tr>\n<tr>\n<td>Adesione trasversale ASTM D3359<\/td>\n<td>\n<p>5B<\/p>\n<\/td>\n<\/tr>\n<tr>\n<td>Flessibilit\u00e0 (resistenza %) Curvatura conica ASTM D522<\/td>\n<td>\n<p>100<\/p>\n<\/td>\n<\/tr>\n<tr>\n<td>Prestazioni d'impatto dirette\/indirette (in-lbs) ASTM D2794<\/td>\n<td>160\/160<\/td>\n<\/tr>\n<tr>\n<td>Nota tecnica**<\/td>\n<td>Questo rivestimento \u00e8 privo di PFAS<\/td>\n<\/tr>\n<\/tbody>\n<\/table>\n<p data-v-8ef39626=\"\">Tutti i risultati si basano su acciaio sabbiato rivestito con lo spessore consigliato e con il programma di polimerizzazione raccomandato.<\/p>\n<p data-v-8ef39626=\"\">*I livelli di lucentezza sono misurati con un angolo di 60\u00b0. Se si modificano le condizioni raccomandate si otterranno risultati diversi. La brillantezza \u00e8 influenzata dalla qualit\u00e0 della preparazione e dalla tecnica di spruzzatura. I risultati si basano su acciaio sabbiato rivestito e polimerizzato secondo le specifiche del programma di polimerizzazione.<\/p>\n<p data-v-8ef39626=\"\">**Viscosit\u00e0 misurata in condizioni ambientali (temperatura dell'aria, umidit\u00e0 relativa) al momento della produzione.<\/p>\n<p data-v-8ef39626=\"\"><strong data-v-8ef39626=\"\">Temperatura di polimerizzazione consigliata:<\/strong><\/p>\n<ul data-v-8ef39626=\"\">\n<li data-v-8ef39626=\"\">Fare riferimento alle specifiche del programma di polimerizzazione disponibili su ciascun prodotto Cerakote.<\/li>\n<\/ul>\n<p data-v-8ef39626=\"\"><strong data-v-8ef39626=\"\">Temperatura massima<\/strong>\u00a0\u00e8 la temperatura a cui il colore o il rivestimento \u00e8 stabile.<\/p>\n<p data-v-8ef39626=\"\"><strong data-v-8ef39626=\"\">Test di resistenza chimica:<\/strong>\u00a0I risultati si riferiscono alla variazione di colore in base alla formulazione CIE76. I risultati variano da:<\/p>\n<ul data-v-8ef39626=\"\">\n<li data-v-8ef39626=\"\"><strong data-v-8ef39626=\"\">Eccellente:<\/strong>\u00a0Variazione \u2206E di &lt;2,5<\/li>\n<li data-v-8ef39626=\"\"><strong data-v-8ef39626=\"\">Bene:<\/strong>\u00a0Variazione \u2206E di &lt;3,0<\/li>\n<li data-v-8ef39626=\"\"><strong data-v-8ef39626=\"\">Fiera:<\/strong>\u00a0Variazione \u2206E di &lt;3,5<\/li>\n<li data-v-8ef39626=\"\"><strong data-v-8ef39626=\"\">Povero:<\/strong>\u00a0Variazione \u2206E di &lt;4,0<\/li>\n<\/ul>\n<p data-v-8ef39626=\"\"><strong data-v-8ef39626=\"\">I parametri di prova sono i seguenti:<\/strong><\/p>\n<ul data-v-8ef39626=\"\">\n<li data-v-8ef39626=\"\"><strong data-v-8ef39626=\"\">Durezza<\/strong>\u00a0I test di durezza delle matite sono misurati dal pi\u00f9 morbido al pi\u00f9 duro come segue: 9B, 8B, 7B, 6B, 5B, 4B, 3B, 2B, B, HB, F, H, 2H, 3H, 4H, 5H, 6H, 7H, 8H, 9H. Il 9H \u00e8 il pi\u00f9 difficile.<\/li>\n<li data-v-8ef39626=\"\"><strong data-v-8ef39626=\"\">SOLO SG-100:<\/strong>\u00a0Prova di durezza Metodo A - Si esegue un taglio a X attraverso il film fino al substrato, si applica un nastro adesivo sensibile alla pressione sul taglio e poi lo si rimuove, e si valuta l'adesione in modo qualitativo su una scala da 0 a 5.<\/li>\n<li data-v-8ef39626=\"\"><strong data-v-8ef39626=\"\">Adesione<\/strong>\u00a0\u00e8 misurato su una scala di 0B, 1B, 2B, 3B, 4B, 5B, con 5B che rappresenta il massimo punteggio raggiungibile.<\/li>\n<li data-v-8ef39626=\"\"><strong data-v-8ef39626=\"\">Flessibilit\u00e0<\/strong>\u00a0o Curvatura conica: \"100% Resistance\" \u00e8 la valutazione pi\u00f9 alta ottenibile e indica che il rivestimento non si \u00e8 incrinato o scheggiato.<\/li>\n<li data-v-8ef39626=\"\"><strong data-v-8ef39626=\"\">Impatto Prestazioni (dirette\/indirette)<\/strong>\u00a0\u00e8 misurato su una scala da 0 a 160 pollici-libbre, con 160 pollici-libbre come valore massimo raggiungibile.<\/li>\n<\/ul>\n<p data-v-8ef39626=\"\">Tutti i rivestimenti Cerakote sono conformi ai requisiti VOC dell'EPA e hanno un contenuto di VOC basso o nullo. Per conoscere il contenuto di VOC di un singolo rivestimento, si prega di contattare\u00a0<a href=\"mailto:sds@nicindustries.com\" target=\"_blank\" rel=\"noopener\" data-v-8ef39626=\"\">sds@nicindustries.com<\/a>\u00a0per maggiori informazioni.<\/p>\n<p data-v-8ef39626=\"\">Queste informazioni sono accurate al meglio delle nostre conoscenze, tuttavia non costituiscono una garanzia per nessuna caratteristica specifica del prodotto e non stabiliscono un rapporto contrattuale legalmente valido. Si consiglia di eseguire test adeguati nella propria struttura per determinare se questo prodotto soddisfa tutti i requisiti.<\/p>\n<p data-v-8ef39626=\"\">Non esitate a contattarci via e-mail all'indirizzo <a href=\"mailto:enquiries@cerakoteeu.com\" target=\"_blank\" rel=\"noopener\" data-v-8ef39626=\"\">enquiries@cerakoteeu.com<\/a>\u00a0 se avete domande.<\/p>\n<\/div>\n\t\t<\/div>\n\t\t\t\t\t<\/div>\n\n\t\n<\/div>\n<div class=\"row\"  id=\"row-2020770568\">\n\n\t<div id=\"col-2046919738\" class=\"col medium-4 small-12 large-4\"  >\n\t\t\t\t<div class=\"col-inner text-center\"  >\n\t\t\t\n\t\t\t\n<a href=\"https:\/\/images.nicindustries.com\/cerakote\/documents\/7090\/cerakote-f-118-shale-dt20250219191608571971.pdf?1739992571&#038;_gl=1*1xe0z0a*_gcl_au*MTA5MjM2ODk3NS4xNzUwMzE5ODc4*_ga*MTk4NjI1NzI1OC4xNzAzMTU2NTIz*_ga_KPM5Q2PRTX*czE3NTA3NjU2MjQkbzI4JGcxJHQxNzUwNzY1ODY1JGo2MCRsMCRoMTE0Mzk3OTA2Ng..\" target=\"_blank\" class=\"button primary\" rel=\"noopener\" >\n\t\t<span>Schede di sicurezza<\/span>\n\t<\/a>\n\n\t\t<\/div>\n\t\t\t\t\t<\/div>\n\n\t\n\n\t<div id=\"col-1383944948\" class=\"col medium-4 small-12 large-4\"  >\n\t\t\t\t<div class=\"col-inner text-center\"  >\n\t\t\t\n\t\t\t\n<a href=\"https:\/\/images.nicindustries.com\/cerakote\/documents\/7028\/f-series-training-manual-dt20250115230026281906.pdf?1747332254&#038;_gl=1*gizss4*_gcl_au*MTA5MjM2ODk3NS4xNzUwMzE5ODc4*_ga*MTk4NjI1NzI1OC4xNzAzMTU2NTIz*_ga_KPM5Q2PRTX*czE3NTA3NjU2MjQkbzI4JGcxJHQxNzUwNzY1OTk3JGo2MCRsMCRoMTE0Mzk3OTA2Ng..\" target=\"_blank\" class=\"button primary\" rel=\"noopener\" >\n\t\t<span>Guida all'applicazione<\/span>\n\t<\/a>\n\n\t\t<\/div>\n\t\t\t\t\t<\/div>\n\n\t\n\n\t<div id=\"col-180598821\" class=\"col medium-4 small-12 large-4\"  >\n\t\t\t\t<div class=\"col-inner text-center\"  >\n\t\t\t\n\t\t\t\n<a href=\"https:\/\/www.cerakotesa.com\/wp-content\/uploads\/2025\/03\/Print-Product-Specs.pdf\" target=\"_blank\" class=\"button primary\" rel=\"noopener\" >\n\t\t<span>Tech Data Sheets<\/span>\n\t<\/a>\n\n\t\t<\/div>\n\t\t\t\t\t<\/div>\n\n\t\n<\/div>\n\t\t<\/div>\n\n\t\t\n<style>\n#section_683033595 {\n  padding-top: 30px;\n  padding-bottom: 30px;\n}\n<\/style>\n\t<\/section>","protected":false},"excerpt":{"rendered":"<p>Shale \u00e8 una tonalit\u00e0 solida di grigio caldo con finitura opaca.<\/p>\n<p class=\"p1\">*NOTA: Questo prodotto viene fornito con un catalizzatore e richiede una\u00a0<a href=\"https:\/\/www.cerakotesa.com\/product\/cerakote-in-cup-150-mesh-strainer-100-micron-se-276\/\">Filtro a 150 maglie (SE-276)<\/a>.\u00a0<b>La Serie F \u00e8 il rivestimento ceramico a film sottile privo di PFAS pi\u00f9 performante al mondo.<\/b><b><\/b><\/p>\n<p class=\"p1\">La Serie F \u00e8 specificamente progettata per la produzione in grandi volumi e per la fabbricazione, grazie al suo rapido tempo di polimerizzazione e al programma di polimerizzazione a bassa temperatura. Si tratta di un rivestimento a due componenti che viene applicato direttamente al substrato. La Serie F possiede tutte le caratteristiche che ci si aspetta da Cerakote. Ha un'impareggiabile resistenza alla corrosione e agli agenti chimici, un'adesione e una flessibilit\u00e0 superiori, nonch\u00e9 una durezza, una durata e un'usura eccezionali.<\/p>\n<p class=\"p1\"><b>La Serie F \u00e8:<\/b><b><\/b><\/p>\n<ul class=\"ul1\">\n<li class=\"li1\">Senza PFAS<\/li>\n<li>Polimerizzazione rapida - polimerizza in 15 minuti a 250\u00b0F \/ 120\u00b0c\n<ul class=\"ul1\">\n<li class=\"li1\">Oppure polimerizzare a 180\u00b0F \/ 82\u00b0C per 1 ora in una cabina di verniciatura.<\/li>\n<li class=\"li1\">Pu\u00f2 curare rapidamente parti di grandi dimensioni<\/li>\n<\/ul>\n<\/li>\n<li class=\"li1\">Volume elevato\/produzione facile\n<ul class=\"ul1\">\n<li class=\"li1\">Riduce i colli di bottiglia<\/li>\n<li class=\"li1\">Consente di ottenere una maggiore produttivit\u00e0<\/li>\n<li class=\"li1\">Risparmio significativo di tempo e costi energetici<\/li>\n<li class=\"li1\">Aumenta i ricavi della vostra attivit\u00e0<\/li>\n<\/ul>\n<\/li>\n<\/ul>","protected":false},"featured_media":20815,"comment_status":"closed","ping_status":"closed","template":"","meta":{"_acf_changed":false},"product_brand":[],"product_cat":[1147,987],"product_tag":[],"class_list":{"0":"post-20786","1":"product","2":"type-product","3":"status-publish","4":"has-post-thumbnail","6":"product_cat-f-series-ovencure","7":"product_cat-cerakote-coatings","9":"first","10":"instock","11":"taxable","12":"shipping-taxable","13":"product-type-variable"},"yoast_head":"<!-- This site is optimized with the Yoast SEO plugin v26.7 - https:\/\/yoast.com\/wordpress\/plugins\/seo\/ -->\n<title>Shale F-118 - Cerakote South Africa<\/title>\n<meta name=\"robots\" content=\"index, follow, max-snippet:-1, max-image-preview:large, max-video-preview:-1\" \/>\n<link rel=\"canonical\" href=\"https:\/\/www.cerakotesa.com\/it\/prodotto\/shale-f-118\/\" \/>\n<meta property=\"og:locale\" content=\"it_IT\" \/>\n<meta property=\"og:type\" content=\"article\" \/>\n<meta property=\"og:title\" content=\"Shale F-118 - Cerakote South Africa\" \/>\n<meta property=\"og:description\" content=\"Shale is a warm grey solid tone with a matte finish. *NOTE: This product comes with a catalyst and requires a\u00a0150 Mesh Strainer (SE-276).\u00a0F-Series is the world\u2019s highest performing PFAS free, thin film ceramic coating. F-Series is specifically engineered for high volume production and manufacturing due to its fast cure time and low temperature curing schedule. It is an oven cure, two-part coating that is applied directly to the substrate. F-Series has all the attributes you have come to expect from Cerakote. It has unmatched corrosion and chemical resistance, superior adhesion and flexibility, as well as exceptional hardness, durability and wear. F-Series is:    PFAS free  Fast Curing \u2013 cures in 15 minutes at 250\u00b0F \/ 120\u00b0c   Or cure as low as 180\u00b0F \/ 82\u00b0C for 1 hour in a paint booth  Can cure large parts quickly    High volume\/production friendly   Reduces bottle necks  Achieves higher throughput  Saves significant time and energy costs  Puts more revenue into your business\" \/>\n<meta property=\"og:url\" content=\"https:\/\/www.cerakotesa.com\/it\/prodotto\/shale-f-118\/\" \/>\n<meta property=\"og:site_name\" content=\"Cerakote South Africa\" \/>\n<meta property=\"article:modified_time\" content=\"2025-06-24T11:53:59+00:00\" \/>\n<meta name=\"twitter:card\" content=\"summary_large_image\" \/>\n<meta name=\"twitter:label1\" content=\"Tempo di lettura stimato\" \/>\n\t<meta name=\"twitter:data1\" content=\"1 minuto\" \/>\n<script type=\"application\/ld+json\" class=\"yoast-schema-graph\">{\"@context\":\"https:\/\/schema.org\",\"@graph\":[{\"@type\":\"WebPage\",\"@id\":\"https:\/\/www.cerakotesa.com\/product\/shale-f-118\/\",\"url\":\"https:\/\/www.cerakotesa.com\/product\/shale-f-118\/\",\"name\":\"Shale F-118 - Cerakote South Africa\",\"isPartOf\":{\"@id\":\"https:\/\/www.cerakotesa.com\/#website\"},\"primaryImageOfPage\":{\"@id\":\"https:\/\/www.cerakotesa.com\/product\/shale-f-118\/#primaryimage\"},\"image\":{\"@id\":\"https:\/\/www.cerakotesa.com\/product\/shale-f-118\/#primaryimage\"},\"thumbnailUrl\":\"https:\/\/www.cerakotesa.com\/wp-content\/uploads\/2025\/03\/shale-f-118-dt20250210192104055237-thumbnail.avif\",\"datePublished\":\"2025-03-03T09:00:45+00:00\",\"dateModified\":\"2025-06-24T11:53:59+00:00\",\"breadcrumb\":{\"@id\":\"https:\/\/www.cerakotesa.com\/product\/shale-f-118\/#breadcrumb\"},\"inLanguage\":\"it-IT\",\"potentialAction\":[{\"@type\":\"ReadAction\",\"target\":[\"https:\/\/www.cerakotesa.com\/product\/shale-f-118\/\"]}]},{\"@type\":\"ImageObject\",\"inLanguage\":\"it-IT\",\"@id\":\"https:\/\/www.cerakotesa.com\/product\/shale-f-118\/#primaryimage\",\"url\":\"https:\/\/www.cerakotesa.com\/wp-content\/uploads\/2025\/03\/shale-f-118-dt20250210192104055237-thumbnail.avif\",\"contentUrl\":\"https:\/\/www.cerakotesa.com\/wp-content\/uploads\/2025\/03\/shale-f-118-dt20250210192104055237-thumbnail.avif\",\"width\":600,\"height\":600},{\"@type\":\"BreadcrumbList\",\"@id\":\"https:\/\/www.cerakotesa.com\/product\/shale-f-118\/#breadcrumb\",\"itemListElement\":[{\"@type\":\"ListItem\",\"position\":1,\"name\":\"Home\",\"item\":\"https:\/\/www.cerakotesa.com\/\"},{\"@type\":\"ListItem\",\"position\":2,\"name\":\"Products\",\"item\":\"https:\/\/www.cerakotesa.com\/shop\/\"},{\"@type\":\"ListItem\",\"position\":3,\"name\":\"Shale F-118\"}]},{\"@type\":\"WebSite\",\"@id\":\"https:\/\/www.cerakotesa.com\/#website\",\"url\":\"https:\/\/www.cerakotesa.com\/\",\"name\":\"Cerakote South Africa\",\"description\":\"Cerakote is a global leader in the manufacturing of thin-film protective ceramic coatings\",\"potentialAction\":[{\"@type\":\"SearchAction\",\"target\":{\"@type\":\"EntryPoint\",\"urlTemplate\":\"https:\/\/www.cerakotesa.com\/?s={search_term_string}\"},\"query-input\":{\"@type\":\"PropertyValueSpecification\",\"valueRequired\":true,\"valueName\":\"search_term_string\"}}],\"inLanguage\":\"it-IT\"}]}<\/script>\n<!-- \/ Yoast SEO plugin. -->","yoast_head_json":{"title":"Shale F-118 - Cerakote South Africa","robots":{"index":"index","follow":"follow","max-snippet":"max-snippet:-1","max-image-preview":"max-image-preview:large","max-video-preview":"max-video-preview:-1"},"canonical":"https:\/\/www.cerakotesa.com\/it\/prodotto\/shale-f-118\/","og_locale":"it_IT","og_type":"article","og_title":"Shale F-118 - Cerakote South Africa","og_description":"Shale is a warm grey solid tone with a matte finish. *NOTE: This product comes with a catalyst and requires a\u00a0150 Mesh Strainer (SE-276).\u00a0F-Series is the world\u2019s highest performing PFAS free, thin film ceramic coating. F-Series is specifically engineered for high volume production and manufacturing due to its fast cure time and low temperature curing schedule. It is an oven cure, two-part coating that is applied directly to the substrate. F-Series has all the attributes you have come to expect from Cerakote. It has unmatched corrosion and chemical resistance, superior adhesion and flexibility, as well as exceptional hardness, durability and wear. F-Series is:    PFAS free  Fast Curing \u2013 cures in 15 minutes at 250\u00b0F \/ 120\u00b0c   Or cure as low as 180\u00b0F \/ 82\u00b0C for 1 hour in a paint booth  Can cure large parts quickly    High volume\/production friendly   Reduces bottle necks  Achieves higher throughput  Saves significant time and energy costs  Puts more revenue into your business","og_url":"https:\/\/www.cerakotesa.com\/it\/prodotto\/shale-f-118\/","og_site_name":"Cerakote South Africa","article_modified_time":"2025-06-24T11:53:59+00:00","twitter_card":"summary_large_image","twitter_misc":{"Tempo di lettura stimato":"1 minuto"},"schema":{"@context":"https:\/\/schema.org","@graph":[{"@type":"WebPage","@id":"https:\/\/www.cerakotesa.com\/product\/shale-f-118\/","url":"https:\/\/www.cerakotesa.com\/product\/shale-f-118\/","name":"Shale F-118 - Cerakote South Africa","isPartOf":{"@id":"https:\/\/www.cerakotesa.com\/#website"},"primaryImageOfPage":{"@id":"https:\/\/www.cerakotesa.com\/product\/shale-f-118\/#primaryimage"},"image":{"@id":"https:\/\/www.cerakotesa.com\/product\/shale-f-118\/#primaryimage"},"thumbnailUrl":"https:\/\/www.cerakotesa.com\/wp-content\/uploads\/2025\/03\/shale-f-118-dt20250210192104055237-thumbnail.avif","datePublished":"2025-03-03T09:00:45+00:00","dateModified":"2025-06-24T11:53:59+00:00","breadcrumb":{"@id":"https:\/\/www.cerakotesa.com\/product\/shale-f-118\/#breadcrumb"},"inLanguage":"it-IT","potentialAction":[{"@type":"ReadAction","target":["https:\/\/www.cerakotesa.com\/product\/shale-f-118\/"]}]},{"@type":"ImageObject","inLanguage":"it-IT","@id":"https:\/\/www.cerakotesa.com\/product\/shale-f-118\/#primaryimage","url":"https:\/\/www.cerakotesa.com\/wp-content\/uploads\/2025\/03\/shale-f-118-dt20250210192104055237-thumbnail.avif","contentUrl":"https:\/\/www.cerakotesa.com\/wp-content\/uploads\/2025\/03\/shale-f-118-dt20250210192104055237-thumbnail.avif","width":600,"height":600},{"@type":"BreadcrumbList","@id":"https:\/\/www.cerakotesa.com\/product\/shale-f-118\/#breadcrumb","itemListElement":[{"@type":"ListItem","position":1,"name":"Home","item":"https:\/\/www.cerakotesa.com\/"},{"@type":"ListItem","position":2,"name":"Products","item":"https:\/\/www.cerakotesa.com\/shop\/"},{"@type":"ListItem","position":3,"name":"Shale F-118"}]},{"@type":"WebSite","@id":"https:\/\/www.cerakotesa.com\/#website","url":"https:\/\/www.cerakotesa.com\/","name":"Cerakote South Africa","description":"Cerakote \u00e8 leader mondiale nella produzione di rivestimenti ceramici protettivi a film sottile.","potentialAction":[{"@type":"SearchAction","target":{"@type":"EntryPoint","urlTemplate":"https:\/\/www.cerakotesa.com\/?s={search_term_string}"},"query-input":{"@type":"PropertyValueSpecification","valueRequired":true,"valueName":"search_term_string"}}],"inLanguage":"it-IT"}]}},"acf":[],"_links":{"self":[{"href":"https:\/\/www.cerakotesa.com\/it\/wp-json\/wp\/v2\/product\/20786","targetHints":{"allow":["GET"]}}],"collection":[{"href":"https:\/\/www.cerakotesa.com\/it\/wp-json\/wp\/v2\/product"}],"about":[{"href":"https:\/\/www.cerakotesa.com\/it\/wp-json\/wp\/v2\/types\/product"}],"replies":[{"embeddable":true,"href":"https:\/\/www.cerakotesa.com\/it\/wp-json\/wp\/v2\/comments?post=20786"}],"wp:featuredmedia":[{"embeddable":true,"href":"https:\/\/www.cerakotesa.com\/it\/wp-json\/wp\/v2\/media\/20815"}],"wp:attachment":[{"href":"https:\/\/www.cerakotesa.com\/it\/wp-json\/wp\/v2\/media?parent=20786"}],"wp:term":[{"taxonomy":"product_brand","embeddable":true,"href":"https:\/\/www.cerakotesa.com\/it\/wp-json\/wp\/v2\/product_brand?post=20786"},{"taxonomy":"product_cat","embeddable":true,"href":"https:\/\/www.cerakotesa.com\/it\/wp-json\/wp\/v2\/product_cat?post=20786"},{"taxonomy":"product_tag","embeddable":true,"href":"https:\/\/www.cerakotesa.com\/it\/wp-json\/wp\/v2\/product_tag?post=20786"}],"curies":[{"name":"wp","href":"https:\/\/api.w.org\/{rel}","templated":true}]}}