{"id":24737,"date":"2025-11-26T13:44:11","date_gmt":"2025-11-26T13:44:11","guid":{"rendered":"https:\/\/www.cerakotesa.com\/?post_type=product&#038;p=24737"},"modified":"2025-11-27T10:02:33","modified_gmt":"2025-11-27T10:02:33","slug":"dry-film-lubricant-oven-cure-dfl-200","status":"publish","type":"product","link":"https:\/\/www.cerakotesa.com\/it\/prodotto\/dry-film-lubricant-oven-cure-dfl-200\/","title":{"rendered":"DRY FILM LUBRICANT (Oven Cure) DFL-200"},"content":{"rendered":"<section class=\"section\" id=\"section_1384861048\">\n\t\t<div class=\"section-bg fill\" >\n\t\t\t\t\t\t\t\t\t\n\t\t\t\n\n\t\t<\/div>\n\n\t\t\n\n\t\t<div class=\"section-content relative\">\n\t\t\t\n<div class=\"row\"  id=\"row-871646468\">\n\n\t<div id=\"col-2058039217\" class=\"col small-12 large-12\"  >\n\t\t\t\t<div class=\"col-inner\"  >\n\t\t\t\n\t\t\t\n<p><strong>Dati tecnici del prodotto:<\/strong><\/p>\n<style>\n.table_component {<br \/>    overflow: auto;<br \/>    width: 100%;<br \/>}<\/p>\n<p>.table_component table {<br \/>    border: 1px solid #dededf;<br \/>    height: 100%;<br \/>    width: 100%;<br \/>    table-layout: fixed;<br \/>    border-collapse: collapse;<br \/>    border-spacing: 1px;<br \/>    text-align: left;<br \/>}<\/p>\n<p>.table_component caption {<br \/>    caption-side: top;<br \/>    text-align: left;<br \/>}<\/p>\n<p>.table_component th {<br \/>    border: 1px solid #dededf;<br \/>    background-color: #eceff1;<br \/>    color: #000000;<br \/>    padding: 5px;<br \/>}<\/p>\n<p>.table_component td {<br \/>    border: 1px solid #dededf;<br \/>    background-color: #ffffff;<br \/>    color: #000000;<br \/>    padding: 5px;<br \/>}<br \/><\/style>\n<div class=\"table_component\" tabindex=\"0\" role=\"region\">\n<table>\n<thead>\n<tr>\n<th><\/th>\n<th><\/th>\n<\/tr>\n<\/thead>\n<tbody>\n<tr>\n<td>Programma di cura<\/td>\n<td>Infiammazione ambientale 15 minuti, polimerizzazione in forno 15 minuti@ 250\u00b0F<\/td>\n<\/tr>\n<tr>\n<td>Spessore consigliato (mil)<\/td>\n<td>.25 &#8211; .75<\/td>\n<\/tr>\n<tr>\n<td>Dimensione del filtro (maglia)<\/td>\n<td>325<\/td>\n<\/tr>\n<tr>\n<td>Livello di lucentezza \/ Unit\u00e0 (GU)<\/td>\n<td>Matte \/ 7<\/td>\n<\/tr>\n<tr>\n<td>Densit\u00e0 (g\/mL)<\/td>\n<td>1.31<\/td>\n<\/tr>\n<tr>\n<td>% Solidi (\u00b12%)<\/td>\n<td>23<\/td>\n<\/tr>\n<tr>\n<td>Viscosit\u00e0 (cP)<\/td>\n<td>5.8<\/td>\n<\/tr>\n<tr>\n<td>Copertura teorica per gal a spessore consigliato (ft\u00b2)<\/td>\n<td>738<\/td>\n<\/tr>\n<tr>\n<td>Corrosion Resistance (Hrs) ASTM B117<\/td>\n<td>Limited Corrosion Resistance<\/td>\n<\/tr>\n<tr>\n<td>Stabilit\u00e0 del rivestimento (\u00b0F) Max. Temp.<\/td>\n<td>1400<\/td>\n<\/tr>\n<tr>\n<td>Color Stability (F\u00b0) Max Temp.<\/td>\n<td>400<\/td>\n<\/tr>\n<tr>\n<td>Stabilit\u00e0 UV<\/td>\n<td>Buono<\/td>\n<\/tr>\n<tr>\n<td>Durezza della matita Sgorbia ASTM D3363<\/td>\n<td>9H<\/td>\n<\/tr>\n<tr>\n<td>Durezza della matita Graffio ASTM D3363<\/td>\n<td>6H<\/td>\n<\/tr>\n<tr>\n<td>Flessibilit\u00e0 (resistenza %) Curvatura conica ASTM D522<\/td>\n<td>100<\/td>\n<\/tr>\n<tr>\n<td>Prestazioni d'impatto dirette\/indirette (in-lbs) ASTM D2794<\/td>\n<td>160\/160<\/td>\n<\/tr>\n<\/tbody>\n<\/table>\n<p data-v-8ef39626=\"\">Tutti i risultati si basano su acciaio sabbiato rivestito con lo spessore consigliato e con il programma di polimerizzazione raccomandato.<\/p>\n<p data-v-8ef39626=\"\">*I livelli di lucentezza sono misurati con un angolo di 60\u00b0. Se si modificano le condizioni raccomandate si otterranno risultati diversi. La brillantezza \u00e8 influenzata dalla qualit\u00e0 della preparazione e dalla tecnica di spruzzatura. I risultati si basano su acciaio sabbiato rivestito e polimerizzato secondo le specifiche del programma di polimerizzazione.<\/p>\n<p data-v-8ef39626=\"\">**Viscosit\u00e0 misurata in condizioni ambientali (temperatura dell'aria, umidit\u00e0 relativa) al momento della produzione.<\/p>\n<p data-v-8ef39626=\"\"><strong data-v-8ef39626=\"\">Temperatura di polimerizzazione consigliata:<\/strong><\/p>\n<ul data-v-8ef39626=\"\">\n<li data-v-8ef39626=\"\">Fare riferimento alle specifiche del programma di polimerizzazione disponibili su ciascun prodotto Cerakote.<\/li>\n<\/ul>\n<p data-v-8ef39626=\"\"><strong data-v-8ef39626=\"\">Temperatura massima<\/strong>\u00a0\u00e8 la temperatura a cui il colore o il rivestimento \u00e8 stabile.<\/p>\n<p data-v-8ef39626=\"\"><strong data-v-8ef39626=\"\">Test di resistenza chimica:<\/strong>\u00a0I risultati si riferiscono alla variazione di colore in base alla formulazione CIE76. I risultati variano da:<\/p>\n<ul data-v-8ef39626=\"\">\n<li data-v-8ef39626=\"\"><strong data-v-8ef39626=\"\">Eccellente:<\/strong>\u00a0Variazione \u2206E di &lt;2,5<\/li>\n<li data-v-8ef39626=\"\"><strong data-v-8ef39626=\"\">Bene:<\/strong>\u00a0Variazione \u2206E di &lt;3,0<\/li>\n<li data-v-8ef39626=\"\"><strong data-v-8ef39626=\"\">Fiera:<\/strong>\u00a0Variazione \u2206E di &lt;3,5<\/li>\n<li data-v-8ef39626=\"\"><strong data-v-8ef39626=\"\">Povero:<\/strong>\u00a0Variazione \u2206E di &lt;4,0<\/li>\n<\/ul>\n<p data-v-8ef39626=\"\"><strong data-v-8ef39626=\"\">I parametri di prova sono i seguenti:<\/strong><\/p>\n<ul data-v-8ef39626=\"\">\n<li data-v-8ef39626=\"\"><strong data-v-8ef39626=\"\">Durezza<\/strong>\u00a0I test di durezza delle matite sono misurati dal pi\u00f9 morbido al pi\u00f9 duro come segue: 9B, 8B, 7B, 6B, 5B, 4B, 3B, 2B, B, HB, F, H, 2H, 3H, 4H, 5H, 6H, 7H, 8H, 9H. Il 9H \u00e8 il pi\u00f9 difficile.<\/li>\n<li data-v-8ef39626=\"\"><strong data-v-8ef39626=\"\">SOLO SG-100:<\/strong>\u00a0Prova di durezza Metodo A - Si esegue un taglio a X attraverso il film fino al substrato, si applica un nastro adesivo sensibile alla pressione sul taglio e poi lo si rimuove, e si valuta l'adesione in modo qualitativo su una scala da 0 a 5.<\/li>\n<li data-v-8ef39626=\"\"><strong data-v-8ef39626=\"\">Adesione<\/strong>\u00a0\u00e8 misurato su una scala di 0B, 1B, 2B, 3B, 4B, 5B, con 5B che rappresenta il massimo punteggio raggiungibile.<\/li>\n<li data-v-8ef39626=\"\"><strong data-v-8ef39626=\"\">Flessibilit\u00e0<\/strong>\u00a0o Curvatura conica: \"100% Resistance\" \u00e8 la valutazione pi\u00f9 alta ottenibile e indica che il rivestimento non si \u00e8 incrinato o scheggiato.<\/li>\n<li data-v-8ef39626=\"\"><strong data-v-8ef39626=\"\">Impatto Prestazioni (dirette\/indirette)<\/strong>\u00a0\u00e8 misurato su una scala da 0 a 160 pollici-libbre, con 160 pollici-libbre come valore massimo raggiungibile.<\/li>\n<\/ul>\n<p data-v-8ef39626=\"\">Tutti i rivestimenti Cerakote sono conformi ai requisiti VOC dell'EPA e hanno un contenuto di VOC basso o nullo. Per conoscere il contenuto di VOC di un singolo rivestimento, si prega di contattare\u00a0<a href=\"mailto:sds@nicindustries.com\" target=\"_blank\" rel=\"noopener\" data-v-8ef39626=\"\">sds@nicindustries.com<\/a>\u00a0per maggiori informazioni.<\/p>\n<p data-v-8ef39626=\"\">Queste informazioni sono accurate al meglio delle nostre conoscenze, tuttavia non costituiscono una garanzia per nessuna caratteristica specifica del prodotto e non stabiliscono un rapporto contrattuale legalmente valido. Si consiglia di eseguire test adeguati nella propria struttura per determinare se questo prodotto soddisfa tutti i requisiti.<\/p>\n<p data-v-8ef39626=\"\">Non esitate a contattarci via e-mail all'indirizzo <a href=\"mailto:enquiries@cerakoteeu.com\" target=\"_blank\" rel=\"noopener\" data-v-8ef39626=\"\">enquiries@cerakoteeu.com<\/a>\u00a0 se avete domande.<\/p>\n<\/div>\n<div class=\"row\"  id=\"row-1372096095\">\n\n\t<div id=\"col-222962457\" class=\"col medium-4 small-12 large-4\"  >\n\t\t\t\t<div class=\"col-inner text-center\"  >\n\t\t\t\n\t\t\t\n<a href=\"https:\/\/www.cerakotesa.com\/wp-content\/uploads\/2025\/11\/cerakote-dfl-200-dry-film-lubricant-dt20251031000318150613.pdf\" target=\"_blank\" class=\"button primary\" rel=\"noopener\" >\n\t\t<span>Scheda di sicurezza<\/span>\n\t<\/a>\n\n\t\t<\/div>\n\t\t\t\t\t<\/div>\n\n\t\n\n\t<div id=\"col-80992806\" class=\"col medium-4 small-12 large-4\"  >\n\t\t\t\t<div class=\"col-inner text-center\"  >\n\t\t\t\n\t\t\t\n<a href=\"https:\/\/www.cerakotesa.com\/wp-content\/uploads\/2025\/11\/DFL-200-Application-Guide-11_18_25.pdf\" target=\"_blank\" class=\"button primary\" rel=\"noopener\" >\n\t\t<span>Guida all'applicazione<\/span>\n\t<\/a>\n\n\t\t<\/div>\n\t\t\t\t\t<\/div>\n\n\t\n\n\t<div id=\"col-2119260489\" class=\"col medium-4 small-12 large-4\"  >\n\t\t\t\t<div class=\"col-inner text-center\"  >\n\t\t\t\n\t\t\t\n\t\t<\/div>\n\t\t\t\t\t<\/div>\n\n\t\n<\/div>\n\t\t<\/div>\n\t\t\t\t\t<\/div>\n\n\t\n<\/div>\n\t\t<\/div>\n\n\t\t\n<style>\n#section_1384861048 {\n  padding-top: 30px;\n  padding-bottom: 30px;\n}\n<\/style>\n\t<\/section>","protected":false},"excerpt":{"rendered":"<p>Cerakote\u00ae Dry Film Lubricant is a first-to-market, PFAS-free, ceramic-based coating engineered for extreme durability and low-friction performance in high-wear environments. Formulated with advanced solid lubricants, it delivers superior efficiency, abrasion resistance, and REACH\/RoHS compliance without relying on fluoropolymers.<\/p>\n<p>Ideal for aerospace, defense, automotive, and industrial applications, this coating cures fast at low temperatures, integrates easily into any production workflow, and outperforms traditional options like Molykote\u00ae, Teflon\u00ae, and Xylan\u00ae. This product uses <a href=\"https:\/\/www.cerakotesa.com\/product\/f-series-catalyst-f-100\/\" target=\"_blank\" rel=\"noopener\">F-100 Catalyst<\/a> and requires a <a href=\"https:\/\/www.cerakotesa.com\/product\/cerakote-in-cup-100-mesh-strainer-150-micron-se-275\/\" target=\"_blank\" rel=\"noopener\">325 Mesh Strainer (SE-275)<\/a>.<\/p>\n<p><b>Key Benefits:<\/b><\/p>\n<ul>\n<li style=\"list-style-type: none;\">\n<ul>\n<li>Ultra-low friction for improved efficiency<\/li>\n<\/ul>\n<\/li>\n<\/ul>\n<ul>\n<li style=\"list-style-type: none;\">\n<ul>\n<li>Exceptional wear resistance under heavy load<\/li>\n<\/ul>\n<\/li>\n<\/ul>\n<ul>\n<li style=\"list-style-type: none;\">\n<ul>\n<li>PFAS-free and regulatory compliant<\/li>\n<\/ul>\n<\/li>\n<\/ul>\n<ul>\n<li style=\"list-style-type: none;\">\n<ul>\n<li>Fast, low-temp cure for streamlined production<\/li>\n<\/ul>\n<\/li>\n<\/ul>\n<ul>\n<li style=\"list-style-type: none;\">\n<ul>\n<li>Over 40% slicker than Teflon<\/li>\n<\/ul>\n<\/li>\n<\/ul>\n<p>&nbsp;<\/p>\n<p><small><b>Note: The unique properties of our proprietary Dry Film Lubricant coating enable it to reduce friction and wear over time. As part of this process, the outermost layer of the coating is engineered to be a &#8216;sacrificial&#8217; lubricating film. This results in the formation of an ultra-thin, low-friction layer on the contacting surface, which ensures smooth operation. A small amount of this material may be noticeable upon initial handling, this is a normal function of the coating and confirms it is performing as intended.<\/b><\/small><\/p>","protected":false},"featured_media":24738,"comment_status":"closed","ping_status":"closed","template":"","meta":{"_acf_changed":false},"product_brand":[],"product_cat":[987,72],"product_tag":[],"class_list":{"0":"post-24737","1":"product","2":"type-product","3":"status-publish","4":"has-post-thumbnail","6":"product_cat-cerakote-coatings","7":"product_cat-specialty-coatings","8":"product_shipping_class-flat-rate","10":"first","11":"instock","12":"taxable","13":"shipping-taxable","14":"product-type-variable"},"yoast_head":"<!-- This site is optimized with the Yoast SEO plugin v26.7 - https:\/\/yoast.com\/wordpress\/plugins\/seo\/ -->\n<title>DRY FILM LUBRICANT (Oven Cure) DFL-200 - Cerakote South Africa<\/title>\n<meta name=\"robots\" content=\"index, follow, max-snippet:-1, max-image-preview:large, max-video-preview:-1\" \/>\n<link rel=\"canonical\" href=\"https:\/\/www.cerakotesa.com\/it\/prodotto\/dry-film-lubricant-oven-cure-dfl-200\/\" \/>\n<meta property=\"og:locale\" content=\"it_IT\" \/>\n<meta property=\"og:type\" content=\"article\" \/>\n<meta property=\"og:title\" content=\"DRY FILM LUBRICANT (Oven Cure) DFL-200 - Cerakote South Africa\" \/>\n<meta property=\"og:description\" content=\"Cerakote\u00ae Dry Film Lubricant is a first-to-market, PFAS-free, ceramic-based coating engineered for extreme durability and low-friction performance in high-wear environments. Formulated with advanced solid lubricants, it delivers superior efficiency, abrasion resistance, and REACH\/RoHS compliance without relying on fluoropolymers.  Ideal for aerospace, defense, automotive, and industrial applications, this coating cures fast at low temperatures, integrates easily into any production workflow, and outperforms traditional options like Molykote\u00ae, Teflon\u00ae, and Xylan\u00ae. This product uses F-100 Catalyst and requires a 325 Mesh Strainer (SE-275).  Key Benefits:      Ultra-low friction for improved efficiency         Exceptional wear resistance under heavy load         PFAS-free and regulatory compliant         Fast, low-temp cure for streamlined production         Over 40% slicker than Teflon    &nbsp;  Note: The unique properties of our proprietary Dry Film Lubricant coating enable it to reduce friction and wear over time. As part of this process, the outermost layer of the coating is engineered to be a &#039;sacrificial&#039; lubricating film. This results in the formation of an ultra-thin, low-friction layer on the contacting surface, which ensures smooth operation. A small amount of this material may be noticeable upon initial handling, this is a normal function of the coating and confirms it is performing as intended.\" \/>\n<meta property=\"og:url\" content=\"https:\/\/www.cerakotesa.com\/it\/prodotto\/dry-film-lubricant-oven-cure-dfl-200\/\" \/>\n<meta property=\"og:site_name\" content=\"Cerakote South Africa\" \/>\n<meta property=\"article:modified_time\" content=\"2025-11-27T10:02:33+00:00\" \/>\n<meta name=\"twitter:card\" content=\"summary_large_image\" \/>\n<meta name=\"twitter:label1\" content=\"Tempo di lettura stimato\" \/>\n\t<meta name=\"twitter:data1\" content=\"3 minuti\" \/>\n<script type=\"application\/ld+json\" class=\"yoast-schema-graph\">{\"@context\":\"https:\/\/schema.org\",\"@graph\":[{\"@type\":\"WebPage\",\"@id\":\"https:\/\/www.cerakotesa.com\/product\/dry-film-lubricant-oven-cure-dfl-200\/\",\"url\":\"https:\/\/www.cerakotesa.com\/product\/dry-film-lubricant-oven-cure-dfl-200\/\",\"name\":\"DRY FILM LUBRICANT (Oven Cure) DFL-200 - Cerakote South Africa\",\"isPartOf\":{\"@id\":\"https:\/\/www.cerakotesa.com\/#website\"},\"primaryImageOfPage\":{\"@id\":\"https:\/\/www.cerakotesa.com\/product\/dry-film-lubricant-oven-cure-dfl-200\/#primaryimage\"},\"image\":{\"@id\":\"https:\/\/www.cerakotesa.com\/product\/dry-film-lubricant-oven-cure-dfl-200\/#primaryimage\"},\"thumbnailUrl\":\"https:\/\/www.cerakotesa.com\/wp-content\/uploads\/2025\/11\/dry-film-lubricant-oven-cure-dfl-200-dt20251017183816028804-thumbnail.avif\",\"datePublished\":\"2025-11-26T13:44:11+00:00\",\"dateModified\":\"2025-11-27T10:02:33+00:00\",\"breadcrumb\":{\"@id\":\"https:\/\/www.cerakotesa.com\/product\/dry-film-lubricant-oven-cure-dfl-200\/#breadcrumb\"},\"inLanguage\":\"it-IT\",\"potentialAction\":[{\"@type\":\"ReadAction\",\"target\":[\"https:\/\/www.cerakotesa.com\/product\/dry-film-lubricant-oven-cure-dfl-200\/\"]}]},{\"@type\":\"ImageObject\",\"inLanguage\":\"it-IT\",\"@id\":\"https:\/\/www.cerakotesa.com\/product\/dry-film-lubricant-oven-cure-dfl-200\/#primaryimage\",\"url\":\"https:\/\/www.cerakotesa.com\/wp-content\/uploads\/2025\/11\/dry-film-lubricant-oven-cure-dfl-200-dt20251017183816028804-thumbnail.avif\",\"contentUrl\":\"https:\/\/www.cerakotesa.com\/wp-content\/uploads\/2025\/11\/dry-film-lubricant-oven-cure-dfl-200-dt20251017183816028804-thumbnail.avif\",\"width\":600,\"height\":600},{\"@type\":\"BreadcrumbList\",\"@id\":\"https:\/\/www.cerakotesa.com\/product\/dry-film-lubricant-oven-cure-dfl-200\/#breadcrumb\",\"itemListElement\":[{\"@type\":\"ListItem\",\"position\":1,\"name\":\"Home\",\"item\":\"https:\/\/www.cerakotesa.com\/\"},{\"@type\":\"ListItem\",\"position\":2,\"name\":\"Products\",\"item\":\"https:\/\/www.cerakotesa.com\/shop\/\"},{\"@type\":\"ListItem\",\"position\":3,\"name\":\"DRY FILM LUBRICANT (Oven Cure) DFL-200\"}]},{\"@type\":\"WebSite\",\"@id\":\"https:\/\/www.cerakotesa.com\/#website\",\"url\":\"https:\/\/www.cerakotesa.com\/\",\"name\":\"Cerakote South Africa\",\"description\":\"Cerakote is a global leader in the manufacturing of thin-film protective ceramic coatings\",\"potentialAction\":[{\"@type\":\"SearchAction\",\"target\":{\"@type\":\"EntryPoint\",\"urlTemplate\":\"https:\/\/www.cerakotesa.com\/?s={search_term_string}\"},\"query-input\":{\"@type\":\"PropertyValueSpecification\",\"valueRequired\":true,\"valueName\":\"search_term_string\"}}],\"inLanguage\":\"it-IT\"}]}<\/script>\n<!-- \/ Yoast SEO plugin. -->","yoast_head_json":{"title":"DRY FILM LUBRICANT (Oven Cure) DFL-200 - Cerakote South Africa","robots":{"index":"index","follow":"follow","max-snippet":"max-snippet:-1","max-image-preview":"max-image-preview:large","max-video-preview":"max-video-preview:-1"},"canonical":"https:\/\/www.cerakotesa.com\/it\/prodotto\/dry-film-lubricant-oven-cure-dfl-200\/","og_locale":"it_IT","og_type":"article","og_title":"DRY FILM LUBRICANT (Oven Cure) DFL-200 - Cerakote South Africa","og_description":"Cerakote\u00ae Dry Film Lubricant is a first-to-market, PFAS-free, ceramic-based coating engineered for extreme durability and low-friction performance in high-wear environments. Formulated with advanced solid lubricants, it delivers superior efficiency, abrasion resistance, and REACH\/RoHS compliance without relying on fluoropolymers.  Ideal for aerospace, defense, automotive, and industrial applications, this coating cures fast at low temperatures, integrates easily into any production workflow, and outperforms traditional options like Molykote\u00ae, Teflon\u00ae, and Xylan\u00ae. This product uses F-100 Catalyst and requires a 325 Mesh Strainer (SE-275).  Key Benefits:      Ultra-low friction for improved efficiency         Exceptional wear resistance under heavy load         PFAS-free and regulatory compliant         Fast, low-temp cure for streamlined production         Over 40% slicker than Teflon    &nbsp;  Note: The unique properties of our proprietary Dry Film Lubricant coating enable it to reduce friction and wear over time. As part of this process, the outermost layer of the coating is engineered to be a 'sacrificial' lubricating film. This results in the formation of an ultra-thin, low-friction layer on the contacting surface, which ensures smooth operation. A small amount of this material may be noticeable upon initial handling, this is a normal function of the coating and confirms it is performing as intended.","og_url":"https:\/\/www.cerakotesa.com\/it\/prodotto\/dry-film-lubricant-oven-cure-dfl-200\/","og_site_name":"Cerakote South Africa","article_modified_time":"2025-11-27T10:02:33+00:00","twitter_card":"summary_large_image","twitter_misc":{"Tempo di lettura stimato":"3 minuti"},"schema":{"@context":"https:\/\/schema.org","@graph":[{"@type":"WebPage","@id":"https:\/\/www.cerakotesa.com\/product\/dry-film-lubricant-oven-cure-dfl-200\/","url":"https:\/\/www.cerakotesa.com\/product\/dry-film-lubricant-oven-cure-dfl-200\/","name":"DRY FILM LUBRICANT (Oven Cure) DFL-200 - Cerakote South Africa","isPartOf":{"@id":"https:\/\/www.cerakotesa.com\/#website"},"primaryImageOfPage":{"@id":"https:\/\/www.cerakotesa.com\/product\/dry-film-lubricant-oven-cure-dfl-200\/#primaryimage"},"image":{"@id":"https:\/\/www.cerakotesa.com\/product\/dry-film-lubricant-oven-cure-dfl-200\/#primaryimage"},"thumbnailUrl":"https:\/\/www.cerakotesa.com\/wp-content\/uploads\/2025\/11\/dry-film-lubricant-oven-cure-dfl-200-dt20251017183816028804-thumbnail.avif","datePublished":"2025-11-26T13:44:11+00:00","dateModified":"2025-11-27T10:02:33+00:00","breadcrumb":{"@id":"https:\/\/www.cerakotesa.com\/product\/dry-film-lubricant-oven-cure-dfl-200\/#breadcrumb"},"inLanguage":"it-IT","potentialAction":[{"@type":"ReadAction","target":["https:\/\/www.cerakotesa.com\/product\/dry-film-lubricant-oven-cure-dfl-200\/"]}]},{"@type":"ImageObject","inLanguage":"it-IT","@id":"https:\/\/www.cerakotesa.com\/product\/dry-film-lubricant-oven-cure-dfl-200\/#primaryimage","url":"https:\/\/www.cerakotesa.com\/wp-content\/uploads\/2025\/11\/dry-film-lubricant-oven-cure-dfl-200-dt20251017183816028804-thumbnail.avif","contentUrl":"https:\/\/www.cerakotesa.com\/wp-content\/uploads\/2025\/11\/dry-film-lubricant-oven-cure-dfl-200-dt20251017183816028804-thumbnail.avif","width":600,"height":600},{"@type":"BreadcrumbList","@id":"https:\/\/www.cerakotesa.com\/product\/dry-film-lubricant-oven-cure-dfl-200\/#breadcrumb","itemListElement":[{"@type":"ListItem","position":1,"name":"Home","item":"https:\/\/www.cerakotesa.com\/"},{"@type":"ListItem","position":2,"name":"Products","item":"https:\/\/www.cerakotesa.com\/shop\/"},{"@type":"ListItem","position":3,"name":"DRY FILM LUBRICANT (Oven Cure) DFL-200"}]},{"@type":"WebSite","@id":"https:\/\/www.cerakotesa.com\/#website","url":"https:\/\/www.cerakotesa.com\/","name":"Cerakote South Africa","description":"Cerakote \u00e8 leader mondiale nella produzione di rivestimenti ceramici protettivi a film sottile.","potentialAction":[{"@type":"SearchAction","target":{"@type":"EntryPoint","urlTemplate":"https:\/\/www.cerakotesa.com\/?s={search_term_string}"},"query-input":{"@type":"PropertyValueSpecification","valueRequired":true,"valueName":"search_term_string"}}],"inLanguage":"it-IT"}]}},"acf":[],"_links":{"self":[{"href":"https:\/\/www.cerakotesa.com\/it\/wp-json\/wp\/v2\/product\/24737","targetHints":{"allow":["GET"]}}],"collection":[{"href":"https:\/\/www.cerakotesa.com\/it\/wp-json\/wp\/v2\/product"}],"about":[{"href":"https:\/\/www.cerakotesa.com\/it\/wp-json\/wp\/v2\/types\/product"}],"replies":[{"embeddable":true,"href":"https:\/\/www.cerakotesa.com\/it\/wp-json\/wp\/v2\/comments?post=24737"}],"wp:featuredmedia":[{"embeddable":true,"href":"https:\/\/www.cerakotesa.com\/it\/wp-json\/wp\/v2\/media\/24738"}],"wp:attachment":[{"href":"https:\/\/www.cerakotesa.com\/it\/wp-json\/wp\/v2\/media?parent=24737"}],"wp:term":[{"taxonomy":"product_brand","embeddable":true,"href":"https:\/\/www.cerakotesa.com\/it\/wp-json\/wp\/v2\/product_brand?post=24737"},{"taxonomy":"product_cat","embeddable":true,"href":"https:\/\/www.cerakotesa.com\/it\/wp-json\/wp\/v2\/product_cat?post=24737"},{"taxonomy":"product_tag","embeddable":true,"href":"https:\/\/www.cerakotesa.com\/it\/wp-json\/wp\/v2\/product_tag?post=24737"}],"curies":[{"name":"wp","href":"https:\/\/api.w.org\/{rel}","templated":true}]}}