{"id":4373,"date":"2020-08-20T11:21:50","date_gmt":"2020-08-20T11:21:50","guid":{"rendered":"https:\/\/www.cerakote.co.uk\/?post_type=product&#038;p=4373"},"modified":"2025-03-27T09:38:19","modified_gmt":"2025-03-27T09:38:19","slug":"h-329-blue-raspberry","status":"publish","type":"product","link":"https:\/\/www.cerakotesa.com\/it\/prodotto\/h-329-blue-raspberry\/","title":{"rendered":"Blue Raspberry H-329"},"content":{"rendered":"","protected":false},"excerpt":{"rendered":"<p>Cerakote Blue Raspberry \u00e8 un colore blu elettrico. \u00c8 un colore vibrante, ma morbido, con un fascino accattivante. Ricorda le caramelle blu al lampone, ma non vi far\u00e0 diventare la lingua blu.<\/p>\n<p>*NOTA: Questo prodotto viene fornito con un catalizzatore e richiede una <a href=\"https:\/\/www.cerakotesa.com\/product\/cerakote-in-cup-150-mesh-strainer-100-micron-se-276\/\">Filtro a 150 maglie (SE-276)<\/a>.<\/p>\n<p>I rivestimenti Cerakote Serie H sono durevoli, resistenti alla corrosione e offrono livelli di durezza e adesione senza precedenti. Questi rivestimenti sono inoltre resistenti alla maggior parte dei solventi e delle sostanze chimiche. La base dei rivestimenti Cerakote Serie H \u00e8 costituita da una tecnologia ceramica unica che conferisce al rivestimento finale flessibilit\u00e0 ed eccellente resistenza all'usura. Scoprite il <a href=\"https:\/\/www.cerakotesa.com\/documents\/\" target=\"_blank\" rel=\"noopener noreferrer\">Sezione Risorse<\/a> per le guide all'applicazione dei prodotti, le schede tecniche e le informazioni SDS.<\/p>","protected":false},"featured_media":4378,"comment_status":"closed","ping_status":"closed","template":"","meta":{"_acf_changed":false},"product_brand":[],"product_cat":[37],"product_tag":[212,725,36,726,727,728],"class_list":{"0":"post-4373","1":"product","2":"type-product","3":"status-publish","4":"has-post-thumbnail","6":"product_cat-h-series-coatings","7":"product_tag-blue","8":"product_tag-blue-raspberry","9":"product_tag-h-series","10":"product_tag-h-329","11":"product_tag-h-329-blue-raspberry","12":"product_tag-h329","13":"product_shipping_class-flat-rate","15":"first","16":"instock","17":"taxable","18":"shipping-taxable","19":"product-type-variable"},"yoast_head":"<!-- This site is optimized with the Yoast SEO plugin v26.7 - https:\/\/yoast.com\/wordpress\/plugins\/seo\/ -->\n<title>Blue Raspberry H-329 - Cerakote South Africa<\/title>\n<meta name=\"robots\" content=\"index, follow, max-snippet:-1, max-image-preview:large, max-video-preview:-1\" \/>\n<link rel=\"canonical\" href=\"https:\/\/www.cerakotesa.com\/it\/prodotto\/h-329-blue-raspberry\/\" \/>\n<meta property=\"og:locale\" content=\"it_IT\" \/>\n<meta property=\"og:type\" content=\"article\" \/>\n<meta property=\"og:title\" content=\"Blue Raspberry H-329 - Cerakote South Africa\" \/>\n<meta property=\"og:description\" content=\"Cerakote Blue Raspberry is an electric berry blue color. It\u2019s a vibrant, yet soft color with eye-catching appeal. It reminds us of blue raspberry candies, but it won\u2019t turn your tongue blue. *NOTE: This product comes with a catalyst and requires a 150 Mesh Strainer (SE-276). Cerakote H Series coatings are durable, corrosion-resistant, and provide unparalleled levels of hardness and adhesion. These coatings are also resistant to most solvents and chemicals. The foundation for Cerakote H Series coatings is a unique ceramic technology that imparts both flexibility and excellent wear resistance to the final coating. Check out the Resources section for product application guides, technical data sheets and SDS information.\" \/>\n<meta property=\"og:url\" content=\"https:\/\/www.cerakotesa.com\/it\/prodotto\/h-329-blue-raspberry\/\" \/>\n<meta property=\"og:site_name\" content=\"Cerakote South Africa\" \/>\n<meta property=\"article:modified_time\" content=\"2025-03-27T09:38:19+00:00\" \/>\n<meta property=\"og:image\" content=\"https:\/\/www.cerakotesa.com\/wp-content\/uploads\/2020\/08\/blue-raspberry-h-329-dt20200504161200268-thumbnail.jpg\" \/>\n\t<meta property=\"og:image:width\" content=\"800\" \/>\n\t<meta property=\"og:image:height\" content=\"800\" \/>\n\t<meta property=\"og:image:type\" content=\"image\/jpeg\" \/>\n<meta name=\"twitter:card\" content=\"summary_large_image\" \/>\n<script type=\"application\/ld+json\" class=\"yoast-schema-graph\">{\"@context\":\"https:\/\/schema.org\",\"@graph\":[{\"@type\":\"WebPage\",\"@id\":\"https:\/\/www.cerakotesa.com\/product\/h-329-blue-raspberry\/\",\"url\":\"https:\/\/www.cerakotesa.com\/product\/h-329-blue-raspberry\/\",\"name\":\"Blue Raspberry H-329 - Cerakote South Africa\",\"isPartOf\":{\"@id\":\"https:\/\/www.cerakotesa.com\/#website\"},\"primaryImageOfPage\":{\"@id\":\"https:\/\/www.cerakotesa.com\/product\/h-329-blue-raspberry\/#primaryimage\"},\"image\":{\"@id\":\"https:\/\/www.cerakotesa.com\/product\/h-329-blue-raspberry\/#primaryimage\"},\"thumbnailUrl\":\"https:\/\/www.cerakotesa.com\/wp-content\/uploads\/2020\/08\/blue-raspberry-h-329-dt20200504161200268-thumbnail.jpg\",\"datePublished\":\"2020-08-20T11:21:50+00:00\",\"dateModified\":\"2025-03-27T09:38:19+00:00\",\"breadcrumb\":{\"@id\":\"https:\/\/www.cerakotesa.com\/product\/h-329-blue-raspberry\/#breadcrumb\"},\"inLanguage\":\"it-IT\",\"potentialAction\":[{\"@type\":\"ReadAction\",\"target\":[\"https:\/\/www.cerakotesa.com\/product\/h-329-blue-raspberry\/\"]}]},{\"@type\":\"ImageObject\",\"inLanguage\":\"it-IT\",\"@id\":\"https:\/\/www.cerakotesa.com\/product\/h-329-blue-raspberry\/#primaryimage\",\"url\":\"https:\/\/www.cerakotesa.com\/wp-content\/uploads\/2020\/08\/blue-raspberry-h-329-dt20200504161200268-thumbnail.jpg\",\"contentUrl\":\"https:\/\/www.cerakotesa.com\/wp-content\/uploads\/2020\/08\/blue-raspberry-h-329-dt20200504161200268-thumbnail.jpg\",\"width\":800,\"height\":800},{\"@type\":\"BreadcrumbList\",\"@id\":\"https:\/\/www.cerakotesa.com\/product\/h-329-blue-raspberry\/#breadcrumb\",\"itemListElement\":[{\"@type\":\"ListItem\",\"position\":1,\"name\":\"Home\",\"item\":\"https:\/\/www.cerakotesa.com\/\"},{\"@type\":\"ListItem\",\"position\":2,\"name\":\"Products\",\"item\":\"https:\/\/www.cerakotesa.com\/shop\/\"},{\"@type\":\"ListItem\",\"position\":3,\"name\":\"Blue Raspberry H-329\"}]},{\"@type\":\"WebSite\",\"@id\":\"https:\/\/www.cerakotesa.com\/#website\",\"url\":\"https:\/\/www.cerakotesa.com\/\",\"name\":\"Cerakote South Africa\",\"description\":\"Cerakote is a global leader in the manufacturing of thin-film protective ceramic coatings\",\"potentialAction\":[{\"@type\":\"SearchAction\",\"target\":{\"@type\":\"EntryPoint\",\"urlTemplate\":\"https:\/\/www.cerakotesa.com\/?s={search_term_string}\"},\"query-input\":{\"@type\":\"PropertyValueSpecification\",\"valueRequired\":true,\"valueName\":\"search_term_string\"}}],\"inLanguage\":\"it-IT\"}]}<\/script>\n<!-- \/ Yoast SEO plugin. -->","yoast_head_json":{"title":"Blue Raspberry H-329 - Cerakote South Africa","robots":{"index":"index","follow":"follow","max-snippet":"max-snippet:-1","max-image-preview":"max-image-preview:large","max-video-preview":"max-video-preview:-1"},"canonical":"https:\/\/www.cerakotesa.com\/it\/prodotto\/h-329-blue-raspberry\/","og_locale":"it_IT","og_type":"article","og_title":"Blue Raspberry H-329 - Cerakote South Africa","og_description":"Cerakote Blue Raspberry is an electric berry blue color. It\u2019s a vibrant, yet soft color with eye-catching appeal. It reminds us of blue raspberry candies, but it won\u2019t turn your tongue blue. *NOTE: This product comes with a catalyst and requires a 150 Mesh Strainer (SE-276). Cerakote H Series coatings are durable, corrosion-resistant, and provide unparalleled levels of hardness and adhesion. These coatings are also resistant to most solvents and chemicals. The foundation for Cerakote H Series coatings is a unique ceramic technology that imparts both flexibility and excellent wear resistance to the final coating. Check out the Resources section for product application guides, technical data sheets and SDS information.","og_url":"https:\/\/www.cerakotesa.com\/it\/prodotto\/h-329-blue-raspberry\/","og_site_name":"Cerakote South Africa","article_modified_time":"2025-03-27T09:38:19+00:00","og_image":[{"width":800,"height":800,"url":"https:\/\/www.cerakotesa.com\/wp-content\/uploads\/2020\/08\/blue-raspberry-h-329-dt20200504161200268-thumbnail.jpg","type":"image\/jpeg"}],"twitter_card":"summary_large_image","schema":{"@context":"https:\/\/schema.org","@graph":[{"@type":"WebPage","@id":"https:\/\/www.cerakotesa.com\/product\/h-329-blue-raspberry\/","url":"https:\/\/www.cerakotesa.com\/product\/h-329-blue-raspberry\/","name":"Blue Raspberry H-329 - Cerakote South Africa","isPartOf":{"@id":"https:\/\/www.cerakotesa.com\/#website"},"primaryImageOfPage":{"@id":"https:\/\/www.cerakotesa.com\/product\/h-329-blue-raspberry\/#primaryimage"},"image":{"@id":"https:\/\/www.cerakotesa.com\/product\/h-329-blue-raspberry\/#primaryimage"},"thumbnailUrl":"https:\/\/www.cerakotesa.com\/wp-content\/uploads\/2020\/08\/blue-raspberry-h-329-dt20200504161200268-thumbnail.jpg","datePublished":"2020-08-20T11:21:50+00:00","dateModified":"2025-03-27T09:38:19+00:00","breadcrumb":{"@id":"https:\/\/www.cerakotesa.com\/product\/h-329-blue-raspberry\/#breadcrumb"},"inLanguage":"it-IT","potentialAction":[{"@type":"ReadAction","target":["https:\/\/www.cerakotesa.com\/product\/h-329-blue-raspberry\/"]}]},{"@type":"ImageObject","inLanguage":"it-IT","@id":"https:\/\/www.cerakotesa.com\/product\/h-329-blue-raspberry\/#primaryimage","url":"https:\/\/www.cerakotesa.com\/wp-content\/uploads\/2020\/08\/blue-raspberry-h-329-dt20200504161200268-thumbnail.jpg","contentUrl":"https:\/\/www.cerakotesa.com\/wp-content\/uploads\/2020\/08\/blue-raspberry-h-329-dt20200504161200268-thumbnail.jpg","width":800,"height":800},{"@type":"BreadcrumbList","@id":"https:\/\/www.cerakotesa.com\/product\/h-329-blue-raspberry\/#breadcrumb","itemListElement":[{"@type":"ListItem","position":1,"name":"Home","item":"https:\/\/www.cerakotesa.com\/"},{"@type":"ListItem","position":2,"name":"Products","item":"https:\/\/www.cerakotesa.com\/shop\/"},{"@type":"ListItem","position":3,"name":"Blue Raspberry H-329"}]},{"@type":"WebSite","@id":"https:\/\/www.cerakotesa.com\/#website","url":"https:\/\/www.cerakotesa.com\/","name":"Cerakote South Africa","description":"Cerakote \u00e8 leader mondiale nella produzione di rivestimenti ceramici protettivi a film sottile.","potentialAction":[{"@type":"SearchAction","target":{"@type":"EntryPoint","urlTemplate":"https:\/\/www.cerakotesa.com\/?s={search_term_string}"},"query-input":{"@type":"PropertyValueSpecification","valueRequired":true,"valueName":"search_term_string"}}],"inLanguage":"it-IT"}]}},"acf":[],"_links":{"self":[{"href":"https:\/\/www.cerakotesa.com\/it\/wp-json\/wp\/v2\/product\/4373","targetHints":{"allow":["GET"]}}],"collection":[{"href":"https:\/\/www.cerakotesa.com\/it\/wp-json\/wp\/v2\/product"}],"about":[{"href":"https:\/\/www.cerakotesa.com\/it\/wp-json\/wp\/v2\/types\/product"}],"replies":[{"embeddable":true,"href":"https:\/\/www.cerakotesa.com\/it\/wp-json\/wp\/v2\/comments?post=4373"}],"wp:featuredmedia":[{"embeddable":true,"href":"https:\/\/www.cerakotesa.com\/it\/wp-json\/wp\/v2\/media\/4378"}],"wp:attachment":[{"href":"https:\/\/www.cerakotesa.com\/it\/wp-json\/wp\/v2\/media?parent=4373"}],"wp:term":[{"taxonomy":"product_brand","embeddable":true,"href":"https:\/\/www.cerakotesa.com\/it\/wp-json\/wp\/v2\/product_brand?post=4373"},{"taxonomy":"product_cat","embeddable":true,"href":"https:\/\/www.cerakotesa.com\/it\/wp-json\/wp\/v2\/product_cat?post=4373"},{"taxonomy":"product_tag","embeddable":true,"href":"https:\/\/www.cerakotesa.com\/it\/wp-json\/wp\/v2\/product_tag?post=4373"}],"curies":[{"name":"wp","href":"https:\/\/api.w.org\/{rel}","templated":true}]}}