{"id":9533,"date":"2022-04-12T10:13:59","date_gmt":"2022-04-12T09:13:59","guid":{"rendered":"https:\/\/www.cerakote.co.uk\/?post_type=product&#038;p=9533"},"modified":"2026-01-08T12:52:57","modified_gmt":"2026-01-08T12:52:57","slug":"cerakote-s-panel-5-pack-se-506","status":"publish","type":"product","link":"https:\/\/www.cerakotesa.com\/it\/prodotto\/cerakote-s-panel-5-pack-se-506\/","title":{"rendered":"CERAKOTE\u00ae S Panel 5 Pack SE-506"},"content":{"rendered":"","protected":false},"excerpt":{"rendered":"<p>Uno degli strumenti pi\u00f9 potenti per comunicare un prodotto \u00e8 la visualizzazione. I pannelli S sono uno dei modi in cui visualizziamo tutti i nostri colori su questo sito web, e ora vi offriamo la stessa possibilit\u00e0. I pannelli S di Cerakote sono fondamentali per comprendere non solo il colore, ma anche la brillantezza e la lucentezza a diverse angolazioni, ecco perch\u00e9 li usiamo e perch\u00e9 dovreste farlo anche voi. I pannelli stessi sono importanti perch\u00e9 rappresentano Cerakote in un modo in cui non molti altri articoli possono rappresentare un'immagine cos\u00ec professionale, elegante e moderna.<\/p>\n<p>Specifiche:<\/p>\n<p>- 3 \"L x 5 \u00be\"L<\/p>\n<p>- Alluminio tagliato al laser<\/p>\n<p>- Potenziale illimitato<\/p>\n<p>- Curve sexy<\/p>","protected":false},"featured_media":15666,"comment_status":"closed","ping_status":"closed","template":"","meta":{"_acf_changed":false},"product_brand":[],"product_cat":[106],"product_tag":[921,573,922],"class_list":{"0":"post-9533","1":"product","2":"type-product","3":"status-publish","4":"has-post-thumbnail","6":"product_cat-equipment","7":"product_tag-s-panel","8":"product_tag-swatch","9":"product_tag-test-panel","10":"product_shipping_class-flat-rate","12":"first","13":"instock","14":"taxable","15":"shipping-taxable","16":"product-type-simple"},"yoast_head":"<!-- This site is optimized with the Yoast SEO plugin v26.7 - https:\/\/yoast.com\/wordpress\/plugins\/seo\/ -->\n<title>CERAKOTE\u00ae S Panel 5 Pack SE-506 - Cerakote South Africa<\/title>\n<meta name=\"robots\" content=\"index, follow, max-snippet:-1, max-image-preview:large, max-video-preview:-1\" \/>\n<link rel=\"canonical\" href=\"https:\/\/www.cerakotesa.com\/it\/prodotto\/cerakote-s-panel-5-pack-se-506\/\" \/>\n<meta property=\"og:locale\" content=\"it_IT\" \/>\n<meta property=\"og:type\" content=\"article\" \/>\n<meta property=\"og:title\" content=\"CERAKOTE\u00ae S Panel 5 Pack SE-506 - Cerakote South Africa\" \/>\n<meta property=\"og:description\" content=\"One of the most powerful tools for conveying a product is via display.\u00a0S Panels are one of the ways in which we display all our colors on this website, and now we offer that same ability to you.\u00a0Cerakote S Panels are critical for understanding not just color but gloss and sheen at varying angles, that\u2019s why we use them and that\u2019s why you should too. The panels themselves are important because they represent Cerakote in a way in which not many other items can portray such a professional, sleek, and modern image.  Specs:  \u2022 3\u201dW x 5 \u00be\u201dL  \u2022 Laser Cut Aluminum  \u2022 Unlimited Potential  \u2022 Sexy Curves\" \/>\n<meta property=\"og:url\" content=\"https:\/\/www.cerakotesa.com\/it\/prodotto\/cerakote-s-panel-5-pack-se-506\/\" \/>\n<meta property=\"og:site_name\" content=\"Cerakote South Africa\" \/>\n<meta property=\"article:modified_time\" content=\"2026-01-08T12:52:57+00:00\" \/>\n<meta property=\"og:image\" content=\"https:\/\/www.cerakotesa.com\/wp-content\/uploads\/2022\/04\/cerakote-s-panel-5-pack-se-506-dt20220408183233397813-thumbnail.jpg\" \/>\n\t<meta property=\"og:image:width\" content=\"800\" \/>\n\t<meta property=\"og:image:height\" content=\"800\" \/>\n\t<meta property=\"og:image:type\" content=\"image\/jpeg\" \/>\n<meta name=\"twitter:card\" content=\"summary_large_image\" \/>\n<script type=\"application\/ld+json\" class=\"yoast-schema-graph\">{\"@context\":\"https:\/\/schema.org\",\"@graph\":[{\"@type\":\"WebPage\",\"@id\":\"https:\/\/www.cerakotesa.com\/product\/cerakote-s-panel-5-pack-se-506\/\",\"url\":\"https:\/\/www.cerakotesa.com\/product\/cerakote-s-panel-5-pack-se-506\/\",\"name\":\"CERAKOTE\u00ae S Panel 5 Pack SE-506 - Cerakote South Africa\",\"isPartOf\":{\"@id\":\"https:\/\/www.cerakotesa.com\/#website\"},\"primaryImageOfPage\":{\"@id\":\"https:\/\/www.cerakotesa.com\/product\/cerakote-s-panel-5-pack-se-506\/#primaryimage\"},\"image\":{\"@id\":\"https:\/\/www.cerakotesa.com\/product\/cerakote-s-panel-5-pack-se-506\/#primaryimage\"},\"thumbnailUrl\":\"https:\/\/www.cerakotesa.com\/wp-content\/uploads\/2022\/04\/cerakote-s-panel-5-pack-se-506-dt20220408183233397813-thumbnail.jpg\",\"datePublished\":\"2022-04-12T09:13:59+00:00\",\"dateModified\":\"2026-01-08T12:52:57+00:00\",\"breadcrumb\":{\"@id\":\"https:\/\/www.cerakotesa.com\/product\/cerakote-s-panel-5-pack-se-506\/#breadcrumb\"},\"inLanguage\":\"it-IT\",\"potentialAction\":[{\"@type\":\"ReadAction\",\"target\":[\"https:\/\/www.cerakotesa.com\/product\/cerakote-s-panel-5-pack-se-506\/\"]}]},{\"@type\":\"ImageObject\",\"inLanguage\":\"it-IT\",\"@id\":\"https:\/\/www.cerakotesa.com\/product\/cerakote-s-panel-5-pack-se-506\/#primaryimage\",\"url\":\"https:\/\/www.cerakotesa.com\/wp-content\/uploads\/2022\/04\/cerakote-s-panel-5-pack-se-506-dt20220408183233397813-thumbnail.jpg\",\"contentUrl\":\"https:\/\/www.cerakotesa.com\/wp-content\/uploads\/2022\/04\/cerakote-s-panel-5-pack-se-506-dt20220408183233397813-thumbnail.jpg\",\"width\":800,\"height\":800},{\"@type\":\"BreadcrumbList\",\"@id\":\"https:\/\/www.cerakotesa.com\/product\/cerakote-s-panel-5-pack-se-506\/#breadcrumb\",\"itemListElement\":[{\"@type\":\"ListItem\",\"position\":1,\"name\":\"Home\",\"item\":\"https:\/\/www.cerakotesa.com\/\"},{\"@type\":\"ListItem\",\"position\":2,\"name\":\"Products\",\"item\":\"https:\/\/www.cerakotesa.com\/shop\/\"},{\"@type\":\"ListItem\",\"position\":3,\"name\":\"CERAKOTE\u00ae S Panel 5 Pack SE-506\"}]},{\"@type\":\"WebSite\",\"@id\":\"https:\/\/www.cerakotesa.com\/#website\",\"url\":\"https:\/\/www.cerakotesa.com\/\",\"name\":\"Cerakote South Africa\",\"description\":\"Cerakote is a global leader in the manufacturing of thin-film protective ceramic coatings\",\"potentialAction\":[{\"@type\":\"SearchAction\",\"target\":{\"@type\":\"EntryPoint\",\"urlTemplate\":\"https:\/\/www.cerakotesa.com\/?s={search_term_string}\"},\"query-input\":{\"@type\":\"PropertyValueSpecification\",\"valueRequired\":true,\"valueName\":\"search_term_string\"}}],\"inLanguage\":\"it-IT\"}]}<\/script>\n<!-- \/ Yoast SEO plugin. -->","yoast_head_json":{"title":"CERAKOTE\u00ae S Panel 5 Pack SE-506 - Cerakote South Africa","robots":{"index":"index","follow":"follow","max-snippet":"max-snippet:-1","max-image-preview":"max-image-preview:large","max-video-preview":"max-video-preview:-1"},"canonical":"https:\/\/www.cerakotesa.com\/it\/prodotto\/cerakote-s-panel-5-pack-se-506\/","og_locale":"it_IT","og_type":"article","og_title":"CERAKOTE\u00ae S Panel 5 Pack SE-506 - Cerakote South Africa","og_description":"One of the most powerful tools for conveying a product is via display.\u00a0S Panels are one of the ways in which we display all our colors on this website, and now we offer that same ability to you.\u00a0Cerakote S Panels are critical for understanding not just color but gloss and sheen at varying angles, that\u2019s why we use them and that\u2019s why you should too. The panels themselves are important because they represent Cerakote in a way in which not many other items can portray such a professional, sleek, and modern image.  Specs:  \u2022 3\u201dW x 5 \u00be\u201dL  \u2022 Laser Cut Aluminum  \u2022 Unlimited Potential  \u2022 Sexy Curves","og_url":"https:\/\/www.cerakotesa.com\/it\/prodotto\/cerakote-s-panel-5-pack-se-506\/","og_site_name":"Cerakote South Africa","article_modified_time":"2026-01-08T12:52:57+00:00","og_image":[{"width":800,"height":800,"url":"https:\/\/www.cerakotesa.com\/wp-content\/uploads\/2022\/04\/cerakote-s-panel-5-pack-se-506-dt20220408183233397813-thumbnail.jpg","type":"image\/jpeg"}],"twitter_card":"summary_large_image","schema":{"@context":"https:\/\/schema.org","@graph":[{"@type":"WebPage","@id":"https:\/\/www.cerakotesa.com\/product\/cerakote-s-panel-5-pack-se-506\/","url":"https:\/\/www.cerakotesa.com\/product\/cerakote-s-panel-5-pack-se-506\/","name":"CERAKOTE\u00ae S Panel 5 Pack SE-506 - Cerakote South Africa","isPartOf":{"@id":"https:\/\/www.cerakotesa.com\/#website"},"primaryImageOfPage":{"@id":"https:\/\/www.cerakotesa.com\/product\/cerakote-s-panel-5-pack-se-506\/#primaryimage"},"image":{"@id":"https:\/\/www.cerakotesa.com\/product\/cerakote-s-panel-5-pack-se-506\/#primaryimage"},"thumbnailUrl":"https:\/\/www.cerakotesa.com\/wp-content\/uploads\/2022\/04\/cerakote-s-panel-5-pack-se-506-dt20220408183233397813-thumbnail.jpg","datePublished":"2022-04-12T09:13:59+00:00","dateModified":"2026-01-08T12:52:57+00:00","breadcrumb":{"@id":"https:\/\/www.cerakotesa.com\/product\/cerakote-s-panel-5-pack-se-506\/#breadcrumb"},"inLanguage":"it-IT","potentialAction":[{"@type":"ReadAction","target":["https:\/\/www.cerakotesa.com\/product\/cerakote-s-panel-5-pack-se-506\/"]}]},{"@type":"ImageObject","inLanguage":"it-IT","@id":"https:\/\/www.cerakotesa.com\/product\/cerakote-s-panel-5-pack-se-506\/#primaryimage","url":"https:\/\/www.cerakotesa.com\/wp-content\/uploads\/2022\/04\/cerakote-s-panel-5-pack-se-506-dt20220408183233397813-thumbnail.jpg","contentUrl":"https:\/\/www.cerakotesa.com\/wp-content\/uploads\/2022\/04\/cerakote-s-panel-5-pack-se-506-dt20220408183233397813-thumbnail.jpg","width":800,"height":800},{"@type":"BreadcrumbList","@id":"https:\/\/www.cerakotesa.com\/product\/cerakote-s-panel-5-pack-se-506\/#breadcrumb","itemListElement":[{"@type":"ListItem","position":1,"name":"Home","item":"https:\/\/www.cerakotesa.com\/"},{"@type":"ListItem","position":2,"name":"Products","item":"https:\/\/www.cerakotesa.com\/shop\/"},{"@type":"ListItem","position":3,"name":"CERAKOTE\u00ae S Panel 5 Pack SE-506"}]},{"@type":"WebSite","@id":"https:\/\/www.cerakotesa.com\/#website","url":"https:\/\/www.cerakotesa.com\/","name":"Cerakote South Africa","description":"Cerakote \u00e8 leader mondiale nella produzione di rivestimenti ceramici protettivi a film sottile.","potentialAction":[{"@type":"SearchAction","target":{"@type":"EntryPoint","urlTemplate":"https:\/\/www.cerakotesa.com\/?s={search_term_string}"},"query-input":{"@type":"PropertyValueSpecification","valueRequired":true,"valueName":"search_term_string"}}],"inLanguage":"it-IT"}]}},"acf":[],"_links":{"self":[{"href":"https:\/\/www.cerakotesa.com\/it\/wp-json\/wp\/v2\/product\/9533","targetHints":{"allow":["GET"]}}],"collection":[{"href":"https:\/\/www.cerakotesa.com\/it\/wp-json\/wp\/v2\/product"}],"about":[{"href":"https:\/\/www.cerakotesa.com\/it\/wp-json\/wp\/v2\/types\/product"}],"replies":[{"embeddable":true,"href":"https:\/\/www.cerakotesa.com\/it\/wp-json\/wp\/v2\/comments?post=9533"}],"wp:featuredmedia":[{"embeddable":true,"href":"https:\/\/www.cerakotesa.com\/it\/wp-json\/wp\/v2\/media\/15666"}],"wp:attachment":[{"href":"https:\/\/www.cerakotesa.com\/it\/wp-json\/wp\/v2\/media?parent=9533"}],"wp:term":[{"taxonomy":"product_brand","embeddable":true,"href":"https:\/\/www.cerakotesa.com\/it\/wp-json\/wp\/v2\/product_brand?post=9533"},{"taxonomy":"product_cat","embeddable":true,"href":"https:\/\/www.cerakotesa.com\/it\/wp-json\/wp\/v2\/product_cat?post=9533"},{"taxonomy":"product_tag","embeddable":true,"href":"https:\/\/www.cerakotesa.com\/it\/wp-json\/wp\/v2\/product_tag?post=9533"}],"curies":[{"name":"wp","href":"https:\/\/api.w.org\/{rel}","templated":true}]}}